{"id":44380,"date":"2026-01-22T17:44:44","date_gmt":"2026-01-22T16:44:44","guid":{"rendered":"https:\/\/www.entelequiacultura.com\/?post_type=product&#038;p=44380"},"modified":"2026-03-30T11:45:02","modified_gmt":"2026-03-30T09:45:02","slug":"inscripcio-gunther-anders-stefania-fantauzzi-2026","status":"publish","type":"product","link":"https:\/\/www.entelequiacultura.com\/ca\/producto\/inscripcio-gunther-anders-stefania-fantauzzi-2026\/","title":{"rendered":"Inscripci\u00f3: G\u00dcNTHER ANDERS: FILOSOFIA D&#8217;OCASI\u00d3 (Stefania Fantauzzi) &#8211; 25 ABR 2026"},"content":{"rendered":"<a href=\"https:\/\/www.entelequiacultura.com\/ca\/esdeveniment\/gunther-anders-2026\/\" target=\"_self\" style='font-size: 20px;' class=\"button vamtam-button accent1  button-filled hover-accent1  alignleft\"><span class=\"btext\">Tornar a la descripci\u00f3 de l&#8217;esdeveniment<\/span><\/a>\n<p>&nbsp;<\/p>\n","protected":false},"excerpt":{"rendered":"<p>&nbsp;<\/p>\n","protected":false},"featured_media":41793,"template":"","meta":{"_price":"80","_stock":"","_tribe_ticket_header":"","_tribe_default_ticket_provider":"","_tribe_ticket_capacity":"9","_ticket_start_date":"","_ticket_end_date":"","_tribe_ticket_show_description":"","_tribe_ticket_show_not_going":false,"_tribe_ticket_use_global_stock":"","_tribe_ticket_global_stock_level":"","_global_stock_mode":"","_global_stock_cap":"","_tribe_rsvp_for_event":"","_tribe_ticket_going_count":"","_tribe_ticket_not_going_count":"","_tribe_tickets_list":"[]","_tribe_ticket_has_attendee_info_fields":false},"product_brand":[],"product_cat":[762,671],"product_tag":[718],"class_list":{"0":"post-44380","1":"product","2":"type-product","3":"status-publish","4":"has-post-thumbnail","6":"product_cat-2026-ca","7":"product_cat-tallers-bcn","8":"product_tag-stefania-fantauzzi-ca","10":"first","11":"instock","12":"shipping-taxable","13":"purchasable","14":"product-type-simple"},"aioseo_notices":[],"_links":{"self":[{"href":"https:\/\/www.entelequiacultura.com\/ca\/wp-json\/wp\/v2\/product\/44380","targetHints":{"allow":["GET"]}}],"collection":[{"href":"https:\/\/www.entelequiacultura.com\/ca\/wp-json\/wp\/v2\/product"}],"about":[{"href":"https:\/\/www.entelequiacultura.com\/ca\/wp-json\/wp\/v2\/types\/product"}],"wp:featuredmedia":[{"embeddable":true,"href":"https:\/\/www.entelequiacultura.com\/ca\/wp-json\/wp\/v2\/media\/41793"}],"wp:attachment":[{"href":"https:\/\/www.entelequiacultura.com\/ca\/wp-json\/wp\/v2\/media?parent=44380"}],"wp:term":[{"taxonomy":"product_brand","embeddable":true,"href":"https:\/\/www.entelequiacultura.com\/ca\/wp-json\/wp\/v2\/product_brand?post=44380"},{"taxonomy":"product_cat","embeddable":true,"href":"https:\/\/www.entelequiacultura.com\/ca\/wp-json\/wp\/v2\/product_cat?post=44380"},{"taxonomy":"product_tag","embeddable":true,"href":"https:\/\/www.entelequiacultura.com\/ca\/wp-json\/wp\/v2\/product_tag?post=44380"}],"curies":[{"name":"wp","href":"https:\/\/api.w.org\/{rel}","templated":true}]}}