{"id":33275,"date":"2020-05-11T17:55:39","date_gmt":"2020-05-11T15:55:39","guid":{"rendered":"https:\/\/www.entelequiacultura.com\/?post_type=product&#038;p=33275"},"modified":"2025-07-18T08:27:04","modified_gmt":"2025-07-18T06:27:04","slug":"sustrato","status":"publish","type":"product","link":"https:\/\/www.entelequiacultura.com\/ca\/producto\/sustrato\/","title":{"rendered":"Sustrato"},"content":{"rendered":"<h2>Sustrato<\/h2>\n<p><em>Antolog\u00eda de narrativa, poes\u00eda, ilustraci\u00f3n y fotograf\u00eda.<\/em><\/p>\n<p><strong>Obras y autores:<\/strong><\/p>\n<p><em>Jim\u00a0|\u00a0<\/em>Sonia Barba.\u00a0<em>La cadena tr\u00f3fica <\/em>| Pedro\u00a0Barsanti. <em>Retrovisor\u00a0|\u00a0<\/em>Alberto Cabello. <em>Corteza\u00a0|\u00a0<\/em>Esther C\u00e1novas.\u00a0<em>Mut dins la g\u00e0bia\u00a0|\u00a0<\/em>Cristina Carrasco. <em>Confluencias\u00a0|\u00a0<\/em>Muriel Chazalon. <em>La manzana verde\u00a0|<\/em>\u00a0Rosa Ana Dom\u00ednguez. <em>Silla\u00a0|\u00a0<\/em>Ernesto Frattarola. <em>El abismo | <\/em>Eugenio\u00a0Gete-Alonso. <em>Las hu\u00e9rfanas\u00a0|\u00a0<\/em>Elena Gonz\u00e1lez. <em>Crom\u00a0|\u00a0<\/em>Anna Gual. <em>Cuatro flores para una mujer |\u00a0<\/em>Anabel Lora. <em>La madriguera | <\/em>Alberto\u00a0Mart\u00ednez. \u00a0<em>Camisas | <\/em>Ale Oseguera. <em>Artesan\u00eda de la isla\u00a0|\u00a0<\/em>Emilio P\u00e9rez. <em>Trabas<\/em>\u00a0|\u00a0Isabel Rodr\u00edguez. <em>Masacre por compasi\u00f3n\u00a0|\u00a0<\/em>Claudia Romera. <em>Local de ensayo\u00a0|\u00a0<\/em>Vicky Romero. <em>Delirio Monterroso\u00a0|\u00a0<\/em>Cecilia Santiago. <em>Mi coraz\u00f3n\u00a0|\u00a0<\/em>\u00d3scar Santos. <em>Vestica\u00a0|<\/em>\u00a0Javier Semper.<\/p>\n<p><strong>Pr\u00f3logos:<\/strong><\/p>\n<p><em>El taller est\u00e1 sucio<\/em>\u00a0|\u00a0Ben Clark.\u00a0<em>Experiencia Entelequia\u00a0<\/em>|\u00a0Sara Mesa<\/p>\n<p><strong>Publicaci\u00f3n: <\/strong>marzo 2020<br \/>\n<strong>Formato:<\/strong> 14 x 21 cm<br \/>\n<strong>Encuadernaci\u00f3n:<\/strong> r\u00fastica con solapas<br \/>\n<strong>P\u00e1ginas:<\/strong> 84<br \/>\n<strong>ISBN: <\/strong>978-84-09-19255-7<\/p>\n<p><strong>PVP:<\/strong> 15 euros<\/p>\n","protected":false},"excerpt":{"rendered":"<p>Sustrato Antolog\u00eda de narrativa, poes\u00eda, ilustraci\u00f3n y fotograf\u00eda. Obras y autores: Jim\u00a0|\u00a0Sonia Barba.\u00a0La cadena tr\u00f3fica | Pedro\u00a0Barsanti. Retrovisor\u00a0|\u00a0Alberto Cabello. Corteza\u00a0|\u00a0Esther C\u00e1novas.\u00a0Mut dins la g\u00e0bia\u00a0|\u00a0Cristina Carrasco. Confluencias\u00a0|\u00a0Muriel Chazalon. La manzana verde\u00a0|\u00a0Rosa&#8230;<\/p>\n","protected":false},"featured_media":33261,"template":"","meta":{"_price":"15","_stock":"0","_tribe_ticket_header":"","_tribe_default_ticket_provider":"","_tribe_ticket_capacity":"34","_ticket_start_date":"","_ticket_end_date":"","_tribe_ticket_show_description":"","_tribe_ticket_show_not_going":false,"_tribe_ticket_use_global_stock":"","_tribe_ticket_global_stock_level":"","_global_stock_mode":"","_global_stock_cap":"","_tribe_rsvp_for_event":"","_tribe_ticket_going_count":"","_tribe_ticket_not_going_count":"","_tribe_tickets_list":"[]","_tribe_ticket_has_attendee_info_fields":false},"product_brand":[],"product_cat":[467],"product_tag":[],"class_list":{"0":"post-33275","1":"product","2":"type-product","3":"status-publish","4":"has-post-thumbnail","6":"product_cat-publicaciones","8":"first","9":"outofstock","10":"shipping-taxable","11":"purchasable","12":"product-type-variable"},"aioseo_notices":[],"_links":{"self":[{"href":"https:\/\/www.entelequiacultura.com\/ca\/wp-json\/wp\/v2\/product\/33275","targetHints":{"allow":["GET"]}}],"collection":[{"href":"https:\/\/www.entelequiacultura.com\/ca\/wp-json\/wp\/v2\/product"}],"about":[{"href":"https:\/\/www.entelequiacultura.com\/ca\/wp-json\/wp\/v2\/types\/product"}],"wp:featuredmedia":[{"embeddable":true,"href":"https:\/\/www.entelequiacultura.com\/ca\/wp-json\/wp\/v2\/media\/33261"}],"wp:attachment":[{"href":"https:\/\/www.entelequiacultura.com\/ca\/wp-json\/wp\/v2\/media?parent=33275"}],"wp:term":[{"taxonomy":"product_brand","embeddable":true,"href":"https:\/\/www.entelequiacultura.com\/ca\/wp-json\/wp\/v2\/product_brand?post=33275"},{"taxonomy":"product_cat","embeddable":true,"href":"https:\/\/www.entelequiacultura.com\/ca\/wp-json\/wp\/v2\/product_cat?post=33275"},{"taxonomy":"product_tag","embeddable":true,"href":"https:\/\/www.entelequiacultura.com\/ca\/wp-json\/wp\/v2\/product_tag?post=33275"}],"curies":[{"name":"wp","href":"https:\/\/api.w.org\/{rel}","templated":true}]}}