{"id":40516,"date":"2024-01-20T20:38:31","date_gmt":"2024-01-20T19:38:31","guid":{"rendered":"https:\/\/www.entelequiacultura.com\/?page_id=40516"},"modified":"2026-02-01T13:33:52","modified_gmt":"2026-02-01T12:33:52","slug":"mario-satz","status":"publish","type":"page","link":"https:\/\/www.entelequiacultura.com\/ca\/mario-satz\/","title":{"rendered":"Mario Satz"},"content":{"rendered":"<div class=\"row \"><div class=\"wpv-grid grid-1-1  wpv-first-level first unextended\" style=\"padding-top:0px;padding-bottom:0px\" id=\"wpv-column-e8bec31e02d9b9f6816d03360647cb3c\" ><div class=\"row \"><div class=\"wpv-grid grid-1-2  first unextended\" style=\"padding-top:0px;padding-bottom:0px\" id=\"wpv-column-01778f49d17111cccfe02f107a37b94d\" ><div class=\"row \"><div class=\"wpv-grid grid-1-1  first unextended\" style=\"padding-top:0px;padding-bottom:0px\" id=\"wpv-column-7a5c88073898b829b96d42bebf9d487e\" ><p><img loading=\"lazy\" decoding=\"async\" class=\"alignnone wp-image-40479 size-full\" src=\"https:\/\/www.entelequiacultura.com\/wp-content\/uploads\/2024\/01\/Mario-Satz.jpeg\" alt=\"\" width=\"650\" height=\"650\" srcset=\"https:\/\/www.entelequiacultura.com\/wp-content\/uploads\/2024\/01\/Mario-Satz.jpeg 650w, https:\/\/www.entelequiacultura.com\/wp-content\/uploads\/2024\/01\/Mario-Satz-300x300.jpeg 300w, https:\/\/www.entelequiacultura.com\/wp-content\/uploads\/2024\/01\/Mario-Satz-150x150.jpeg 150w, https:\/\/www.entelequiacultura.com\/wp-content\/uploads\/2024\/01\/Mario-Satz-60x60.jpeg 60w, https:\/\/www.entelequiacultura.com\/wp-content\/uploads\/2024\/01\/Mario-Satz-43x43.jpeg 43w, https:\/\/www.entelequiacultura.com\/wp-content\/uploads\/2024\/01\/Mario-Satz-106x106.jpeg 106w, https:\/\/www.entelequiacultura.com\/wp-content\/uploads\/2024\/01\/Mario-Satz-555x555.jpeg 555w, https:\/\/www.entelequiacultura.com\/wp-content\/uploads\/2024\/01\/Mario-Satz-360x360.jpeg 360w, https:\/\/www.entelequiacultura.com\/wp-content\/uploads\/2024\/01\/Mario-Satz-262x262.jpeg 262w, https:\/\/www.entelequiacultura.com\/wp-content\/uploads\/2024\/01\/Mario-Satz-600x600.jpeg 600w, https:\/\/www.entelequiacultura.com\/wp-content\/uploads\/2024\/01\/Mario-Satz-100x100.jpeg 100w\" sizes=\"(max-width: 650px) 100vw, 650px\" \/><\/div><\/div><\/div>\n<div class=\"wpv-grid grid-1-2  unextended\" style=\"padding-top:0px;padding-bottom:0px\" id=\"wpv-column-a0c3f8438a45f059f6d63cf14e70729d\" ><div class=\"row \"><div class=\"wpv-grid grid-1-1  first unextended\" style=\"padding-top:0px;padding-bottom:0px\" id=\"wpv-column-fd9f68bc36e1df4c7655722947d9dc70\" ><p>MARIO SATZ (Coronel Pringles, Buenos Aires) \u00e9s fil\u00f2leg, escriptor i traductor. Despr\u00e9s de cursar estudis a l\u2019Argentina, va realitzar llargs viatges per Sud-am\u00e8rica, els Estats Units i Europa. Entre 1970 i 1973 va viure a Jerusalem, on va estudiar la K\u00e1bala, la B\u00edblia i antropologia i hist\u00f2ria d\u2019Orient Mitj\u00e0. En 1977 va rebre una beca del govern itali\u00e0 per a investigar l\u2019obra de l\u2019humanista Pico della Mirandola. Col\u00b7labora ass\u00edduament en nombroses revistes espanyoles i americanes. Ha publicat poemaris, novel\u00b7les i nombrosos assajos.\u00a0Entre altres t\u00edtols, \u00e9s autor de \u00abEl secreto de la miel\u00bb (Huerga Fierro), \u00abBudai. El buda de la risa\u00bb (RBA), \u00abEl abanico de las especies\u00bb (Pre-textos), \u00ab\u00bfQu\u00e9 es la K\u00e1bala?\u00bb(Kair\u00f3s), \u00abEl cantar de los cantares. El aroma del amor\u00bb (Kair\u00f3s), \u00abBreve tratado del a soledad\u00bb (Kair\u00f3s) \u00abPeque\u00f1os para\u00edsos\u00bb (Acantilado), \u00abEl alfabeto alado\u00bb (Acantilado) i \u00abBibliotecas imaginarias\u00bb (Acantilado).<\/div><\/div><\/div><\/div><\/div><\/div>\n\t\t<div class=\"sep-text single centered\">\n\t\t\t\t\t\t\t<span class=\"sep-text-before\"><div class=\"sep-text-line\"><\/div><\/span>\n\t\t\t\t\t\t<div class=\"content\">\n\t\t\t\t<h2 class=\"text-divider-double\">\nEsdeveniments amb l&#8217;autor<\/h2>\t\t\t<\/div>\n\t\t\t<span class=\"sep-text-after\"><div class=\"sep-text-line\"><\/div><\/span>\n\t\t\t\t\t<\/div>\n\t\n<div class=\"row \"><div class=\"wpv-grid grid-1-1  wpv-first-level first extended no-extended-padding\" style=\"padding-top:0px;padding-bottom:0px\" id=\"wpv-column-901a48c30f64ab0bb40eab0bd6436391\" ><div class=\"extended-column-inner\"><div class=\"row \"><div class=\"wpv-grid grid-1-3  first has-background unextended animation-fade-in animated-active\" style=\"\n\t\t\t\tbackground: url('https:\/\/www.entelequiacultura.com\/wp-content\/uploads\/2026\/02\/2.jpg') no-repeat center top;\n\t\t\t\tbackground-size: cover;\n\t\t\t\tbackground-attachment: ;\n\t\t\tbackground-color:#1512f9;padding-top:0px;padding-bottom:20px\" id=\"wpv-column-9cb4577acdc3778d3aa9ab224b8163bf\" ><style>#wpv-column-9cb4577acdc3778d3aa9ab224b8163bf p,#wpv-column-9cb4577acdc3778d3aa9ab224b8163bf em,#wpv-column-9cb4577acdc3778d3aa9ab224b8163bf .column-title,#wpv-column-9cb4577acdc3778d3aa9ab224b8163bf .sep-text h2.regular-title-wrapper,#wpv-column-9cb4577acdc3778d3aa9ab224b8163bf .text-divider-double,#wpv-column-9cb4577acdc3778d3aa9ab224b8163bf .sep-text .sep-text-line,#wpv-column-9cb4577acdc3778d3aa9ab224b8163bf .sep,#wpv-column-9cb4577acdc3778d3aa9ab224b8163bf .sep-2,#wpv-column-9cb4577acdc3778d3aa9ab224b8163bf .sep-3{color:#fff;}#wpv-column-9cb4577acdc3778d3aa9ab224b8163bf:before{background-color:transparent;}<\/style><div class=\"row \"><div class=\"wpv-grid grid-1-1  first unextended animation-zoom-in animated-active\" style=\"padding-top:0px;padding-bottom:0px\" id=\"wpv-column-0c8d263d19101039ca4b2b8a30a9fefc\" ><div class=\"push\" style='height:40px'><\/div>\n<h1 style=\"text-align: center; color: #ffffff;\"><span style=\"color: #ffffff;\">El despertar espiritual<\/span><\/h1>\n<p style=\"text-align: center; color: #ffffff;\"><div class=\"push\" style='height:40px'><\/div>\n<p style=\"text-align: center; color: #ffffff;\"><p class=\"textcenter\"><a href=\"https:\/\/www.entelequiacultura.com\/ca\/esdeveniment\/mario-satz-2026\/\" target=\"_self\" style='font-size: 18px;' class=\"button vamtam-button accent8  button-border hover-accent1 \"><span class=\"btext\">VEURE<\/span><\/a><\/p><\/div><\/div>\n<div class=\"row \"><div class=\"wpv-grid grid-1-1  first unextended\" style=\"padding-top:0px;padding-bottom:0px\" id=\"wpv-column-10371afa40341f4681c306b3bc331ac2\" ><p style=\"text-align: left;\">Seminari<br \/>\n27 de mar\u00e7 2026<\/div><\/div><\/div>\n<div class=\"wpv-grid grid-1-3  has-background unextended animation-fade-in animated-active\" style=\"\n\t\t\t\tbackground: url('https:\/\/www.entelequiacultura.com\/wp-content\/uploads\/2024\/02\/origen-egipcio-kabala-entelequia-cultura.jpg') no-repeat center top;\n\t\t\t\tbackground-size: cover;\n\t\t\t\tbackground-attachment: ;\n\t\t\tbackground-color:#1512f9;padding-top:0px;padding-bottom:20px\" id=\"wpv-column-a78558c05aa3f68b3516dc82861bdc72\" ><style>#wpv-column-a78558c05aa3f68b3516dc82861bdc72 p,#wpv-column-a78558c05aa3f68b3516dc82861bdc72 em,#wpv-column-a78558c05aa3f68b3516dc82861bdc72 .column-title,#wpv-column-a78558c05aa3f68b3516dc82861bdc72 .sep-text h2.regular-title-wrapper,#wpv-column-a78558c05aa3f68b3516dc82861bdc72 .text-divider-double,#wpv-column-a78558c05aa3f68b3516dc82861bdc72 .sep-text .sep-text-line,#wpv-column-a78558c05aa3f68b3516dc82861bdc72 .sep,#wpv-column-a78558c05aa3f68b3516dc82861bdc72 .sep-2,#wpv-column-a78558c05aa3f68b3516dc82861bdc72 .sep-3{color:#fff;}#wpv-column-a78558c05aa3f68b3516dc82861bdc72:before{background-color:transparent;}<\/style><div class=\"row \"><div class=\"wpv-grid grid-1-1  first unextended animation-zoom-in animated-active\" style=\"padding-top:0px;padding-bottom:0px\" id=\"wpv-column-674784fc2713007f3f8d8357678cc031\" ><div class=\"push\" style='height:40px'><\/div>\n<h1 style=\"text-align: center; color: #ffffff;\"><span style=\"color: #ffffff;\">Origens egipcis de la k\u00e0bala<\/span><\/h1>\n<p style=\"text-align: center; color: #ffffff;\"><div class=\"push\" style='height:40px'><\/div>\n<p style=\"text-align: center; color: #ffffff;\"><p class=\"textcenter\"><a href=\"https:\/\/www.entelequiacultura.com\/ca\/esdeveniment\/seminari-mario-satz-2\/\" target=\"_self\" style='font-size: 18px;' class=\"button vamtam-button accent8  button-border hover-accent1 \"><span class=\"btext\">VEURE<\/span><\/a><\/p><\/div><\/div>\n<div class=\"row \"><div class=\"wpv-grid grid-1-1  first unextended\" style=\"padding-top:0px;padding-bottom:0px\" id=\"wpv-column-61719ecee9786988f16c10ec0b736d80\" ><p style=\"text-align: left;\">Seminari<br \/>\n4 de maig 2024<\/div><\/div><\/div>\n<div class=\"wpv-grid grid-1-3  has-background unextended animation-fade-in animated-active\" style=\"\n\t\t\t\tbackground: url('https:\/\/www.entelequiacultura.com\/wp-content\/uploads\/2024\/01\/portada-mario-satz.jpg') no-repeat center top;\n\t\t\t\tbackground-size: cover;\n\t\t\t\tbackground-attachment: ;\n\t\t\tbackground-color:#1512f9;padding-top:0px;padding-bottom:20px\" id=\"wpv-column-f103da04ae594e751e0f5667d24ce227\" ><style>#wpv-column-f103da04ae594e751e0f5667d24ce227 p,#wpv-column-f103da04ae594e751e0f5667d24ce227 em,#wpv-column-f103da04ae594e751e0f5667d24ce227 .column-title,#wpv-column-f103da04ae594e751e0f5667d24ce227 .sep-text h2.regular-title-wrapper,#wpv-column-f103da04ae594e751e0f5667d24ce227 .text-divider-double,#wpv-column-f103da04ae594e751e0f5667d24ce227 .sep-text .sep-text-line,#wpv-column-f103da04ae594e751e0f5667d24ce227 .sep,#wpv-column-f103da04ae594e751e0f5667d24ce227 .sep-2,#wpv-column-f103da04ae594e751e0f5667d24ce227 .sep-3{color:#fff;}#wpv-column-f103da04ae594e751e0f5667d24ce227:before{background-color:transparent;}<\/style><div class=\"row \"><div class=\"wpv-grid grid-1-1  first unextended animation-zoom-in animated-active\" style=\"padding-top:0px;padding-bottom:0px\" id=\"wpv-column-2b1dd010b2cbec0da7cf2a46114f6a58\" ><div class=\"push\" style='height:40px'><\/div>\n<h1 style=\"text-align: center; color: #ffffff;\"><span style=\"color: #ffffff;\">Els c\u00e0ntics de l&#8217;amor<\/span><\/h1>\n<p style=\"text-align: center; color: #ffffff;\"><div class=\"push\" style='height:40px'><\/div>\n<p style=\"text-align: center; color: #ffffff;\"><p class=\"textcenter\"><a href=\"https:\/\/www.entelequiacultura.com\/ca\/esdeveniment\/seminari-mario-satz\/\" target=\"_self\" style='font-size: 18px;' class=\"button vamtam-button accent8  button-border hover-accent1 \"><span class=\"btext\">VEURE<\/span><\/a><\/p><\/div><\/div>\n<div class=\"row \"><div class=\"wpv-grid grid-1-1  first unextended\" style=\"padding-top:0px;padding-bottom:0px\" id=\"wpv-column-f2688b95f6f6bbdc37792186130ea44b\" ><p style=\"text-align: left;\">Seminari<br \/>\n17 de febrer 2024<\/div><\/div><\/div><\/div><\/div><\/div><\/div>\n<div class=\"push\" style='height:10px'><\/div>\n","protected":false},"excerpt":{"rendered":"<p>MARIO SATZ (Coronel Pringles, Buenos Aires) \u00e9s fil\u00f2leg, escriptor i traductor. Despr\u00e9s de cursar estudis a l\u2019Argentina, va realitzar llargs viatges per Sud-am\u00e8rica, els Estats Units i Europa. Entre 1970&#8230;<\/p>\n","protected":false},"author":1,"featured_media":40479,"parent":0,"menu_order":0,"comment_status":"closed","ping_status":"closed","template":"","meta":{"_price":"","_stock":"","_tribe_ticket_header":"","_tribe_default_ticket_provider":"","_tribe_ticket_capacity":"0","_ticket_start_date":"","_ticket_end_date":"","_tribe_ticket_show_description":"","_tribe_ticket_show_not_going":false,"_tribe_ticket_use_global_stock":"","_tribe_ticket_global_stock_level":"","_global_stock_mode":"","_global_stock_cap":"","_tribe_rsvp_for_event":"","_tribe_ticket_going_count":"","_tribe_ticket_not_going_count":"","_tribe_tickets_list":"[]","_tribe_ticket_has_attendee_info_fields":false,"footnotes":"","_tec_slr_enabled":"","_tec_slr_layout":""},"class_list":["post-40516","page","type-page","status-publish","has-post-thumbnail","hentry"],"aioseo_notices":[],"ticketed":false,"_links":{"self":[{"href":"https:\/\/www.entelequiacultura.com\/ca\/wp-json\/wp\/v2\/pages\/40516","targetHints":{"allow":["GET"]}}],"collection":[{"href":"https:\/\/www.entelequiacultura.com\/ca\/wp-json\/wp\/v2\/pages"}],"about":[{"href":"https:\/\/www.entelequiacultura.com\/ca\/wp-json\/wp\/v2\/types\/page"}],"author":[{"embeddable":true,"href":"https:\/\/www.entelequiacultura.com\/ca\/wp-json\/wp\/v2\/users\/1"}],"replies":[{"embeddable":true,"href":"https:\/\/www.entelequiacultura.com\/ca\/wp-json\/wp\/v2\/comments?post=40516"}],"version-history":[{"count":2,"href":"https:\/\/www.entelequiacultura.com\/ca\/wp-json\/wp\/v2\/pages\/40516\/revisions"}],"predecessor-version":[{"id":44487,"href":"https:\/\/www.entelequiacultura.com\/ca\/wp-json\/wp\/v2\/pages\/40516\/revisions\/44487"}],"wp:featuredmedia":[{"embeddable":true,"href":"https:\/\/www.entelequiacultura.com\/ca\/wp-json\/wp\/v2\/media\/40479"}],"wp:attachment":[{"href":"https:\/\/www.entelequiacultura.com\/ca\/wp-json\/wp\/v2\/media?parent=40516"}],"curies":[{"name":"wp","href":"https:\/\/api.w.org\/{rel}","templated":true}]}}