{"id":40379,"date":"2024-01-16T08:27:08","date_gmt":"2024-01-16T07:27:08","guid":{"rendered":"https:\/\/www.entelequiacultura.com\/?page_id=40379"},"modified":"2024-01-20T20:39:30","modified_gmt":"2024-01-20T19:39:30","slug":"agustin-fernandez-mallo","status":"publish","type":"page","link":"https:\/\/www.entelequiacultura.com\/ca\/agustin-fernandez-mallo\/","title":{"rendered":"Agust\u00edn Fern\u00e1ndez Mallo"},"content":{"rendered":"<div class=\"row \"><div class=\"wpv-grid grid-1-1  wpv-first-level first unextended\" style=\"padding-top:0px;padding-bottom:0px\" id=\"wpv-column-932d3906a9051158bed61cedc09fff17\" ><div class=\"row \"><div class=\"wpv-grid grid-1-2  first unextended\" style=\"padding-top:0px;padding-bottom:0px\" id=\"wpv-column-6a3d68e3d03bf46b4cb8b58bc38e6286\" ><div class=\"row \"><div class=\"wpv-grid grid-1-1  first unextended\" style=\"padding-top:0px;padding-bottom:0px\" id=\"wpv-column-b3ae3c99aff6e72f6f09c446c0c697a5\" ><p><div id=\"attachment_40370\" style=\"width: 660px\" class=\"wp-caption alignnone\"><img loading=\"lazy\" decoding=\"async\" aria-describedby=\"caption-attachment-40370\" class=\"wp-image-40370 size-full\" src=\"https:\/\/www.entelequiacultura.com\/wp-content\/uploads\/2024\/01\/Agustin-650.jpg\" alt=\"\" width=\"650\" height=\"650\" srcset=\"https:\/\/www.entelequiacultura.com\/wp-content\/uploads\/2024\/01\/Agustin-650.jpg 650w, https:\/\/www.entelequiacultura.com\/wp-content\/uploads\/2024\/01\/Agustin-650-300x300.jpg 300w, https:\/\/www.entelequiacultura.com\/wp-content\/uploads\/2024\/01\/Agustin-650-150x150.jpg 150w, https:\/\/www.entelequiacultura.com\/wp-content\/uploads\/2024\/01\/Agustin-650-60x60.jpg 60w, https:\/\/www.entelequiacultura.com\/wp-content\/uploads\/2024\/01\/Agustin-650-43x43.jpg 43w, https:\/\/www.entelequiacultura.com\/wp-content\/uploads\/2024\/01\/Agustin-650-106x106.jpg 106w, https:\/\/www.entelequiacultura.com\/wp-content\/uploads\/2024\/01\/Agustin-650-555x555.jpg 555w, https:\/\/www.entelequiacultura.com\/wp-content\/uploads\/2024\/01\/Agustin-650-360x360.jpg 360w, https:\/\/www.entelequiacultura.com\/wp-content\/uploads\/2024\/01\/Agustin-650-262x262.jpg 262w, https:\/\/www.entelequiacultura.com\/wp-content\/uploads\/2024\/01\/Agustin-650-600x600.jpg 600w, https:\/\/www.entelequiacultura.com\/wp-content\/uploads\/2024\/01\/Agustin-650-100x100.jpg 100w\" sizes=\"(max-width: 650px) 100vw, 650px\" \/><p id=\"caption-attachment-40370\" class=\"wp-caption-text\">@ Iv\u00e1n Gim\u00e9nez<\/p><\/div><\/div><\/div><\/div>\n<div class=\"wpv-grid grid-1-2  unextended\" style=\"padding-top:0px;padding-bottom:0px\" id=\"wpv-column-2979f6b91e2362c4db689b936f104301\" ><div class=\"row \"><div class=\"wpv-grid grid-1-1  first unextended\" style=\"padding-top:0px;padding-bottom:0px\" id=\"wpv-column-d38a5b78a29850b2f3a273e05a066f39\" ><p>AGUST\u00cdN FERN\u00c1NDEZ MALLO (La Corunya, 1967), autor de les novel\u00b7les\u00a0<em>El libro de todos los amores<\/em> (Seix Barral), <em>Trilog\u00eda de la guerra<\/em> (Seix Barral, Premio Biblioteca Breve, (en angl\u00e9s\u00a0<em>The Things We\u00b4ve Seen<\/em>, English PEN Award), <em>Proyecto Nocilla\u00a0<\/em>(<em>Nocilla Dream<\/em>, <em>Nocilla Experience<\/em>, <em>Nocilla Lab<\/em>), Premi Millor Llibre Europeu de l&#8217;Any 2022, atorgat en Pa\u00efsos Baixos, <em>El hacedor (de Borges), remake<\/em> y <em>Limbo, <\/em>totes publicades en Alfaguara. Els seus poemaris, alguns dels quals han estat premiats, estan recopilats en <em>Ya nadie se llamar\u00e1 como yo<\/em> (Seix Barral). En assaig \u00e9s autor de <em>Postpoes\u00eda, hacia un nuevo paradigma,\u00a0<\/em>finalista del Premi Anagrama de Assaig, <em>Teor\u00eda general de la basura<\/em> (Galaxia Gutenberg), Premio C\u00e1lamo Extraordinario, <em>La mirada imposible <\/em>(Wunderkammer)<em>, La forma de la multitud <\/em>(I Premio de Ensayo Eugenio Tr\u00edas), i coautor, amb Bernard\u00ed Roig i Fernando Castro Fl\u00f3rez, de <em>Wittgenstein, arquitecto<\/em> (Galaxia Gutenberg).<\/div><\/div><\/div><\/div><\/div><\/div>\n\t\t<div class=\"sep-text single centered\">\n\t\t\t\t\t\t\t<span class=\"sep-text-before\"><div class=\"sep-text-line\"><\/div><\/span>\n\t\t\t\t\t\t<div class=\"content\">\n\t\t\t\t<h2 class=\"text-divider-double\">\nEsdeveniments amb l&#8217;autor<\/h2>\t\t\t<\/div>\n\t\t\t<span class=\"sep-text-after\"><div class=\"sep-text-line\"><\/div><\/span>\n\t\t\t\t\t<\/div>\n\t\n<div class=\"row \"><div class=\"wpv-grid grid-1-1  wpv-first-level first extended no-extended-padding\" style=\"padding-top:0px;padding-bottom:0px\" id=\"wpv-column-c6bb6279d6a81122a2047bc85833406b\" ><div class=\"extended-column-inner\"><div class=\"row \"><div class=\"wpv-grid grid-1-3  first has-background unextended animation-fade-in animated-active\" style=\"\n\t\t\t\tbackground: url('https:\/\/www.entelequiacultura.com\/wp-content\/uploads\/2024\/01\/entelequia-08-copia-scaled.jpg') no-repeat center top;\n\t\t\t\tbackground-size: cover;\n\t\t\t\tbackground-attachment: ;\n\t\t\tbackground-color:#1512f9;padding-top:0px;padding-bottom:20px\" id=\"wpv-column-4f782cb769ea609ef322621365ff287d\" ><style>#wpv-column-4f782cb769ea609ef322621365ff287d p,#wpv-column-4f782cb769ea609ef322621365ff287d em,#wpv-column-4f782cb769ea609ef322621365ff287d .column-title,#wpv-column-4f782cb769ea609ef322621365ff287d .sep-text h2.regular-title-wrapper,#wpv-column-4f782cb769ea609ef322621365ff287d .text-divider-double,#wpv-column-4f782cb769ea609ef322621365ff287d .sep-text .sep-text-line,#wpv-column-4f782cb769ea609ef322621365ff287d .sep,#wpv-column-4f782cb769ea609ef322621365ff287d .sep-2,#wpv-column-4f782cb769ea609ef322621365ff287d .sep-3{color:#fff;}#wpv-column-4f782cb769ea609ef322621365ff287d:before{background-color:transparent;}<\/style><div class=\"row \"><div class=\"wpv-grid grid-1-1  first unextended animation-zoom-in animated-active\" style=\"padding-top:0px;padding-bottom:0px\" id=\"wpv-column-7b9f42e9c4da71d365fae397327bd3ff\" ><div class=\"push\" style='height:40px'><\/div>\n<h1 style=\"text-align: center; color: #ffffff;\"><span style=\"color: #ffffff;\">La realitat i la creaci\u00f3<\/span><\/h1>\n<p style=\"text-align: center; color: #ffffff;\"><div class=\"push\" style='height:40px'><\/div>\n<p style=\"text-align: center; color: #ffffff;\"><p class=\"textcenter\"><a href=\"https:\/\/www.entelequiacultura.com\/ca\/esdeveniment\/realitat-i-creacio\/\" target=\"_self\" style='font-size: 18px;' class=\"button vamtam-button accent8  button-border hover-accent1 \"><span class=\"btext\">VEURE<\/span><\/a><\/p><\/div><\/div>\n<div class=\"row \"><div class=\"wpv-grid grid-1-1  first unextended\" style=\"padding-top:0px;padding-bottom:0px\" id=\"wpv-column-26190f9cf7d1158329df6cae18c27235\" ><p style=\"text-align: left;\">Seminari<br \/>\n6 d&#8217;abril 2024<\/div><\/div><\/div><\/div><\/div><\/div><\/div>\n<div class=\"push\" style='height:10px'><\/div>\n","protected":false},"excerpt":{"rendered":"<p>AGUST\u00cdN FERN\u00c1NDEZ MALLO (La Corunya, 1967), autor de les novel\u00b7les\u00a0El libro de todos los amores (Seix Barral), Trilog\u00eda de la guerra (Seix Barral, Premio Biblioteca Breve, (en angl\u00e9s\u00a0The Things We\u00b4ve&#8230;<\/p>\n","protected":false},"author":1,"featured_media":40370,"parent":0,"menu_order":0,"comment_status":"closed","ping_status":"closed","template":"","meta":{"_price":"","_stock":"","_tribe_ticket_header":"","_tribe_default_ticket_provider":"","_tribe_ticket_capacity":"0","_ticket_start_date":"","_ticket_end_date":"","_tribe_ticket_show_description":"","_tribe_ticket_show_not_going":false,"_tribe_ticket_use_global_stock":"","_tribe_ticket_global_stock_level":"","_global_stock_mode":"","_global_stock_cap":"","_tribe_rsvp_for_event":"","_tribe_ticket_going_count":"","_tribe_ticket_not_going_count":"","_tribe_tickets_list":"[]","_tribe_ticket_has_attendee_info_fields":false,"footnotes":"","_tec_slr_enabled":"","_tec_slr_layout":""},"class_list":["post-40379","page","type-page","status-publish","has-post-thumbnail","hentry"],"aioseo_notices":[],"ticketed":false,"_links":{"self":[{"href":"https:\/\/www.entelequiacultura.com\/ca\/wp-json\/wp\/v2\/pages\/40379","targetHints":{"allow":["GET"]}}],"collection":[{"href":"https:\/\/www.entelequiacultura.com\/ca\/wp-json\/wp\/v2\/pages"}],"about":[{"href":"https:\/\/www.entelequiacultura.com\/ca\/wp-json\/wp\/v2\/types\/page"}],"author":[{"embeddable":true,"href":"https:\/\/www.entelequiacultura.com\/ca\/wp-json\/wp\/v2\/users\/1"}],"replies":[{"embeddable":true,"href":"https:\/\/www.entelequiacultura.com\/ca\/wp-json\/wp\/v2\/comments?post=40379"}],"version-history":[{"count":0,"href":"https:\/\/www.entelequiacultura.com\/ca\/wp-json\/wp\/v2\/pages\/40379\/revisions"}],"wp:featuredmedia":[{"embeddable":true,"href":"https:\/\/www.entelequiacultura.com\/ca\/wp-json\/wp\/v2\/media\/40370"}],"wp:attachment":[{"href":"https:\/\/www.entelequiacultura.com\/ca\/wp-json\/wp\/v2\/media?parent=40379"}],"curies":[{"name":"wp","href":"https:\/\/api.w.org\/{rel}","templated":true}]}}