{"id":38842,"date":"2023-05-07T12:47:45","date_gmt":"2023-05-07T10:47:45","guid":{"rendered":"https:\/\/www.entelequiacultura.com\/?page_id=38842"},"modified":"2025-11-12T08:21:17","modified_gmt":"2025-11-12T07:21:17","slug":"mercedes-serna","status":"publish","type":"page","link":"https:\/\/www.entelequiacultura.com\/ca\/mercedes-serna\/","title":{"rendered":"Mercedes Serna"},"content":{"rendered":"<div class=\"row \"><div class=\"wpv-grid grid-1-1  wpv-first-level first unextended\" style=\"padding-top:0px;padding-bottom:0px\" id=\"wpv-column-9362ff62edcbfaa3cd7e3330bc98b49d\" ><div class=\"row \"><div class=\"wpv-grid grid-1-2  first unextended\" style=\"padding-top:0px;padding-bottom:0px\" id=\"wpv-column-4028925d100337625580e4054483e762\" ><div class=\"row \"><div class=\"wpv-grid grid-1-1  first unextended\" style=\"padding-top:0px;padding-bottom:0px\" id=\"wpv-column-d19026f21662992d5511212a5d3efe45\" ><p><img loading=\"lazy\" decoding=\"async\" class=\"alignnone wp-image-38834 size-full\" src=\"https:\/\/www.entelequiacultura.com\/wp-content\/uploads\/2023\/05\/MERCEDES-SERNA.jpeg\" alt=\"\" width=\"650\" height=\"650\" srcset=\"https:\/\/www.entelequiacultura.com\/wp-content\/uploads\/2023\/05\/MERCEDES-SERNA.jpeg 650w, https:\/\/www.entelequiacultura.com\/wp-content\/uploads\/2023\/05\/MERCEDES-SERNA-300x300.jpeg 300w, https:\/\/www.entelequiacultura.com\/wp-content\/uploads\/2023\/05\/MERCEDES-SERNA-150x150.jpeg 150w, https:\/\/www.entelequiacultura.com\/wp-content\/uploads\/2023\/05\/MERCEDES-SERNA-60x60.jpeg 60w, https:\/\/www.entelequiacultura.com\/wp-content\/uploads\/2023\/05\/MERCEDES-SERNA-43x43.jpeg 43w, https:\/\/www.entelequiacultura.com\/wp-content\/uploads\/2023\/05\/MERCEDES-SERNA-106x106.jpeg 106w, https:\/\/www.entelequiacultura.com\/wp-content\/uploads\/2023\/05\/MERCEDES-SERNA-555x555.jpeg 555w, https:\/\/www.entelequiacultura.com\/wp-content\/uploads\/2023\/05\/MERCEDES-SERNA-360x360.jpeg 360w, https:\/\/www.entelequiacultura.com\/wp-content\/uploads\/2023\/05\/MERCEDES-SERNA-262x262.jpeg 262w, https:\/\/www.entelequiacultura.com\/wp-content\/uploads\/2023\/05\/MERCEDES-SERNA-600x600.jpeg 600w, https:\/\/www.entelequiacultura.com\/wp-content\/uploads\/2023\/05\/MERCEDES-SERNA-100x100.jpeg 100w\" sizes=\"(max-width: 650px) 100vw, 650px\" \/><\/div><\/div><\/div>\n<div class=\"wpv-grid grid-1-2  unextended\" style=\"padding-top:0px;padding-bottom:0px\" id=\"wpv-column-f49e092596c9f8aed7ffe46940d803c8\" ><div class=\"row \"><div class=\"wpv-grid grid-1-1  first unextended\" style=\"padding-top:0px;padding-bottom:0px\" id=\"wpv-column-701b4c3524e2e9384649f162e17c2917\" ><p>MERCEDES SERNA ARNAIZ \u00e9s catedr\u00e0tica de literatura hispanoamericana per la Universitat de Barcelona. Ha coordinat el M\u00e0ster \u201cEstudis avan\u00e7ats en literatura espanyola i hispanoamericana\u201d, en la seva versi\u00f3 presencial (Universitat de Barcelona), i en l\u00ednia (UNIBA).<\/p>\n<p>\u00c9s autora d\u2019assajos sobre Bartolom\u00e9 de las Casas, sor Juana In\u00e9s de la Cruz, Manuel Guti\u00e9rrez N\u00e1jera, Jos\u00e9 Mart\u00ed, Rub\u00e9n Dar\u00edo, Julio Herrera i Reissig, Vicente Huidobro, Pablo Neruda, Jorge Luis Borges, Nicanor Parra o Vargas Llosa, publicats en revistes com a \u00ab\u00cdnsula\u00bb, \u00abCuadernos Hispanoamericanos\u00bb, \u00abAnales de literatura hispanoamericana\u00bb, \u00abMonteagudo\u00bb,\u00a0\u00abAnales de literatura hispanoamericana\u00bb, \u00abMonteagudo\u00bb, \u00abTropel\u00edas\u00bb, \u00abTonos Digital\u00bb, \u00abRevista de Indias\u00bb o \u00abRomances Notes\u00bb<\/p>\n<p>Especialitzada en l&#8217;estudi de les cr\u00f2niques d&#8217;\u00cdndies, ha publicat, entre altres, l&#8217;edici\u00f3 de\u00a0<em>Cr\u00f3nicas de Indias <\/em>(C\u00e1tedra, 2000); la edici\u00f3 filol\u00f2gica de\u00a0<em>Comentarios reales, <\/em>del Inca Garcilaso de la Vega, (Castalia, 2000, reeditats en 2015), l&#8217;edici\u00f3 de <em>La conquista del Nuevo Mundo. Textos y documentos de la aventura americana (<\/em>Castalia, 2013<em>), o <\/em>l&#8217;edici\u00f3 filol\u00f2gica pura de\u00a0<em>Historia de los indios de la Nueva Espa\u00f1a, <\/em>de Fray Toribio de Benavente, \u00abMotolin\u00eda\u00bb (Col\u00b7lecci\u00f3 Anejos, de la Real Academia de la Lengua Espa\u00f1ola, 2015).<\/p>\n<p>Sobre aquesta \u00e8poca ha escrit diversos assajos com els \u201cDiscursos sobre la naturaleza americana: desde el descubrimiento de Am\u00e9rica hasta la visi\u00f3n ilustrada\u201d,\u00a0\u201cEl inca Garcilaso y sus maestros espa\u00f1oles\u201d, \u201cFray Toribio de Motolin\u00eda y la pol\u00edtica colonial espa\u00f1ola: los tributos y las Leyes Nuevas\u201d, o \u201cPrimeras formulaciones occidentales sobre el indio americano: la sorpresa ante su desnudez\u201d.<\/p>\n<p>\u00c9s cofundadora i secret\u00e0ria cient\u00edfica de l&#8217;associaci\u00f3 \u00abCentre d&#8217;Estudis de l&#8217;Am\u00e8rica Colonial\u00bb, registrada nacionalment. Aquesta associaci\u00f3 est\u00e0 formada per fil\u00f2legs, historiadors de la literatura, historiadors i especialistes d&#8217;altres disciplines, la finalitat de les quals \u00e9s la recerca sobre el m\u00f3n americ\u00e0 dels segles XVI a XVIII i amb un prop\u00f2sit de preservaci\u00f3, estudi i divulgaci\u00f3 del patrimoni cultural hispanoameric\u00e0 en relaci\u00f3 amb la cooperaci\u00f3 entre Am\u00e8rica, Europa i Espanya. \u00c9s codirectora de la revista &#8220;Nuevas de Indias&#8221;.<\/div><\/div><\/div><\/div><\/div><\/div>\n\t\t<div class=\"sep-text single centered\">\n\t\t\t\t\t\t\t<span class=\"sep-text-before\"><div class=\"sep-text-line\"><\/div><\/span>\n\t\t\t\t\t\t<div class=\"content\">\n\t\t\t\t<h2 class=\"text-divider-double\">\nEsdeveniments amb l&#8217;autora<\/h2>\t\t\t<\/div>\n\t\t\t<span class=\"sep-text-after\"><div class=\"sep-text-line\"><\/div><\/span>\n\t\t\t\t\t<\/div>\n\t\n<div class=\"row \"><div class=\"wpv-grid grid-1-1  wpv-first-level first extended no-extended-padding\" style=\"padding-top:0px;padding-bottom:0px\" id=\"wpv-column-76c6465b8f7ab81abbd8c885988eb00f\" ><div class=\"extended-column-inner\"><div class=\"row \"><div class=\"wpv-grid grid-1-3  first has-background unextended animation-fade-in animated-active\" style=\"\n\t\t\t\tbackground: url('https:\/\/www.entelequiacultura.com\/wp-content\/uploads\/2025\/11\/Portada-eventos-1280-\u00d7-720-px.jpg') no-repeat center top;\n\t\t\t\tbackground-size: cover;\n\t\t\t\tbackground-attachment: ;\n\t\t\tbackground-color:#1512f9;padding-top:0px;padding-bottom:20px\" id=\"wpv-column-0fe1103a343ae8e0b4a05cf1524e9ec2\" ><style>#wpv-column-0fe1103a343ae8e0b4a05cf1524e9ec2 p,#wpv-column-0fe1103a343ae8e0b4a05cf1524e9ec2 em,#wpv-column-0fe1103a343ae8e0b4a05cf1524e9ec2 .column-title,#wpv-column-0fe1103a343ae8e0b4a05cf1524e9ec2 .sep-text h2.regular-title-wrapper,#wpv-column-0fe1103a343ae8e0b4a05cf1524e9ec2 .text-divider-double,#wpv-column-0fe1103a343ae8e0b4a05cf1524e9ec2 .sep-text .sep-text-line,#wpv-column-0fe1103a343ae8e0b4a05cf1524e9ec2 .sep,#wpv-column-0fe1103a343ae8e0b4a05cf1524e9ec2 .sep-2,#wpv-column-0fe1103a343ae8e0b4a05cf1524e9ec2 .sep-3{color:#fff;}#wpv-column-0fe1103a343ae8e0b4a05cf1524e9ec2:before{background-color:transparent;}<\/style><div class=\"row \"><div class=\"wpv-grid grid-1-1  first unextended animation-zoom-in animated-active\" style=\"padding-top:0px;padding-bottom:0px\" id=\"wpv-column-91fe594ab94a8309432a4bb9cfb7e5dd\" ><div class=\"push\" style='height:40px'><\/div>\n<h1 style=\"text-align: center; color: #ffffff;\"><span style=\"color: #ffffff;\">Tradici\u00f3 i modernitat en sor Juana In\u00e9s de la Cruz<\/span><\/h1>\n<p style=\"text-align: center; color: #ffffff;\"><div class=\"push\" style='height:40px'><\/div>\n<p style=\"text-align: center; color: #ffffff;\"><p class=\"textcenter\"><a href=\"https:\/\/www.entelequiacultura.com\/ca\/esdeveniment\/sor-juana-2026\/\" target=\"_self\" style='font-size: 18px;' class=\"button vamtam-button accent8  button-border hover-accent1 \"><span class=\"btext\">Veure<\/span><\/a><\/p><\/div><\/div>\n<div class=\"row \"><div class=\"wpv-grid grid-1-1  first unextended\" style=\"padding-top:0px;padding-bottom:0px\" id=\"wpv-column-91f1cfbfd229695730ddab9b3c27d45f\" ><p style=\"text-align: left;\">Seminari<br \/>\n7 de febrer 2024<\/div><\/div><\/div>\n<div class=\"wpv-grid grid-1-3  has-background unextended animation-fade-in animated-active\" style=\"\n\t\t\t\tbackground: url('https:\/\/www.entelequiacultura.com\/wp-content\/uploads\/2023\/11\/Cortazar-swing-LVU-636x395-1.jpeg') no-repeat center top;\n\t\t\t\tbackground-size: cover;\n\t\t\t\tbackground-attachment: ;\n\t\t\tbackground-color:#1512f9;padding-top:0px;padding-bottom:20px\" id=\"wpv-column-629a0406fda925bb1231b4ae89d6c3bf\" ><style>#wpv-column-629a0406fda925bb1231b4ae89d6c3bf p,#wpv-column-629a0406fda925bb1231b4ae89d6c3bf em,#wpv-column-629a0406fda925bb1231b4ae89d6c3bf .column-title,#wpv-column-629a0406fda925bb1231b4ae89d6c3bf .sep-text h2.regular-title-wrapper,#wpv-column-629a0406fda925bb1231b4ae89d6c3bf .text-divider-double,#wpv-column-629a0406fda925bb1231b4ae89d6c3bf .sep-text .sep-text-line,#wpv-column-629a0406fda925bb1231b4ae89d6c3bf .sep,#wpv-column-629a0406fda925bb1231b4ae89d6c3bf .sep-2,#wpv-column-629a0406fda925bb1231b4ae89d6c3bf .sep-3{color:#fff;}#wpv-column-629a0406fda925bb1231b4ae89d6c3bf:before{background-color:transparent;}<\/style><div class=\"row \"><div class=\"wpv-grid grid-1-1  first unextended animation-zoom-in animated-active\" style=\"padding-top:0px;padding-bottom:0px\" id=\"wpv-column-0307a9e5a945cc9fe934313cc7bbe0f1\" ><div class=\"push\" style='height:40px'><\/div>\n<h1 style=\"text-align: center; color: #ffffff;\"><span style=\"color: #ffffff;\">Cort\u00e1zar i el jazz (online)<\/span><\/h1>\n<p style=\"text-align: center; color: #ffffff;\"><div class=\"push\" style='height:40px'><\/div>\n<p style=\"text-align: center; color: #ffffff;\"><p class=\"textcenter\"><a href=\"https:\/\/www.entelequiacultura.com\/ca\/esdeveniment\/cortazar\/\" target=\"_self\" style='font-size: 18px;' class=\"button vamtam-button accent8  button-border hover-accent1 \"><span class=\"btext\">Veure<\/span><\/a><\/p><\/div><\/div>\n<div class=\"row \"><div class=\"wpv-grid grid-1-1  first unextended\" style=\"padding-top:0px;padding-bottom:0px\" id=\"wpv-column-91ccc945363a7f7b7d83fab53b9993f8\" ><p style=\"text-align: left;\">Taller online<br \/>\n6 i 7 de febrer 2024<\/div><\/div><\/div>\n<div class=\"wpv-grid grid-1-3  has-background unextended animation-fade-in animated-active\" style=\"\n\t\t\t\tbackground: url('https:\/\/www.entelequiacultura.com\/wp-content\/uploads\/2023\/10\/Portada-sor-juana-1280-\u00d7-720-px.jpg') no-repeat center top;\n\t\t\t\tbackground-size: cover;\n\t\t\t\tbackground-attachment: ;\n\t\t\tbackground-color:#1512f9;padding-top:0px;padding-bottom:20px\" id=\"wpv-column-8a5cd9ad88686db482d69e46abdcf43e\" ><style>#wpv-column-8a5cd9ad88686db482d69e46abdcf43e p,#wpv-column-8a5cd9ad88686db482d69e46abdcf43e em,#wpv-column-8a5cd9ad88686db482d69e46abdcf43e .column-title,#wpv-column-8a5cd9ad88686db482d69e46abdcf43e .sep-text h2.regular-title-wrapper,#wpv-column-8a5cd9ad88686db482d69e46abdcf43e .text-divider-double,#wpv-column-8a5cd9ad88686db482d69e46abdcf43e .sep-text .sep-text-line,#wpv-column-8a5cd9ad88686db482d69e46abdcf43e .sep,#wpv-column-8a5cd9ad88686db482d69e46abdcf43e .sep-2,#wpv-column-8a5cd9ad88686db482d69e46abdcf43e .sep-3{color:#fff;}#wpv-column-8a5cd9ad88686db482d69e46abdcf43e:before{background-color:transparent;}<\/style><div class=\"row \"><div class=\"wpv-grid grid-1-1  first unextended animation-zoom-in animated-active\" style=\"padding-top:0px;padding-bottom:0px\" id=\"wpv-column-1337fc7e0ed17a48027e7eb8a882d4e5\" ><div class=\"push\" style='height:40px'><\/div>\n<h1 style=\"text-align: center; color: #ffffff;\"><span style=\"color: #ffffff;\">Sor Juana In\u00e9s de la Cruz<\/span><\/h1>\n<p style=\"text-align: center; color: #ffffff;\"><div class=\"push\" style='height:40px'><\/div>\n<p style=\"text-align: center; color: #ffffff;\"><p class=\"textcenter\"><a href=\"https:\/\/www.entelequiacultura.com\/ca\/esdeveniment\/sor-juana-ines-de-la-cruz\/\" target=\"_self\" style='font-size: 18px;' class=\"button vamtam-button accent8  button-border hover-accent1 \"><span class=\"btext\">Veure<\/span><\/a><\/p><\/div><\/div>\n<div class=\"row \"><div class=\"wpv-grid grid-1-1  first unextended\" style=\"padding-top:0px;padding-bottom:0px\" id=\"wpv-column-1350721f06f19adf1b44b099543404f4\" ><p style=\"text-align: left;\">Taller<br \/>\n13 de gener 2024<br \/>\nBarcelona<\/div><\/div><\/div><\/div>\n<div class=\"row \"><div class=\"wpv-grid grid-1-3  first has-background unextended animation-fade-in animated-active\" style=\"\n\t\t\t\tbackground: url('https:\/\/www.entelequiacultura.com\/wp-content\/uploads\/2023\/05\/jorge-luis-borges-1406705.jpeg') no-repeat center top;\n\t\t\t\tbackground-size: cover;\n\t\t\t\tbackground-attachment: ;\n\t\t\tbackground-color:#1512f9;padding-top:0px;padding-bottom:20px\" id=\"wpv-column-3b39ed9320962a3b25f62fdc858a6a15\" ><style>#wpv-column-3b39ed9320962a3b25f62fdc858a6a15 p,#wpv-column-3b39ed9320962a3b25f62fdc858a6a15 em,#wpv-column-3b39ed9320962a3b25f62fdc858a6a15 .column-title,#wpv-column-3b39ed9320962a3b25f62fdc858a6a15 .sep-text h2.regular-title-wrapper,#wpv-column-3b39ed9320962a3b25f62fdc858a6a15 .text-divider-double,#wpv-column-3b39ed9320962a3b25f62fdc858a6a15 .sep-text .sep-text-line,#wpv-column-3b39ed9320962a3b25f62fdc858a6a15 .sep,#wpv-column-3b39ed9320962a3b25f62fdc858a6a15 .sep-2,#wpv-column-3b39ed9320962a3b25f62fdc858a6a15 .sep-3{color:#fff;}#wpv-column-3b39ed9320962a3b25f62fdc858a6a15:before{background-color:transparent;}<\/style><div class=\"row \"><div class=\"wpv-grid grid-1-1  first unextended animation-zoom-in animated-active\" style=\"padding-top:0px;padding-bottom:0px\" id=\"wpv-column-547361efee4ddbd3271ee03a7ed3af87\" ><div class=\"push\" style='height:40px'><\/div>\n<h1 style=\"text-align: center; color: #ffffff;\"><span style=\"color: #ffffff;\">Simbologia en la poesia borgiana<\/span><\/h1>\n<p style=\"text-align: center; color: #ffffff;\"><div class=\"push\" style='height:40px'><\/div>\n<p style=\"text-align: center; color: #ffffff;\"><p class=\"textcenter\"><a href=\"https:\/\/www.entelequiacultura.com\/ca\/esdeveniment\/mercedes-serna\/\" target=\"_self\" style='font-size: 18px;' class=\"button vamtam-button accent8  button-border hover-accent1 \"><span class=\"btext\">Veure<\/span><\/a><\/p><\/div><\/div>\n<div class=\"row \"><div class=\"wpv-grid grid-1-1  first unextended\" style=\"padding-top:0px;padding-bottom:0px\" id=\"wpv-column-916a916b7cc68f1a547e574998acac14\" ><p style=\"text-align: left;\">Seminari<br \/>\n9 de setembre 2023<br \/>\nBarcelona<\/div><\/div><\/div><\/div><\/div><\/div><\/div>\n<div class=\"push\" style='height:10px'><\/div>\n","protected":false},"excerpt":{"rendered":"<p>MERCEDES SERNA ARNAIZ \u00e9s catedr\u00e0tica de literatura hispanoamericana per la Universitat de Barcelona. Ha coordinat el M\u00e0ster \u201cEstudis avan\u00e7ats en literatura espanyola i hispanoamericana\u201d, en la seva versi\u00f3 presencial (Universitat&#8230;<\/p>\n","protected":false},"author":1,"featured_media":38834,"parent":0,"menu_order":0,"comment_status":"closed","ping_status":"closed","template":"","meta":{"_price":"","_stock":"","_tribe_ticket_header":"","_tribe_default_ticket_provider":"","_tribe_ticket_capacity":"0","_ticket_start_date":"","_ticket_end_date":"","_tribe_ticket_show_description":"","_tribe_ticket_show_not_going":false,"_tribe_ticket_use_global_stock":"","_tribe_ticket_global_stock_level":"","_global_stock_mode":"","_global_stock_cap":"","_tribe_rsvp_for_event":"","_tribe_ticket_going_count":"","_tribe_ticket_not_going_count":"","_tribe_tickets_list":"[]","_tribe_ticket_has_attendee_info_fields":false,"footnotes":"","_tec_slr_enabled":"","_tec_slr_layout":""},"class_list":["post-38842","page","type-page","status-publish","has-post-thumbnail","hentry"],"aioseo_notices":[],"ticketed":false,"_links":{"self":[{"href":"https:\/\/www.entelequiacultura.com\/ca\/wp-json\/wp\/v2\/pages\/38842","targetHints":{"allow":["GET"]}}],"collection":[{"href":"https:\/\/www.entelequiacultura.com\/ca\/wp-json\/wp\/v2\/pages"}],"about":[{"href":"https:\/\/www.entelequiacultura.com\/ca\/wp-json\/wp\/v2\/types\/page"}],"author":[{"embeddable":true,"href":"https:\/\/www.entelequiacultura.com\/ca\/wp-json\/wp\/v2\/users\/1"}],"replies":[{"embeddable":true,"href":"https:\/\/www.entelequiacultura.com\/ca\/wp-json\/wp\/v2\/comments?post=38842"}],"version-history":[{"count":2,"href":"https:\/\/www.entelequiacultura.com\/ca\/wp-json\/wp\/v2\/pages\/38842\/revisions"}],"predecessor-version":[{"id":43722,"href":"https:\/\/www.entelequiacultura.com\/ca\/wp-json\/wp\/v2\/pages\/38842\/revisions\/43722"}],"wp:featuredmedia":[{"embeddable":true,"href":"https:\/\/www.entelequiacultura.com\/ca\/wp-json\/wp\/v2\/media\/38834"}],"wp:attachment":[{"href":"https:\/\/www.entelequiacultura.com\/ca\/wp-json\/wp\/v2\/media?parent=38842"}],"curies":[{"name":"wp","href":"https:\/\/api.w.org\/{rel}","templated":true}]}}