{"id":37320,"date":"2022-10-02T20:03:15","date_gmt":"2022-10-02T18:03:15","guid":{"rendered":"https:\/\/www.entelequiacultura.com\/?page_id=37320"},"modified":"2024-07-09T13:10:22","modified_gmt":"2024-07-09T11:10:22","slug":"bertaares-2-2","status":"publish","type":"page","link":"https:\/\/www.entelequiacultura.com\/ca\/bertaares-2-2\/","title":{"rendered":"Berta Ares"},"content":{"rendered":"<div class=\"row \"><div class=\"wpv-grid grid-1-1  wpv-first-level first unextended\" style=\"padding-top:0px;padding-bottom:0px\" id=\"wpv-column-52f93a67b26a43a60553d8067fea526c\" ><div class=\"row \"><div class=\"wpv-grid grid-1-2  first unextended\" style=\"padding-top:0px;padding-bottom:0px\" id=\"wpv-column-61451684c9d523032c6c0a5c946abd4c\" ><div class=\"row \"><div class=\"wpv-grid grid-1-1  first unextended\" style=\"padding-top:0px;padding-bottom:0px\" id=\"wpv-column-21b2f8a82ccb41d62d1e41e98ab6044a\" ><p><div id=\"attachment_37322\" style=\"width: 889px\" class=\"wp-caption alignnone\"><img loading=\"lazy\" decoding=\"async\" aria-describedby=\"caption-attachment-37322\" class=\"wp-image-37322 size-full\" src=\"https:\/\/www.entelequiacultura.com\/wp-content\/uploads\/2022\/09\/Berta-Ares-650.jpg\" alt=\"\" width=\"879\" height=\"867\" srcset=\"https:\/\/www.entelequiacultura.com\/wp-content\/uploads\/2022\/09\/Berta-Ares-650.jpg 879w, https:\/\/www.entelequiacultura.com\/wp-content\/uploads\/2022\/09\/Berta-Ares-650-300x296.jpg 300w, https:\/\/www.entelequiacultura.com\/wp-content\/uploads\/2022\/09\/Berta-Ares-650-60x60.jpg 60w, https:\/\/www.entelequiacultura.com\/wp-content\/uploads\/2022\/09\/Berta-Ares-650-43x43.jpg 43w, https:\/\/www.entelequiacultura.com\/wp-content\/uploads\/2022\/09\/Berta-Ares-650-106x106.jpg 106w, https:\/\/www.entelequiacultura.com\/wp-content\/uploads\/2022\/09\/Berta-Ares-650-555x547.jpg 555w, https:\/\/www.entelequiacultura.com\/wp-content\/uploads\/2022\/09\/Berta-Ares-650-360x355.jpg 360w, https:\/\/www.entelequiacultura.com\/wp-content\/uploads\/2022\/09\/Berta-Ares-650-262x258.jpg 262w, https:\/\/www.entelequiacultura.com\/wp-content\/uploads\/2022\/09\/Berta-Ares-650-600x592.jpg 600w, https:\/\/www.entelequiacultura.com\/wp-content\/uploads\/2022\/09\/Berta-Ares-650-100x100.jpg 100w\" sizes=\"(max-width: 879px) 100vw, 879px\" \/><p id=\"caption-attachment-37322\" class=\"wp-caption-text\">\u00a9 Marco Senesi<\/p><\/div><\/div><\/div><\/div>\n<div class=\"wpv-grid grid-1-2  unextended\" style=\"padding-top:0px;padding-bottom:0px\" id=\"wpv-column-3938f83b4f7d7f91fa7a0b3c93a87db0\" ><div class=\"row \"><div class=\"wpv-grid grid-1-1  first unextended\" style=\"padding-top:0px;padding-bottom:0px\" id=\"wpv-column-61538b72df6bcb3a8c1d271205c469c5\" ><p>BERTA ARES Y\u00c1\u00d1EZ \u00e9s escriptora, periodista i investigadora cultural.<\/p>\n<p>Llicenciada en Periodisme per la Universitat Pontif\u00edcia de Salamanca, postgrau de recerca en la Universitat de Tel Aviv (Beca MAEC-AECI), M\u00e0ster en Estudis comparats de Literatura, Art i Pensament per la Universitat Pompeu Fabra, i Doctora en Humanitats per la Universitat Pompeu Fabra amb la tesi \u00abEl mito de la creaci\u00f3n en <em>La leyenda del santo bebedor<\/em>, de Joseph Roth. Contrapo\u00e9tica de redenci\u00f3n en el umbral de la II Guerra Mundial\u00bb. Premi Nacional Tesi Doctoral 2021 SECR i Premi Extraordinari de Doctorat UPF.<\/p>\n<p>Ha publicat en Editorial Acantilado\u00a0<em>La leyenda del santo bebedor, legado y testamento de Joseph Roth<\/em> (2022).<\/p>\n<p>Col\u00b7labora amb mitjans com <em>El Pa\u00eds<\/em>,\u00a0<em>Jot Down<\/em>, <em>Mercurio<\/em>, <em>El Cultural<\/em>, <em>Canal Europa<\/em>, <em>Revista de Letras<\/em> y <em>Letras Libres.<\/em><\/p>\n<p>Forma part de l&#8217;equip de comisariat de Encuentro Internacional de cultura, arte y pensamiento\u00a0Encuentros de Pamplona \/ <a href=\"https:\/\/www.losencuentrosdepamplona.com\/cinco-proyectos-de-creacion-desarrollaran-la-memoria-artistica-de-los-encuentros-de-pamplona-72-22-iruneko-topaketak\/\">\u00a0Iru\u00f1eko Topaketak<\/a> 72\/22\u00a0i de la Bienal de los Encuentros \/<a href=\"https:\/\/www.losencuentrosdepamplona.com\/cinco-proyectos-de-creacion-desarrollaran-la-memoria-artistica-de-los-encuentros-de-pamplona-72-22-iruneko-topaketak\/\">\u00a0Iru\u00f1eko Topaketak<\/a>\u00a0a celebrar en 2024, que dirigeix el poeta i assagista Ram\u00f3n Andr\u00e9s.<\/div><\/div><\/div><\/div><\/div><\/div>\n\t\t<div class=\"sep-text single centered\">\n\t\t\t\t\t\t\t<span class=\"sep-text-before\"><div class=\"sep-text-line\"><\/div><\/span>\n\t\t\t\t\t\t<div class=\"content\">\n\t\t\t\t<h2 class=\"text-divider-double\">\nEsdeveniments amb l&#8217;autora<\/h2>\t\t\t<\/div>\n\t\t\t<span class=\"sep-text-after\"><div class=\"sep-text-line\"><\/div><\/span>\n\t\t\t\t\t<\/div>\n\t\n<div class=\"row \"><div class=\"wpv-grid grid-1-1  wpv-first-level first extended no-extended-padding\" style=\"padding-top:0px;padding-bottom:0px\" id=\"wpv-column-f9b69432e53160a89efd2803bb47330b\" ><div class=\"extended-column-inner\"><div class=\"row \"><div class=\"wpv-grid grid-1-3  first has-background unextended animation-fade-in animated-active\" style=\"\n\t\t\t\tbackground: url('https:\/\/www.entelequiacultura.com\/wp-content\/uploads\/2024\/07\/josep-roth-entelequia-cultura.jpg') no-repeat center top;\n\t\t\t\tbackground-size: cover;\n\t\t\t\tbackground-attachment: ;\n\t\t\tbackground-color:#1512f9;padding-top:0px;padding-bottom:20px\" id=\"wpv-column-1191f3b0fc2fea0b1c8cc8a52eabd3fb\" ><style>#wpv-column-1191f3b0fc2fea0b1c8cc8a52eabd3fb p,#wpv-column-1191f3b0fc2fea0b1c8cc8a52eabd3fb em,#wpv-column-1191f3b0fc2fea0b1c8cc8a52eabd3fb .column-title,#wpv-column-1191f3b0fc2fea0b1c8cc8a52eabd3fb .sep-text h2.regular-title-wrapper,#wpv-column-1191f3b0fc2fea0b1c8cc8a52eabd3fb .text-divider-double,#wpv-column-1191f3b0fc2fea0b1c8cc8a52eabd3fb .sep-text .sep-text-line,#wpv-column-1191f3b0fc2fea0b1c8cc8a52eabd3fb .sep,#wpv-column-1191f3b0fc2fea0b1c8cc8a52eabd3fb .sep-2,#wpv-column-1191f3b0fc2fea0b1c8cc8a52eabd3fb .sep-3{color:#fff;}#wpv-column-1191f3b0fc2fea0b1c8cc8a52eabd3fb:before{background-color:transparent;}<\/style><div class=\"row \"><div class=\"wpv-grid grid-1-1  first unextended animation-zoom-in animated-active\" style=\"padding-top:0px;padding-bottom:0px\" id=\"wpv-column-ce0581d8cbe39414ca511132f43f4f70\" ><div class=\"push\" style='height:40px'><\/div>\n<h1 style=\"text-align: center; color: #ffffff;\"><span style=\"color: #ffffff;\">La imaginaci\u00f3 prof\u00e8tica de Joseph Roth<\/span><\/h1>\n<p style=\"text-align: center; color: #ffffff;\"><div class=\"push\" style='height:40px'><\/div>\n<p style=\"text-align: center; color: #ffffff;\"><p class=\"textcenter\"><a href=\"https:\/\/www.entelequiacultura.com\/ca\/esdeveniment\/joseph-roth-berta-ares\/\" target=\"_self\" style='font-size: 18px;' class=\"button vamtam-button accent8  button-border hover-accent1 \"><span class=\"btext\">VEURE<\/span><\/a><\/p><\/div><\/div>\n<div class=\"row \"><div class=\"wpv-grid grid-1-1  first unextended\" style=\"padding-top:0px;padding-bottom:0px\" id=\"wpv-column-fc066794ce51f59400795b895e301c47\" ><p style=\"text-align: left;\">Seminari<br \/>\n26 octubre 2024<\/div><\/div><\/div>\n<div class=\"wpv-grid grid-1-3  has-background unextended animation-fade-in animated-active\" style=\"\n\t\t\t\tbackground: url('https:\/\/www.entelequiacultura.com\/wp-content\/uploads\/2022\/10\/Chagall-Yo-y-el-pueblo-1911-768x990-1.jpg') no-repeat center top;\n\t\t\t\tbackground-size: cover;\n\t\t\t\tbackground-attachment: ;\n\t\t\tbackground-color:#1512f9;padding-top:0px;padding-bottom:20px\" id=\"wpv-column-af9aea1ba6631759b1365f1b6503c3d3\" ><style>#wpv-column-af9aea1ba6631759b1365f1b6503c3d3 p,#wpv-column-af9aea1ba6631759b1365f1b6503c3d3 em,#wpv-column-af9aea1ba6631759b1365f1b6503c3d3 .column-title,#wpv-column-af9aea1ba6631759b1365f1b6503c3d3 .sep-text h2.regular-title-wrapper,#wpv-column-af9aea1ba6631759b1365f1b6503c3d3 .text-divider-double,#wpv-column-af9aea1ba6631759b1365f1b6503c3d3 .sep-text .sep-text-line,#wpv-column-af9aea1ba6631759b1365f1b6503c3d3 .sep,#wpv-column-af9aea1ba6631759b1365f1b6503c3d3 .sep-2,#wpv-column-af9aea1ba6631759b1365f1b6503c3d3 .sep-3{color:#fff;}#wpv-column-af9aea1ba6631759b1365f1b6503c3d3:before{background-color:transparent;}<\/style><div class=\"row \"><div class=\"wpv-grid grid-1-1  first unextended animation-zoom-in animated-active\" style=\"padding-top:0px;padding-bottom:0px\" id=\"wpv-column-4afa3fcf20f99864e6916aa053a92986\" ><div class=\"push\" style='height:40px'><\/div>\n<h1 style=\"text-align: center; color: #ffffff;\"><span style=\"color: #ffffff;\">Mite: consci\u00e8ncia i quimera<\/span><\/h1>\n<p style=\"text-align: center; color: #ffffff;\"><div class=\"push\" style='height:40px'><\/div>\n<p style=\"text-align: center; color: #ffffff;\"><p class=\"textcenter\"><a href=\"https:\/\/www.entelequiacultura.com\/ca\/esdeveniment\/cursbertaares-2-2\/\" target=\"_self\" style='font-size: 18px;' class=\"button vamtam-button accent8  button-border hover-accent1 \"><span class=\"btext\">VEURE<\/span><\/a><\/p><\/div><\/div>\n<div class=\"row \"><div class=\"wpv-grid grid-1-1  first unextended\" style=\"padding-top:0px;padding-bottom:0px\" id=\"wpv-column-a654cd334a9911be25ea2eecea7ae31e\" ><p style=\"text-align: left;\">Taller presencial<br \/>\n14 gener 2023<\/div><\/div><\/div><\/div><\/div><\/div><\/div>\n<div class=\"push\" style='height:10px'><\/div>\n","protected":false},"excerpt":{"rendered":"<p>BERTA ARES Y\u00c1\u00d1EZ \u00e9s escriptora, periodista i investigadora cultural. Llicenciada en Periodisme per la Universitat Pontif\u00edcia de Salamanca, postgrau de recerca en la Universitat de Tel Aviv (Beca MAEC-AECI), M\u00e0ster&#8230;<\/p>\n","protected":false},"author":1,"featured_media":37322,"parent":0,"menu_order":0,"comment_status":"closed","ping_status":"closed","template":"","meta":{"_price":"","_stock":"","_tribe_ticket_header":"","_tribe_default_ticket_provider":"","_tribe_ticket_capacity":"0","_ticket_start_date":"","_ticket_end_date":"","_tribe_ticket_show_description":"","_tribe_ticket_show_not_going":false,"_tribe_ticket_use_global_stock":"","_tribe_ticket_global_stock_level":"","_global_stock_mode":"","_global_stock_cap":"","_tribe_rsvp_for_event":"","_tribe_ticket_going_count":"","_tribe_ticket_not_going_count":"","_tribe_tickets_list":"[]","_tribe_ticket_has_attendee_info_fields":false,"footnotes":"","_tec_slr_enabled":"","_tec_slr_layout":""},"class_list":["post-37320","page","type-page","status-publish","has-post-thumbnail","hentry"],"aioseo_notices":[],"ticketed":false,"_links":{"self":[{"href":"https:\/\/www.entelequiacultura.com\/ca\/wp-json\/wp\/v2\/pages\/37320","targetHints":{"allow":["GET"]}}],"collection":[{"href":"https:\/\/www.entelequiacultura.com\/ca\/wp-json\/wp\/v2\/pages"}],"about":[{"href":"https:\/\/www.entelequiacultura.com\/ca\/wp-json\/wp\/v2\/types\/page"}],"author":[{"embeddable":true,"href":"https:\/\/www.entelequiacultura.com\/ca\/wp-json\/wp\/v2\/users\/1"}],"replies":[{"embeddable":true,"href":"https:\/\/www.entelequiacultura.com\/ca\/wp-json\/wp\/v2\/comments?post=37320"}],"version-history":[{"count":0,"href":"https:\/\/www.entelequiacultura.com\/ca\/wp-json\/wp\/v2\/pages\/37320\/revisions"}],"wp:featuredmedia":[{"embeddable":true,"href":"https:\/\/www.entelequiacultura.com\/ca\/wp-json\/wp\/v2\/media\/37322"}],"wp:attachment":[{"href":"https:\/\/www.entelequiacultura.com\/ca\/wp-json\/wp\/v2\/media?parent=37320"}],"curies":[{"name":"wp","href":"https:\/\/api.w.org\/{rel}","templated":true}]}}