{"id":37135,"date":"2022-06-02T19:28:03","date_gmt":"2022-06-02T17:28:03","guid":{"rendered":"https:\/\/www.entelequiacultura.com\/?page_id=37135"},"modified":"2022-06-03T08:05:33","modified_gmt":"2022-06-03T06:05:33","slug":"mauriciowiesenthal","status":"publish","type":"page","link":"https:\/\/www.entelequiacultura.com\/ca\/mauriciowiesenthal\/","title":{"rendered":"Mauricio Wiesenthal"},"content":{"rendered":"<div class=\"row \"><div class=\"wpv-grid grid-1-1  wpv-first-level first unextended\" style=\"padding-top:0px;padding-bottom:0px\" id=\"wpv-column-205e30a5215b27fc1f586e7210b8a9a6\" ><div class=\"row \"><div class=\"wpv-grid grid-1-2  first unextended\" style=\"padding-top:0px;padding-bottom:0px\" id=\"wpv-column-407f1d886f7bc6533883266a960fe72f\" ><div class=\"row \"><div class=\"wpv-grid grid-1-1  first unextended\" style=\"padding-top:0px;padding-bottom:0px\" id=\"wpv-column-41d52b5d6d742f7b996b6adfd4acd612\" ><p><img loading=\"lazy\" decoding=\"async\" class=\"alignnone wp-image-37138 size-full\" src=\"https:\/\/www.entelequiacultura.com\/wp-content\/uploads\/2022\/05\/MauricioWiesenthalt-650.jpg\" alt=\"\" width=\"658\" height=\"658\" srcset=\"https:\/\/www.entelequiacultura.com\/wp-content\/uploads\/2022\/05\/MauricioWiesenthalt-650.jpg 658w, https:\/\/www.entelequiacultura.com\/wp-content\/uploads\/2022\/05\/MauricioWiesenthalt-650-300x300.jpg 300w, https:\/\/www.entelequiacultura.com\/wp-content\/uploads\/2022\/05\/MauricioWiesenthalt-650-150x150.jpg 150w, https:\/\/www.entelequiacultura.com\/wp-content\/uploads\/2022\/05\/MauricioWiesenthalt-650-60x60.jpg 60w, https:\/\/www.entelequiacultura.com\/wp-content\/uploads\/2022\/05\/MauricioWiesenthalt-650-43x43.jpg 43w, https:\/\/www.entelequiacultura.com\/wp-content\/uploads\/2022\/05\/MauricioWiesenthalt-650-106x106.jpg 106w, https:\/\/www.entelequiacultura.com\/wp-content\/uploads\/2022\/05\/MauricioWiesenthalt-650-555x555.jpg 555w, https:\/\/www.entelequiacultura.com\/wp-content\/uploads\/2022\/05\/MauricioWiesenthalt-650-360x360.jpg 360w, https:\/\/www.entelequiacultura.com\/wp-content\/uploads\/2022\/05\/MauricioWiesenthalt-650-262x262.jpg 262w, https:\/\/www.entelequiacultura.com\/wp-content\/uploads\/2022\/05\/MauricioWiesenthalt-650-600x600.jpg 600w, https:\/\/www.entelequiacultura.com\/wp-content\/uploads\/2022\/05\/MauricioWiesenthalt-650-100x100.jpg 100w\" sizes=\"(max-width: 658px) 100vw, 658px\" \/><\/div><\/div><\/div>\n<div class=\"wpv-grid grid-1-2  unextended\" style=\"padding-top:0px;padding-bottom:0px\" id=\"wpv-column-725f9075dce2eb562752b3383b613db5\" ><div class=\"row \"><div class=\"wpv-grid grid-1-1  first unextended\" style=\"padding-top:0px;padding-bottom:0px\" id=\"wpv-column-a2b34e10824bce008da9938b69837a8c\" ><p>MAURICIO WIESENTHAL, a m\u00e9s d&#8217;escriptor, ha estat professor d&#8217;Hist\u00f2ria de la Cultura i conferenciant convidat en diverses universitats i institucions internacionals. El seu pensament i el seu estil literari s\u00f3n hereus del gran llegat cultural europeu.<\/p>\n<p>Destaquen els seus assajos <em>La belle \u00e9poque del Orient Express\u00a0<\/em>(1979) i <em>Imagen de Espa\u00f1a<\/em> (1984) i la novel\u00b7la <em>El testamento de Nobel<\/em> (1985), la seva \u00abTrilogia europea\u00bb (<em>Libro de R\u00e9quiems<\/em>, 2004; <em>El esnobismo de las golondrinas<\/em>, 2007; y <em>Luz de v\u00edsperas<\/em>, 2008), aix\u00ed com\u00a0<em>Siguiendo mi camino<\/em> (2013), <em>Rainer Maria Rilke: el vidente y lo oculto<\/em>\u00a0(2015), <em>La hispanibundia <\/em>(2018),<em> Orient-Express<\/em> (2020) y <em>El derecho a disentir <\/em>(2021).<\/p>\n<p>Tamb\u00e9 \u00e9s autor de nombrosos llibres sobre les cultures precolombines d&#8217;Am\u00e8rica (<i>Yucat\u00e1n y la civilizaci\u00f3n maya<\/i>, <i>Los dioses de Teotihuac\u00e1n<\/i>). Tamb\u00e9 \u00e9s autor de mig centenar de guies i llibres de viatges, publicats en angl\u00e8s, franc\u00e8s, itali\u00e0 i alemany, i d&#8217;obres de divulgaci\u00f3 m\u00e8dica.<\/p>\n<p>\u00c9s Premi Estat Cr\u00edtic al millor assaig per <em>Siguiendo mi camino<\/em> (Acantilado, 2013), Medalla d&#8217;Or al m\u00e8rit de les Belles arts de l&#8217;Estat Espanyol i I Premi Revista d&#8217;Occident-\u00c0mbit Cultural. Tamb\u00e9 va ser guardonat amb la Copa d&#8217;Or dels En\u00f2legs de Catalunya.<\/div><\/div><\/div><\/div><\/div><\/div>\n\t\t<div class=\"sep-text single centered\">\n\t\t\t\t\t\t\t<span class=\"sep-text-before\"><div class=\"sep-text-line\"><\/div><\/span>\n\t\t\t\t\t\t<div class=\"content\">\n\t\t\t\t<h2 class=\"text-divider-double\">\nEsdeveniments amb l&#8217;autor<\/h2>\t\t\t<\/div>\n\t\t\t<span class=\"sep-text-after\"><div class=\"sep-text-line\"><\/div><\/span>\n\t\t\t\t\t<\/div>\n\t\n<div class=\"row \"><div class=\"wpv-grid grid-1-1  wpv-first-level first extended no-extended-padding\" style=\"padding-top:0px;padding-bottom:0px\" id=\"wpv-column-bd8879efc16ff8d62b34a6386bbf0e13\" ><div class=\"extended-column-inner\"><div class=\"row \"><div class=\"wpv-grid grid-1-3  first has-background unextended animation-fade-in animated-active\" style=\"\n\t\t\t\tbackground: url('https:\/\/www.entelequiacultura.com\/wp-content\/uploads\/2022\/06\/GWCV1210-scaled.jpeg') no-repeat center top;\n\t\t\t\tbackground-size: cover;\n\t\t\t\tbackground-attachment: ;\n\t\t\tbackground-color:#1512f9;padding-top:0px;padding-bottom:20px\" id=\"wpv-column-cb40edc784dd102b7ae7f93ff9bd65fd\" ><style>#wpv-column-cb40edc784dd102b7ae7f93ff9bd65fd p,#wpv-column-cb40edc784dd102b7ae7f93ff9bd65fd em,#wpv-column-cb40edc784dd102b7ae7f93ff9bd65fd .column-title,#wpv-column-cb40edc784dd102b7ae7f93ff9bd65fd .sep-text h2.regular-title-wrapper,#wpv-column-cb40edc784dd102b7ae7f93ff9bd65fd .text-divider-double,#wpv-column-cb40edc784dd102b7ae7f93ff9bd65fd .sep-text .sep-text-line,#wpv-column-cb40edc784dd102b7ae7f93ff9bd65fd .sep,#wpv-column-cb40edc784dd102b7ae7f93ff9bd65fd .sep-2,#wpv-column-cb40edc784dd102b7ae7f93ff9bd65fd .sep-3{color:#fff;}#wpv-column-cb40edc784dd102b7ae7f93ff9bd65fd:before{background-color:transparent;}<\/style><div class=\"row \"><div class=\"wpv-grid grid-1-1  first unextended animation-zoom-in animated-active\" style=\"padding-top:0px;padding-bottom:0px\" id=\"wpv-column-44be3d029b83cfb0f76ae8d88aff9f6e\" ><div class=\"push\" style='height:40px'><\/div>\n<h1 style=\"text-align: center; color: #ffffff;\"><span style=\"color: #ffffff;\">Els llocs i els mestres de &#8220;l&#8217;esprit&#8221; europeu<\/span><\/h1>\n<p style=\"text-align: center; color: #ffffff;\"><div class=\"push\" style='height:40px'><\/div>\n<p style=\"text-align: center; color: #ffffff;\"><p class=\"textcenter\"><a href=\"https:\/\/www.entelequiacultura.com\/ca\/evento\/retirmauriciowiesenthal\/\" target=\"_self\" style='font-size: 18px;' class=\"button vamtam-button accent8  button-border hover-accent1 \"><span class=\"btext\">VEURE<\/span><\/a><\/p><\/div><\/div>\n<div class=\"row \"><div class=\"wpv-grid grid-1-1  first unextended\" style=\"padding-top:0px;padding-bottom:0px\" id=\"wpv-column-e43aff2824659e53d0ff84e64f8173af\" ><p style=\"text-align: left;\">Retir Cultural<br \/>\nHotel La Sala de Cam\u00f3s (Cam\u00f3s, Girona)<br \/>\n23 a 25 de setembre 2022<\/div><\/div><\/div><\/div><\/div><\/div><\/div>\n<div class=\"push\" style='height:10px'><\/div>\n","protected":false},"excerpt":{"rendered":"<p>MAURICIO WIESENTHAL, a m\u00e9s d&#8217;escriptor, ha estat professor d&#8217;Hist\u00f2ria de la Cultura i conferenciant convidat en diverses universitats i institucions internacionals. El seu pensament i el seu estil literari s\u00f3n&#8230;<\/p>\n","protected":false},"author":1,"featured_media":37138,"parent":0,"menu_order":0,"comment_status":"closed","ping_status":"closed","template":"","meta":{"_price":"","_stock":"","_tribe_ticket_header":"","_tribe_default_ticket_provider":"","_tribe_ticket_capacity":"0","_ticket_start_date":"","_ticket_end_date":"","_tribe_ticket_show_description":"","_tribe_ticket_show_not_going":false,"_tribe_ticket_use_global_stock":"","_tribe_ticket_global_stock_level":"","_global_stock_mode":"","_global_stock_cap":"","_tribe_rsvp_for_event":"","_tribe_ticket_going_count":"","_tribe_ticket_not_going_count":"","_tribe_tickets_list":"[]","_tribe_ticket_has_attendee_info_fields":false,"footnotes":"","_tec_slr_enabled":"","_tec_slr_layout":""},"class_list":["post-37135","page","type-page","status-publish","has-post-thumbnail","hentry"],"aioseo_notices":[],"ticketed":false,"_links":{"self":[{"href":"https:\/\/www.entelequiacultura.com\/ca\/wp-json\/wp\/v2\/pages\/37135","targetHints":{"allow":["GET"]}}],"collection":[{"href":"https:\/\/www.entelequiacultura.com\/ca\/wp-json\/wp\/v2\/pages"}],"about":[{"href":"https:\/\/www.entelequiacultura.com\/ca\/wp-json\/wp\/v2\/types\/page"}],"author":[{"embeddable":true,"href":"https:\/\/www.entelequiacultura.com\/ca\/wp-json\/wp\/v2\/users\/1"}],"replies":[{"embeddable":true,"href":"https:\/\/www.entelequiacultura.com\/ca\/wp-json\/wp\/v2\/comments?post=37135"}],"version-history":[{"count":0,"href":"https:\/\/www.entelequiacultura.com\/ca\/wp-json\/wp\/v2\/pages\/37135\/revisions"}],"wp:featuredmedia":[{"embeddable":true,"href":"https:\/\/www.entelequiacultura.com\/ca\/wp-json\/wp\/v2\/media\/37138"}],"wp:attachment":[{"href":"https:\/\/www.entelequiacultura.com\/ca\/wp-json\/wp\/v2\/media?parent=37135"}],"curies":[{"name":"wp","href":"https:\/\/api.w.org\/{rel}","templated":true}]}}