{"id":35329,"date":"2021-05-26T15:37:15","date_gmt":"2021-05-26T13:37:15","guid":{"rendered":"https:\/\/www.entelequiacultura.com\/?page_id=35329"},"modified":"2024-01-29T09:03:11","modified_gmt":"2024-01-29T08:03:11","slug":"mariaalcantarilla","status":"publish","type":"page","link":"https:\/\/www.entelequiacultura.com\/ca\/mariaalcantarilla\/","title":{"rendered":"Mar\u00eda Alcantarilla"},"content":{"rendered":"<div class=\"row \"><div class=\"wpv-grid grid-1-1  wpv-first-level first unextended\" style=\"padding-top:0px;padding-bottom:0px\" id=\"wpv-column-986f7987519453877833460e9a40a3e0\" ><div class=\"row \"><div class=\"wpv-grid grid-1-2  first unextended\" style=\"padding-top:0px;padding-bottom:0px\" id=\"wpv-column-92e9c5f61d5883bd625f5e4e3ee08caf\" ><div class=\"row \"><div class=\"wpv-grid grid-1-1  first unextended\" style=\"padding-top:0px;padding-bottom:0px\" id=\"wpv-column-3af5815fabb30d7432e96021df853bbe\" ><p><img loading=\"lazy\" decoding=\"async\" class=\"wp-image-35330 size-large\" src=\"https:\/\/www.entelequiacultura.com\/wp-content\/uploads\/2021\/05\/IMG_20201029_202329-01-01-1024x895.jpeg\" alt=\"\" width=\"1024\" height=\"895\" srcset=\"https:\/\/www.entelequiacultura.com\/wp-content\/uploads\/2021\/05\/IMG_20201029_202329-01-01-1024x895.jpeg 1024w, https:\/\/www.entelequiacultura.com\/wp-content\/uploads\/2021\/05\/IMG_20201029_202329-01-01-300x262.jpeg 300w, https:\/\/www.entelequiacultura.com\/wp-content\/uploads\/2021\/05\/IMG_20201029_202329-01-01-1536x1342.jpeg 1536w, https:\/\/www.entelequiacultura.com\/wp-content\/uploads\/2021\/05\/IMG_20201029_202329-01-01-2048x1790.jpeg 2048w, https:\/\/www.entelequiacultura.com\/wp-content\/uploads\/2021\/05\/IMG_20201029_202329-01-01-1140x996.jpeg 1140w, https:\/\/www.entelequiacultura.com\/wp-content\/uploads\/2021\/05\/IMG_20201029_202329-01-01-555x485.jpeg 555w, https:\/\/www.entelequiacultura.com\/wp-content\/uploads\/2021\/05\/IMG_20201029_202329-01-01-360x315.jpeg 360w, https:\/\/www.entelequiacultura.com\/wp-content\/uploads\/2021\/05\/IMG_20201029_202329-01-01-262x229.jpeg 262w, https:\/\/www.entelequiacultura.com\/wp-content\/uploads\/2021\/05\/IMG_20201029_202329-01-01-600x524.jpeg 600w\" sizes=\"(max-width: 1024px) 100vw, 1024px\" \/><\/div><\/div><\/div>\n<div class=\"wpv-grid grid-1-2  unextended\" style=\"padding-top:0px;padding-bottom:0px\" id=\"wpv-column-bcfd69db5e5cc981fe76543d30baa691\" ><div class=\"row \"><div class=\"wpv-grid grid-1-1  first unextended\" style=\"padding-top:0px;padding-bottom:0px\" id=\"wpv-column-e39d5d1f6880627929907add050ec980\" ><p>MAR\u00cdA ALCANTARILLA, llicenciada en Periodisme, \u00e9s autora d&#8217;<i>Ella: invierno <\/i>(Granada, Valpara\u00edso, 2014), <i>La edad de la ignorancia <\/i>(Madrid, Visor, 2017, Premio Internacional de Poes\u00eda Hermanos Argensola), <i>Introducci\u00f3n al l\u00edmite <\/i>(Sevilla, Fundaci\u00f3n Jos\u00e9 Manuel Lara, 2019, Premio de los Libreros Independientes espa\u00f1oles), a part del volum de poesia visual <i>El agua de tu sombra <\/i>(Musa a las 9, 2012, I Premio de Poes\u00eda Multimedia Poemad), <i>La verdad y su doble <\/i>(Son\u00e1mbulos, 2016), una antologia visual de la poesia espanyola contempor\u00e0nea, la novel\u00b7la <i>Un acto solitario <\/i>(Sevilla, Isla de Siltol\u00e1, 2017) i l&#8217;antolog\u00eda de poesia femenina <i>El cielo de abajo. La escritura del cuerpo en 13 poetas hispanoamericanas <\/i>(Sevilla, Fundaci\u00f3n Jos\u00e9 Manuel Lara, 2021).<\/p>\n<p><span class=\"Apple-converted-space\">A m\u00e9s, ha treballat en art audiovisual, pintura i fotografia. La seva obra ha estat exposada en galeries d&#8217;art contemporani com a Colorida Art Gallery (Lisboa), Carolina Rojo (Saragossa) o Slowtrack (Madrid), dirigida per Marta Moriarty, i ha dut a terme col\u00b7laboracions gr\u00e0fiques amb editorials i mitjans de comunicaci\u00f3 com El Pa\u00eds, Le Monde Diplomatique o El Rapto de Europa, i amb altres narradors espanyols com Juan Bonilla.<\/span><\/p>\n<p>Ha estat professora de Llengua i Literatura en la Universitat de Cadis.<\/div><\/div><\/div><\/div><\/div><\/div>\n\t\t<div class=\"sep-text single centered\">\n\t\t\t\t\t\t\t<span class=\"sep-text-before\"><div class=\"sep-text-line\"><\/div><\/span>\n\t\t\t\t\t\t<div class=\"content\">\n\t\t\t\t<h2 class=\"text-divider-double\">\nCursos i activitats amb l&#8217;autora<\/h2>\t\t\t<\/div>\n\t\t\t<span class=\"sep-text-after\"><div class=\"sep-text-line\"><\/div><\/span>\n\t\t\t\t\t<\/div>\n\t\n<div class=\"row \"><div class=\"wpv-grid grid-1-1  wpv-first-level first extended no-extended-padding\" style=\"padding-top:0px;padding-bottom:0px\" id=\"wpv-column-d0dbd41a511012006c757b5b90ce5e67\" ><div class=\"extended-column-inner\"><div class=\"row \"><div class=\"wpv-grid grid-1-3  first has-background unextended animation-fade-in animated-active\" style=\"\n\t\t\t\tbackground: url('https:\/\/www.entelequiacultura.com\/wp-content\/uploads\/2021\/10\/562ff890-d98b-4d39-9ccf-aa0520f4102c.jpeg') no-repeat center top;\n\t\t\t\tbackground-size: cover;\n\t\t\t\tbackground-attachment: ;\n\t\t\tbackground-color:#1512f9;padding-top:0px;padding-bottom:20px\" id=\"wpv-column-e911fee12ed566f6ff2faab410bf1f92\" ><style>#wpv-column-e911fee12ed566f6ff2faab410bf1f92 p,#wpv-column-e911fee12ed566f6ff2faab410bf1f92 em,#wpv-column-e911fee12ed566f6ff2faab410bf1f92 .column-title,#wpv-column-e911fee12ed566f6ff2faab410bf1f92 .sep-text h2.regular-title-wrapper,#wpv-column-e911fee12ed566f6ff2faab410bf1f92 .text-divider-double,#wpv-column-e911fee12ed566f6ff2faab410bf1f92 .sep-text .sep-text-line,#wpv-column-e911fee12ed566f6ff2faab410bf1f92 .sep,#wpv-column-e911fee12ed566f6ff2faab410bf1f92 .sep-2,#wpv-column-e911fee12ed566f6ff2faab410bf1f92 .sep-3{color:#fff;}#wpv-column-e911fee12ed566f6ff2faab410bf1f92:before{background-color:transparent;}<\/style><div class=\"row \"><div class=\"wpv-grid grid-1-1  first unextended animation-zoom-in animated-active\" style=\"padding-top:0px;padding-bottom:0px\" id=\"wpv-column-19578e2a551415c68389be68e0a65d3c\" ><div class=\"push\" style='height:40px'><\/div>\n<h1 style=\"text-align: center; color: #ffffff;\"><span style=\"color: #ffffff;\">l&#8217;escriptura diar\u00edstica com a projecte literari<\/span><\/h1>\n<p style=\"text-align: center; color: #ffffff;\"><div class=\"push\" style='height:40px'><\/div>\n<p style=\"text-align: center; color: #ffffff;\"><p class=\"textcenter\"><a href=\"https:\/\/www.entelequiacultura.com\/ca\/esdeveniment\/retirmariaalcantarilla\/\" target=\"_self\" style='font-size: 18px;' class=\"button vamtam-button accent8  button-border hover-accent1 \"><span class=\"btext\">+INFO<\/span><\/a><\/p><\/div><\/div>\n<div class=\"row \"><div class=\"wpv-grid grid-1-1  first unextended\" style=\"padding-top:0px;padding-bottom:0px\" id=\"wpv-column-16e0833e932664d5cb6897f65ada4cac\" ><p style=\"text-align: right;\">Retir Cultural<br \/>\nDel 26 al 28 de novembre 2021<br \/>\nJerez de la Frontera, Cadis<\/div><\/div><\/div>\n<div class=\"wpv-grid grid-1-3  has-background unextended animation-fade-in animated-active\" style=\"\n\t\t\t\tbackground: url('https:\/\/www.entelequiacultura.com\/wp-content\/uploads\/2021\/05\/recortada-copia.jpg') no-repeat center top;\n\t\t\t\tbackground-size: cover;\n\t\t\t\tbackground-attachment: ;\n\t\t\tbackground-color:#1512f9;padding-top:0px;padding-bottom:20px\" id=\"wpv-column-6a9084cd8632b742f4cbc56c089de16a\" ><style>#wpv-column-6a9084cd8632b742f4cbc56c089de16a p,#wpv-column-6a9084cd8632b742f4cbc56c089de16a em,#wpv-column-6a9084cd8632b742f4cbc56c089de16a .column-title,#wpv-column-6a9084cd8632b742f4cbc56c089de16a .sep-text h2.regular-title-wrapper,#wpv-column-6a9084cd8632b742f4cbc56c089de16a .text-divider-double,#wpv-column-6a9084cd8632b742f4cbc56c089de16a .sep-text .sep-text-line,#wpv-column-6a9084cd8632b742f4cbc56c089de16a .sep,#wpv-column-6a9084cd8632b742f4cbc56c089de16a .sep-2,#wpv-column-6a9084cd8632b742f4cbc56c089de16a .sep-3{color:#fff;}#wpv-column-6a9084cd8632b742f4cbc56c089de16a:before{background-color:transparent;}<\/style><div class=\"row \"><div class=\"wpv-grid grid-1-1  first unextended animation-zoom-in animated-active\" style=\"padding-top:0px;padding-bottom:0px\" id=\"wpv-column-52d1aad17841bf887f46a468a45cd11c\" ><div class=\"push\" style='height:40px'><\/div>\n<h1 style=\"text-align: center; color: #ffffff;\"><span style=\"color: #ffffff;\">Escriptura biogr\u00e0fica i autoretrat<\/span><\/h1>\n<p style=\"text-align: center; color: #ffffff;\"><div class=\"push\" style='height:40px'><\/div>\n<p style=\"text-align: center; color: #ffffff;\"><p class=\"textcenter\"><a href=\"https:\/\/www.entelequiacultura.com\/ca\/esdeveniment\/escriturabiograficayautorretrato\/\" target=\"_self\" style='font-size: 18px;' class=\"button vamtam-button accent8  button-border hover-accent1 \"><span class=\"btext\">+INFO<\/span><\/a><\/p><\/div><\/div>\n<div class=\"row \"><div class=\"wpv-grid grid-1-1  first unextended\" style=\"padding-top:0px;padding-bottom:0px\" id=\"wpv-column-b5d76729aad6d2422da9b22ae47cb27a\" ><p style=\"text-align: right;\">Curs online<br \/>\nDel 15 de septembre al 19 d&#8217;octubre 2021<\/div><\/div><\/div><\/div><\/div><\/div><\/div>\n<div class=\"push\" style='height:10px'><\/div>\n","protected":false},"excerpt":{"rendered":"<p>MAR\u00cdA ALCANTARILLA, llicenciada en Periodisme, \u00e9s autora d&#8217;Ella: invierno (Granada, Valpara\u00edso, 2014), La edad de la ignorancia (Madrid, Visor, 2017, Premio Internacional de Poes\u00eda Hermanos Argensola), Introducci\u00f3n al l\u00edmite (Sevilla,&#8230;<\/p>\n","protected":false},"author":1,"featured_media":35331,"parent":0,"menu_order":0,"comment_status":"closed","ping_status":"closed","template":"","meta":{"_price":"","_stock":"","_tribe_ticket_header":"","_tribe_default_ticket_provider":"","_tribe_ticket_capacity":"0","_ticket_start_date":"","_ticket_end_date":"","_tribe_ticket_show_description":"","_tribe_ticket_show_not_going":false,"_tribe_ticket_use_global_stock":"","_tribe_ticket_global_stock_level":"","_global_stock_mode":"","_global_stock_cap":"","_tribe_rsvp_for_event":"","_tribe_ticket_going_count":"","_tribe_ticket_not_going_count":"","_tribe_tickets_list":"[]","_tribe_ticket_has_attendee_info_fields":false,"footnotes":"","_tec_slr_enabled":"","_tec_slr_layout":""},"class_list":["post-35329","page","type-page","status-publish","has-post-thumbnail","hentry"],"aioseo_notices":[],"ticketed":false,"_links":{"self":[{"href":"https:\/\/www.entelequiacultura.com\/ca\/wp-json\/wp\/v2\/pages\/35329","targetHints":{"allow":["GET"]}}],"collection":[{"href":"https:\/\/www.entelequiacultura.com\/ca\/wp-json\/wp\/v2\/pages"}],"about":[{"href":"https:\/\/www.entelequiacultura.com\/ca\/wp-json\/wp\/v2\/types\/page"}],"author":[{"embeddable":true,"href":"https:\/\/www.entelequiacultura.com\/ca\/wp-json\/wp\/v2\/users\/1"}],"replies":[{"embeddable":true,"href":"https:\/\/www.entelequiacultura.com\/ca\/wp-json\/wp\/v2\/comments?post=35329"}],"version-history":[{"count":0,"href":"https:\/\/www.entelequiacultura.com\/ca\/wp-json\/wp\/v2\/pages\/35329\/revisions"}],"wp:featuredmedia":[{"embeddable":true,"href":"https:\/\/www.entelequiacultura.com\/ca\/wp-json\/wp\/v2\/media\/35331"}],"wp:attachment":[{"href":"https:\/\/www.entelequiacultura.com\/ca\/wp-json\/wp\/v2\/media?parent=35329"}],"curies":[{"name":"wp","href":"https:\/\/api.w.org\/{rel}","templated":true}]}}