{"id":33260,"date":"2020-05-11T21:42:59","date_gmt":"2020-05-11T19:42:59","guid":{"rendered":"https:\/\/www.entelequiacultura.com\/?page_id=33260"},"modified":"2021-11-19T21:49:39","modified_gmt":"2021-11-19T20:49:39","slug":"publicaciones","status":"publish","type":"page","link":"https:\/\/www.entelequiacultura.com\/ca\/publicaciones\/","title":{"rendered":"Publicacions"},"content":{"rendered":"\t\t<div class=\"sep-text single centered\">\n\t\t\t\t\t\t\t<span class=\"sep-text-before\"><div class=\"sep-text-line\"><\/div><\/span>\n\t\t\t\t\t\t<div class=\"content\">\n\t\t\t\t\n<h1>Les nostres publicacions<\/h1>\n\t\t\t<\/div>\n\t\t\t<span class=\"sep-text-after\"><div class=\"sep-text-line\"><\/div><\/span>\n\t\t\t\t\t<\/div>\n\t\n<div class=\"row \"><div class=\"wpv-grid grid-1-1  wpv-first-level first unextended\" style=\"padding-top:0px;padding-bottom:0px\" id=\"wpv-column-3d12f5e9189854a4f9f432f0f5b72cb3\" ><div class=\"row \"><div class=\"wpv-grid grid-1-3  first unextended\" style=\"padding-top:0px;padding-bottom:0px\" id=\"wpv-column-74fb0338880bb271874ec18c8c9a20d4\" ><div class=\"row \"><div class=\"wpv-grid grid-1-1  first unextended\" style=\"padding-top:0px;padding-bottom:0px\" id=\"wpv-column-d1a51e562227e2a4bc95d67330149a10\" ><p><img loading=\"lazy\" decoding=\"async\" class=\"alignnone wp-image-33261 size-large\" src=\"https:\/\/www.entelequiacultura.com\/wp-content\/uploads\/2020\/05\/EC-722x1024.jpg\" alt=\"\" width=\"722\" height=\"1024\" srcset=\"https:\/\/www.entelequiacultura.com\/wp-content\/uploads\/2020\/05\/EC-722x1024.jpg 722w, https:\/\/www.entelequiacultura.com\/wp-content\/uploads\/2020\/05\/EC-211x300.jpg 211w, https:\/\/www.entelequiacultura.com\/wp-content\/uploads\/2020\/05\/EC-768x1090.jpg 768w, https:\/\/www.entelequiacultura.com\/wp-content\/uploads\/2020\/05\/EC-1140x1618.jpg 1140w, https:\/\/www.entelequiacultura.com\/wp-content\/uploads\/2020\/05\/EC-555x788.jpg 555w, https:\/\/www.entelequiacultura.com\/wp-content\/uploads\/2020\/05\/EC-360x511.jpg 360w, https:\/\/www.entelequiacultura.com\/wp-content\/uploads\/2020\/05\/EC-262x372.jpg 262w, https:\/\/www.entelequiacultura.com\/wp-content\/uploads\/2020\/05\/EC-600x851.jpg 600w\" sizes=\"(max-width: 722px) 100vw, 722px\" \/><\/p>\n<p><strong>Publicaci\u00f3: <\/strong>mar\u00e7 2020<br \/>\n<strong>Format:<\/strong> 14 x 21 cm<br \/>\n<strong>Encuadernaci\u00f3:<\/strong> r\u00fastica con solapas<br \/>\n<strong>Impresi\u00f3:<\/strong> 4 \/ 4 color<br \/>\n<strong>P\u00e0gines:<\/strong> 84<br \/>\n<strong>ISBN: <\/strong>978-84-09-19255-7<\/div><\/div><\/div>\n<div class=\"wpv-grid grid-1-2  unextended\" style=\"padding-top:0px;padding-bottom:0px\" id=\"wpv-column-0a1dcb1e50a1405ca83c6caab4513e70\" ><div class=\"row \"><div class=\"wpv-grid grid-1-1  first unextended\" style=\"padding-top:0px;padding-bottom:0px\" id=\"wpv-column-c6fd193b732bfa4e458b86603c4dd294\" ><h2>Sustrato<\/h2>\n<p><em>Antologia de narrativa, poesia, il\u00b7lustraci\u00f3 i fotografia.<\/em><\/p>\n<p>Les creacions incloses en aquest llibre s\u00f3n obra d&#8217;algunes persones que van participar en les trobades culturals realitzades per Entel\u00e8quia durant els anys 2018 i 2019.<\/p>\n<p><strong>Obres i autors:<\/strong><\/p>\n<p><em>Jim<\/em>\u00a0| Sonia Barba.\u00a0<em>La cadena tr\u00f3fica<\/em> | Pedro\u00a0Barsanti. <em>Retrovisor\u00a0<\/em>|\u00a0Alberto Cabello. <em>Corteza\u00a0<\/em>|\u00a0Esther C\u00e1novas.\u00a0<em>Mut dins la g\u00e0bia\u00a0<\/em>|\u00a0Cristina Carrasco. <em>Confluencias\u00a0<\/em>|\u00a0Muriel Chazalon. <em>La manzana verde\u00a0<\/em>|\u00a0Rosa Ana Dom\u00ednguez. <em>Silla\u00a0<\/em>|\u00a0Ernesto Frattarola. <em>El abismo <\/em>| Eugenio\u00a0Gete-Alonso. <em>Las hu\u00e9rfanas\u00a0<\/em>|\u00a0Elena Gonz\u00e1lez. <em>Crom\u00a0<\/em>|\u00a0Anna Gual. <em>Cuatro flores para una mujer <\/em>|\u00a0Anabel Lora. <em>La madriguera <\/em>| Alberto\u00a0Mart\u00ednez. <em>Camisas <\/em>| Ale Oseguera. <em>Artesan\u00eda de la isla\u00a0<\/em>|\u00a0Emilio P\u00e9rez. <em>Trabas<\/em>\u00a0|\u00a0Isabel Rodr\u00edguez. <em>Masacre por compasi\u00f3n\u00a0<\/em>| Claudia Romera. <em>Local de ensayo\u00a0<\/em>|\u00a0Vicky Romero. <em>Delirio Monterroso<\/em>\u00a0|\u00a0Cecilia Santiago. <em>Mi coraz\u00f3n\u00a0<\/em>| \u00d3scar Santos. <em>Vestica\u00a0<\/em>| Javier Semper.<\/p>\n<p><strong>Pr\u00f2legs:<\/strong><\/p>\n<p><em>El taller est\u00e1 sucio<\/em>\u00a0| Ben\u00a0Clark.\u00a0<em>Experiencia Entelequia<\/em>\u00a0|\u00a0Sara Mesa<\/div><\/div><\/div><\/div><\/div><\/div>\n<div class=\"row \"><div class=\"wpv-grid grid-1-1  wpv-first-level first unextended\" style=\"padding-top:0px;padding-bottom:0px\" id=\"wpv-column-e6fac4fd1e31a13a055cddc5fd86980d\" ><div class=\"row \"><div class=\"wpv-grid grid-1-1  first unextended\" style=\"padding-top:0px;padding-bottom:0px\" id=\"wpv-column-f4de098437778b2bfa05810f7d31b382\" ><p><strong>PVP:<\/strong> 15 euros<\/p>\n<a href=\"https:\/\/www.entelequiacultura.com\/producto\/sustrato\/\" target=\"_blank\" style='font-size: 16px;' class=\"button vamtam-button accent1  button-filled hover-accent1  alignleft\"><span class=\"btext\"><span class='icon shortcode  ' style='font-size:16px !important;'>&#57472;<\/span> Comprar<\/span><\/a><\/div><\/div><\/div><\/div>\n<div class=\"push\" style='height:10px'><\/div>\n","protected":false},"excerpt":{"rendered":"<p>Publicaci\u00f3: mar\u00e7 2020 Format: 14 x 21 cm Encuadernaci\u00f3: r\u00fastica con solapas Impresi\u00f3: 4 \/ 4 color P\u00e0gines: 84 ISBN: 978-84-09-19255-7 Sustrato Antologia de narrativa, poesia, il\u00b7lustraci\u00f3 i fotografia. Les&#8230;<\/p>\n","protected":false},"author":1,"featured_media":33262,"parent":0,"menu_order":0,"comment_status":"closed","ping_status":"closed","template":"","meta":{"_price":"","_stock":"","_tribe_ticket_header":"","_tribe_default_ticket_provider":"","_tribe_ticket_capacity":"0","_ticket_start_date":"","_ticket_end_date":"","_tribe_ticket_show_description":"","_tribe_ticket_show_not_going":false,"_tribe_ticket_use_global_stock":"","_tribe_ticket_global_stock_level":"","_global_stock_mode":"","_global_stock_cap":"","_tribe_rsvp_for_event":"","_tribe_ticket_going_count":"","_tribe_ticket_not_going_count":"","_tribe_tickets_list":"[]","_tribe_ticket_has_attendee_info_fields":false,"footnotes":"","_tec_slr_enabled":"","_tec_slr_layout":""},"class_list":["post-33260","page","type-page","status-publish","has-post-thumbnail","hentry"],"aioseo_notices":[],"ticketed":false,"_links":{"self":[{"href":"https:\/\/www.entelequiacultura.com\/ca\/wp-json\/wp\/v2\/pages\/33260","targetHints":{"allow":["GET"]}}],"collection":[{"href":"https:\/\/www.entelequiacultura.com\/ca\/wp-json\/wp\/v2\/pages"}],"about":[{"href":"https:\/\/www.entelequiacultura.com\/ca\/wp-json\/wp\/v2\/types\/page"}],"author":[{"embeddable":true,"href":"https:\/\/www.entelequiacultura.com\/ca\/wp-json\/wp\/v2\/users\/1"}],"replies":[{"embeddable":true,"href":"https:\/\/www.entelequiacultura.com\/ca\/wp-json\/wp\/v2\/comments?post=33260"}],"version-history":[{"count":0,"href":"https:\/\/www.entelequiacultura.com\/ca\/wp-json\/wp\/v2\/pages\/33260\/revisions"}],"wp:featuredmedia":[{"embeddable":true,"href":"https:\/\/www.entelequiacultura.com\/ca\/wp-json\/wp\/v2\/media\/33262"}],"wp:attachment":[{"href":"https:\/\/www.entelequiacultura.com\/ca\/wp-json\/wp\/v2\/media?parent=33260"}],"curies":[{"name":"wp","href":"https:\/\/api.w.org\/{rel}","templated":true}]}}