{"id":31674,"date":"2019-11-25T16:56:15","date_gmt":"2019-11-25T15:56:15","guid":{"rendered":"https:\/\/www.entelequiacultura.com\/?page_id=31674"},"modified":"2025-11-12T08:08:13","modified_gmt":"2025-11-12T07:08:13","slug":"socios","status":"publish","type":"page","link":"https:\/\/www.entelequiacultura.com\/ca\/socios\/","title":{"rendered":"Socis"},"content":{"rendered":"<div class=\"row \"><div class=\"wpv-grid grid-1-1  wpv-first-level first extended no-extended-padding\" style=\"padding-top:0px;padding-bottom:0px\" id=\"wpv-column-b6ab542868de957f67e1a3fa6ec382dd\" ><div class=\"extended-column-inner\">\t\t<div class=\"sep-text single centered\">\n\t\t\t\t\t\t\t<span class=\"sep-text-before\"><div class=\"sep-text-line\"><\/div><\/span>\n\t\t\t\t\t\t<div class=\"content\">\n\t\t\t\t\n<h1>Associa&#8217;t amb Entel\u00e8quia<\/h1>\n\t\t\t<\/div>\n\t\t\t<span class=\"sep-text-after\"><div class=\"sep-text-line\"><\/div><\/span>\n\t\t\t\t\t<\/div>\n\t\n<div class=\"row \"><div class=\"wpv-grid grid-1-1  first unextended\" style=\"padding-top:0px;padding-bottom:0px\" id=\"wpv-column-1969beff57fa6cea269eaf6133f6ea55\" ><p><img loading=\"lazy\" decoding=\"async\" class=\"aligncenter wp-image-41368 size-large\" src=\"https:\/\/www.entelequiacultura.com\/wp-content\/uploads\/2024\/06\/ENTELEQUIA-CULTURA-1024x576.jpg\" alt=\"\" width=\"1024\" height=\"576\" srcset=\"https:\/\/www.entelequiacultura.com\/wp-content\/uploads\/2024\/06\/ENTELEQUIA-CULTURA-1024x576.jpg 1024w, https:\/\/www.entelequiacultura.com\/wp-content\/uploads\/2024\/06\/ENTELEQUIA-CULTURA-300x169.jpg 300w, https:\/\/www.entelequiacultura.com\/wp-content\/uploads\/2024\/06\/ENTELEQUIA-CULTURA-1140x641.jpg 1140w, https:\/\/www.entelequiacultura.com\/wp-content\/uploads\/2024\/06\/ENTELEQUIA-CULTURA-555x312.jpg 555w, https:\/\/www.entelequiacultura.com\/wp-content\/uploads\/2024\/06\/ENTELEQUIA-CULTURA-360x203.jpg 360w, https:\/\/www.entelequiacultura.com\/wp-content\/uploads\/2024\/06\/ENTELEQUIA-CULTURA-262x147.jpg 262w, https:\/\/www.entelequiacultura.com\/wp-content\/uploads\/2024\/06\/ENTELEQUIA-CULTURA-600x338.jpg 600w, https:\/\/www.entelequiacultura.com\/wp-content\/uploads\/2024\/06\/ENTELEQUIA-CULTURA.jpg 1280w\" sizes=\"(max-width: 1024px) 100vw, 1024px\" \/><\/div><\/div>\n<div class=\"row \"><div class=\"wpv-grid grid-1-1  first unextended\" style=\"padding-top:0px;padding-bottom:0px\" id=\"wpv-column-566878103ff575e0bc78347ee701e98b\" ><h3 style=\"text-align: left;\">Contraprestacions<\/h3>\n<ul>\n<li style=\"text-align: left;\">Informaci\u00f3 anticipada sobre nous esdeveniments<\/li>\n<li style=\"text-align: left;\">Prioritat en la selecci\u00f3 de pla\u00e7a<\/li>\n<li style=\"text-align: left;\">Descomptes del 10% en tallers i retirs<\/li>\n<\/ul>\n<h3 style=\"text-align: left;\">Aportaci\u00f3 anual<\/h3>\n<ul>\n<li style=\"text-align: left;\">120\u20ac per a gaudir del descompte en tots els cursos d&#8217;un dia<\/li>\n<li>175\u20ac per a gaudir del descompte en tots els cursos d&#8217;un dia i els retirs de cap de setmana<\/li>\n<\/ul>\n<p>Aquesta aportaci\u00f3 t\u00e9 vig\u00e8ncia per a les activitats que es realitzin durant l&#8217;any <strong>2026<\/strong>.<\/p>\n<h3 style=\"text-align: left;\">Funcionament<\/h3>\n<p style=\"text-align: left;\">Una vegada et subscriguis, rebr\u00e0s un codi personal\u00a0qu\u00e8 haur\u00e0s d&#8217;introduir en inscriure&#8217;t en qualsevol esdeveniment\u00a0i s&#8217;aplicar\u00e0 el descompte de forma autom\u00e0tica.<\/p>\n<h3>L\u00edmits d&#8217;\u00fas<\/h3>\n<ul>\n<li>Una pla\u00e7a per activitat<\/li>\n<\/ul>\n<blockquote>\n<h3 style=\"text-align: left;\">A m\u00e9s d&#8217;aquests avantatges, associant-te amb Entel\u00e8quia impulses un projecte cultural de qualitat!<\/h3>\n<\/blockquote>\n<a href=\"https:\/\/www.entelequiacultura.com\/ca\/producto\/socios\/\" target=\"_self\" style='font-size: 20px;' class=\"button vamtam-button accent1  btn_inscripcion button-filled hover-accent1  alignleft\"><span class=\"btext\">Vull associar-me!<\/span><\/a>\n<h3 style=\"text-align: center;\"><\/h3><\/div><\/div><\/div><\/div><\/div>\n","protected":false},"excerpt":{"rendered":"<p>Contraprestacions Informaci\u00f3 anticipada sobre nous esdeveniments Prioritat en la selecci\u00f3 de pla\u00e7a Descomptes del 10% en tallers i retirs Aportaci\u00f3 anual 120\u20ac per a gaudir del descompte en tots els&#8230;<\/p>\n","protected":false},"author":1,"featured_media":27351,"parent":0,"menu_order":0,"comment_status":"closed","ping_status":"closed","template":"","meta":{"_price":"","_stock":"","_tribe_ticket_header":"","_tribe_default_ticket_provider":"","_tribe_ticket_capacity":"0","_ticket_start_date":"","_ticket_end_date":"","_tribe_ticket_show_description":"","_tribe_ticket_show_not_going":false,"_tribe_ticket_use_global_stock":"","_tribe_ticket_global_stock_level":"","_global_stock_mode":"","_global_stock_cap":"","_tribe_rsvp_for_event":"","_tribe_ticket_going_count":"","_tribe_ticket_not_going_count":"","_tribe_tickets_list":"[]","_tribe_ticket_has_attendee_info_fields":false,"footnotes":"","_tec_slr_enabled":"","_tec_slr_layout":""},"class_list":["post-31674","page","type-page","status-publish","has-post-thumbnail","hentry"],"aioseo_notices":[],"ticketed":false,"_links":{"self":[{"href":"https:\/\/www.entelequiacultura.com\/ca\/wp-json\/wp\/v2\/pages\/31674","targetHints":{"allow":["GET"]}}],"collection":[{"href":"https:\/\/www.entelequiacultura.com\/ca\/wp-json\/wp\/v2\/pages"}],"about":[{"href":"https:\/\/www.entelequiacultura.com\/ca\/wp-json\/wp\/v2\/types\/page"}],"author":[{"embeddable":true,"href":"https:\/\/www.entelequiacultura.com\/ca\/wp-json\/wp\/v2\/users\/1"}],"replies":[{"embeddable":true,"href":"https:\/\/www.entelequiacultura.com\/ca\/wp-json\/wp\/v2\/comments?post=31674"}],"version-history":[{"count":1,"href":"https:\/\/www.entelequiacultura.com\/ca\/wp-json\/wp\/v2\/pages\/31674\/revisions"}],"predecessor-version":[{"id":43715,"href":"https:\/\/www.entelequiacultura.com\/ca\/wp-json\/wp\/v2\/pages\/31674\/revisions\/43715"}],"wp:featuredmedia":[{"embeddable":true,"href":"https:\/\/www.entelequiacultura.com\/ca\/wp-json\/wp\/v2\/media\/27351"}],"wp:attachment":[{"href":"https:\/\/www.entelequiacultura.com\/ca\/wp-json\/wp\/v2\/media?parent=31674"}],"curies":[{"name":"wp","href":"https:\/\/api.w.org\/{rel}","templated":true}]}}