{"id":31060,"date":"2019-07-27T10:00:12","date_gmt":"2019-07-27T08:00:12","guid":{"rendered":"https:\/\/www.entelequiacultura.com\/?page_id=31060"},"modified":"2021-12-10T10:47:44","modified_gmt":"2021-12-10T09:47:44","slug":"gines-cuttillas","status":"publish","type":"page","link":"https:\/\/www.entelequiacultura.com\/ca\/gines-cuttillas\/","title":{"rendered":"Gin\u00e9s S. Cutillas"},"content":{"rendered":"<div class=\"row \"><div class=\"wpv-grid grid-1-1  wpv-first-level first unextended\" style=\"padding-top:0px;padding-bottom:0px\" id=\"wpv-column-f8f3c5792bdfb2d1edcd47ef238b8034\" ><div class=\"row \"><div class=\"wpv-grid grid-1-2  first unextended\" style=\"padding-top:0px;padding-bottom:0px\" id=\"wpv-column-39d6d8cd1f5f1a0d15f698b30f69efdd\" ><div class=\"row \"><div class=\"wpv-grid grid-1-1  first unextended\" style=\"padding-top:0px;padding-bottom:0px\" id=\"wpv-column-4bc5ae12b047862cce150f0dc7d4cbf4\" ><p><img loading=\"lazy\" decoding=\"async\" class=\"alignnone wp-image-31065 size-full\" src=\"https:\/\/www.entelequiacultura.com\/wp-content\/uploads\/2019\/07\/foto-original-copia.jpg\" alt=\"\" width=\"750\" height=\"849\" srcset=\"https:\/\/www.entelequiacultura.com\/wp-content\/uploads\/2019\/07\/foto-original-copia.jpg 750w, https:\/\/www.entelequiacultura.com\/wp-content\/uploads\/2019\/07\/foto-original-copia-265x300.jpg 265w, https:\/\/www.entelequiacultura.com\/wp-content\/uploads\/2019\/07\/foto-original-copia-555x628.jpg 555w, https:\/\/www.entelequiacultura.com\/wp-content\/uploads\/2019\/07\/foto-original-copia-360x408.jpg 360w, https:\/\/www.entelequiacultura.com\/wp-content\/uploads\/2019\/07\/foto-original-copia-262x297.jpg 262w, https:\/\/www.entelequiacultura.com\/wp-content\/uploads\/2019\/07\/foto-original-copia-600x679.jpg 600w\" sizes=\"(max-width: 750px) 100vw, 750px\" \/><\/div><\/div><\/div>\n<div class=\"wpv-grid grid-1-2  unextended\" style=\"padding-top:0px;padding-bottom:0px\" id=\"wpv-column-39cb93bf3cf5556b4b87a2509ea0b43f\" ><div class=\"row \"><div class=\"wpv-grid grid-1-1  first unextended\" style=\"padding-top:0px;padding-bottom:0px\" id=\"wpv-column-b681b2ba1bed37b627ba4d3413b7ecf7\" ><p>GIN\u00c9S S. CUTILLAS \u00e9s enginyer inform\u00e0tic per la Universitat Polit\u00e8cnica de Val\u00e8ncia i llicenciat en Documentaci\u00f3 per la Universitat de Granada<\/p>\n<p>Autor de\u00a0<em>La biblioteca de la vida<\/em><em>\u00a0<\/em>(Fundaci\u00f3n Drac, 2007),\u00a0<em>Un koala en el armario<\/em>\u00a0(Cuadernos del Vig\u00eda, 2010; Pre-Textos, 2021),\u00a0<em>La sociedad del duelo<\/em><em>\u00a0<\/em>(Editorial Base, 2013),\u00a0<em>Los sempiternos<\/em>\u00a0(Editorial Base, 2015),\u00a0<em>Lo bueno, si breve, etc. Dec\u00e1logo pr\u00e1ctico del microrrelato<\/em>\u00a0(Editorial Base, 2016),\u00a0<em>Vosotros, los muertos<\/em><em>\u00a0<\/em>(Cuadernos del Vig\u00eda, 2016), <em>Mil rusos muertos<\/em> (S\u00edlex, 2019) i <em>El diablo tras el jard\u00edn<\/em> (Pre-Textos, 2021) .\u00a0Com antologador, ha recopilat els microrelats de la revista <em>Quimera<\/em>en\u00a0<em>Los pescadores de perlas\u00a0<\/em>(Montesinos, 2019).La seva obra ha aparegut tamb\u00e9 en varies antologies de relats i microrelats i ha rebut nombrosos premis i reconeixements.<\/p>\n<p>\u00c9s professor de la\u00a0Escola d\u2019Escriptors, codirector de\u00a0<em>Quimera. Revista de Literatura<\/em> i coordinador literari en el programa Todos somos sospechosos de Radio 3 (Radio Nacional de Espa\u00f1a).Ha impartit tallers, confer\u00e8ncies i participat en taules rodones en diferents universitats i centres (Universitat Aut\u00f2noma de Barcelona, Universitat de Lexington, Institut Iberoameric\u00e0 de Berl\u00edn, Fira del Llibre de Buenos Aires, Fira del Llibre del Z\u00f3calo de M\u00e8xic y l\u2019Ateneu de Barcelona, entre altres)<\/div><\/div><\/div><\/div><\/div><\/div>\n\t\t<div class=\"sep-text single centered\">\n\t\t\t\t\t\t\t<span class=\"sep-text-before\"><div class=\"sep-text-line\"><\/div><\/span>\n\t\t\t\t\t\t<div class=\"content\">\n\t\t\t\t<h2 class=\"text-divider-double\">\nEsdeveniments amb l&#8217;autor<br \/>\n<\/h2>\t\t\t<\/div>\n\t\t\t<span class=\"sep-text-after\"><div class=\"sep-text-line\"><\/div><\/span>\n\t\t\t\t\t<\/div>\n\t\n<div class=\"row \"><div class=\"wpv-grid grid-1-1  wpv-first-level first extended no-extended-padding\" style=\"padding-top:0px;padding-bottom:0px\" id=\"wpv-column-07832a184d6d650c950d5f015c08f192\" ><div class=\"extended-column-inner\"><div class=\"row \"><div class=\"wpv-grid grid-1-3  first has-background unextended animation-fade-in animated-active\" style=\"\n\t\t\t\tbackground: url('https:\/\/www.entelequiacultura.com\/wp-content\/uploads\/2018\/02\/entelequia-05-copia-e1514405693489.jpg') no-repeat center top;\n\t\t\t\tbackground-size: cover;\n\t\t\t\tbackground-attachment: ;\n\t\t\tbackground-color:#1512f9;padding-top:0px;padding-bottom:20px\" id=\"wpv-column-fca8cb30ed89b5601626d24dbc852e21\" ><style>#wpv-column-fca8cb30ed89b5601626d24dbc852e21 p,#wpv-column-fca8cb30ed89b5601626d24dbc852e21 em,#wpv-column-fca8cb30ed89b5601626d24dbc852e21 .column-title,#wpv-column-fca8cb30ed89b5601626d24dbc852e21 .sep-text h2.regular-title-wrapper,#wpv-column-fca8cb30ed89b5601626d24dbc852e21 .text-divider-double,#wpv-column-fca8cb30ed89b5601626d24dbc852e21 .sep-text .sep-text-line,#wpv-column-fca8cb30ed89b5601626d24dbc852e21 .sep,#wpv-column-fca8cb30ed89b5601626d24dbc852e21 .sep-2,#wpv-column-fca8cb30ed89b5601626d24dbc852e21 .sep-3{color:#fff;}#wpv-column-fca8cb30ed89b5601626d24dbc852e21:before{background-color:transparent;}<\/style><div class=\"row \"><div class=\"wpv-grid grid-1-1  first unextended animation-zoom-in animated-active\" style=\"padding-top:0px;padding-bottom:0px\" id=\"wpv-column-32f64e43b5a783f6e8a3af5e3bcb2a5d\" ><div class=\"push\" style='height:40px'><\/div>\n<h1 style=\"text-align: center; color: #ffffff;\"><span style=\"color: #ffffff;\">El que \u00e9s bo, si breu&#8230;<\/span><\/h1>\n<p style=\"text-align: center; color: #ffffff;\"><div class=\"push\" style='height:40px'><\/div>\n<p style=\"text-align: center; color: #ffffff;\"><p class=\"textcenter\"><a href=\"https:\/\/www.entelequiacultura.com\/ca\/esdeveniment\/cursomicrorrelato\/\" target=\"_self\" style='font-size: 18px;' class=\"button vamtam-button accent8  button-border hover-accent1 \"><span class=\"btext\">VEURE<\/span><\/a><\/p><\/div><\/div>\n<div class=\"row \"><div class=\"wpv-grid grid-1-1  first unextended\" style=\"padding-top:0px;padding-bottom:0px\" id=\"wpv-column-dabc82b60d0c6ddde8c9e085182e4d6d\" ><p style=\"text-align: left;\">Curs presencial<br \/>\n11 decembre 2021<\/div><\/div><\/div><\/div><\/div><\/div><\/div>\n<div class=\"push\" style='height:10px'><\/div>\n","protected":false},"excerpt":{"rendered":"<p>GIN\u00c9S S. CUTILLAS \u00e9s enginyer inform\u00e0tic per la Universitat Polit\u00e8cnica de Val\u00e8ncia i llicenciat en Documentaci\u00f3 per la Universitat de Granada Autor de\u00a0La biblioteca de la vida\u00a0(Fundaci\u00f3n Drac, 2007),\u00a0Un koala&#8230;<\/p>\n","protected":false},"author":1,"featured_media":0,"parent":0,"menu_order":0,"comment_status":"closed","ping_status":"closed","template":"","meta":{"_price":"","_stock":"","_tribe_ticket_header":"","_tribe_default_ticket_provider":"","_tribe_ticket_capacity":"0","_ticket_start_date":"","_ticket_end_date":"","_tribe_ticket_show_description":"","_tribe_ticket_show_not_going":false,"_tribe_ticket_use_global_stock":"","_tribe_ticket_global_stock_level":"","_global_stock_mode":"","_global_stock_cap":"","_tribe_rsvp_for_event":"","_tribe_ticket_going_count":"","_tribe_ticket_not_going_count":"","_tribe_tickets_list":"[]","_tribe_ticket_has_attendee_info_fields":false,"footnotes":"","_tec_slr_enabled":"","_tec_slr_layout":""},"class_list":["post-31060","page","type-page","status-publish","hentry"],"aioseo_notices":[],"ticketed":false,"_links":{"self":[{"href":"https:\/\/www.entelequiacultura.com\/ca\/wp-json\/wp\/v2\/pages\/31060","targetHints":{"allow":["GET"]}}],"collection":[{"href":"https:\/\/www.entelequiacultura.com\/ca\/wp-json\/wp\/v2\/pages"}],"about":[{"href":"https:\/\/www.entelequiacultura.com\/ca\/wp-json\/wp\/v2\/types\/page"}],"author":[{"embeddable":true,"href":"https:\/\/www.entelequiacultura.com\/ca\/wp-json\/wp\/v2\/users\/1"}],"replies":[{"embeddable":true,"href":"https:\/\/www.entelequiacultura.com\/ca\/wp-json\/wp\/v2\/comments?post=31060"}],"version-history":[{"count":0,"href":"https:\/\/www.entelequiacultura.com\/ca\/wp-json\/wp\/v2\/pages\/31060\/revisions"}],"wp:attachment":[{"href":"https:\/\/www.entelequiacultura.com\/ca\/wp-json\/wp\/v2\/media?parent=31060"}],"curies":[{"name":"wp","href":"https:\/\/api.w.org\/{rel}","templated":true}]}}