{"id":29766,"date":"2018-11-19T16:09:34","date_gmt":"2018-11-19T15:09:34","guid":{"rendered":"https:\/\/www.entelequiacultura.com\/?page_id=29766"},"modified":"2025-02-27T09:24:49","modified_gmt":"2025-02-27T08:24:49","slug":"jesus-aguado","status":"publish","type":"page","link":"https:\/\/www.entelequiacultura.com\/ca\/jesus-aguado\/","title":{"rendered":"Jes\u00fas Aguado"},"content":{"rendered":"<div class=\"row \"><div class=\"wpv-grid grid-1-1  wpv-first-level first unextended\" style=\"padding-top:0px;padding-bottom:0px\" id=\"wpv-column-c0750cd4a66210fcd9ea1926b5390682\" ><div class=\"row \"><div class=\"wpv-grid grid-1-2  first unextended\" style=\"padding-top:0px;padding-bottom:0px\" id=\"wpv-column-df3b356d8bb73b9e7d556c442583d670\" ><div class=\"row \"><div class=\"wpv-grid grid-1-1  first unextended\" style=\"padding-top:0px;padding-bottom:0px\" id=\"wpv-column-5f26fc04b489b1c569c0ee4e9669164c\" ><p><div id=\"attachment_29729\" style=\"width: 1034px\" class=\"wp-caption alignnone\"><img loading=\"lazy\" decoding=\"async\" aria-describedby=\"caption-attachment-29729\" class=\"wp-image-29729 size-large\" src=\"https:\/\/www.entelequiacultura.com\/wp-content\/uploads\/2018\/11\/2607q-1-e1542616001330-1024x1024.jpg\" alt=\"\" width=\"1024\" height=\"1024\" \/><p id=\"caption-attachment-29729\" class=\"wp-caption-text\">\u00a9 Ima Garmendia<\/p><\/div><\/div><\/div><\/div>\n<div class=\"wpv-grid grid-1-2  unextended\" style=\"padding-top:0px;padding-bottom:0px\" id=\"wpv-column-4045859bc5e6dd384eb0fdc97f551956\" ><div class=\"row \"><div class=\"wpv-grid grid-1-1  first unextended\" style=\"padding-top:0px;padding-bottom:0px\" id=\"wpv-column-f9f0993771e92c6eb8c7e50daf1f3913\" ><p>JES\u00daS AGUADO (Madrid, 1961) \u00e9s poeta, traductor i ant\u00f2leg. Ha viscut a Sevilla, M\u00e1laga, Benar\u00e9s (\u00cdndia) i actualment viu a Barcelona.<\/p>\n<p>El seus \u00faltims llibres s\u00f3n\u00a0<em>El fugitivo. Poes\u00eda reunida: 1984-2010<\/em> (Vaso Roto, 2011), <em>La insomne. Antolog\u00eda esencial<\/em> (FCE, 2013),\u00a0<em>Sue\u00f1os para Ada<\/em> (Hiperi\u00f3n, 2014),\u00a0<em>La luna se mueve sola<\/em> (Isla de Siltol\u00e1, 2015),\u00a0<em>Carta al padre<\/em> (Vandalia, 2016),\u00a0<em>Fugitivos. Antolog\u00eda de poes\u00eda espa\u00f1ola contempor\u00e1nea<\/em> (FCE, 2016),\u00a0T<em>erigatha. Poemas budistas de mujeres sabias<\/em> (Kair\u00f3s, 2016),\u00a0<em>\u00bfEn qu\u00e9 estabas pensando? Poes\u00eda devocional de la India, siglos V-XIX<\/em> (FCE, 2017),\u00a0<em>Diccionario de s\u00edmbolos<\/em> (Editora Regional de Extremadura, 2017),\u00a0<em>Paseo<\/em> (Luces de g\u00e1libo, 2017),\u00a0<em>Benar\u00e9s, India<\/em> (Editorial Pre-textos, 2018), <em>Dice Kabir y otros poemas<\/em> (Pre-textos, 2019), <em>Completamente siendo<\/em> (Luces de g\u00e1libo, 2020), <em>Heridas que se curan solas. Aforismos sobre la poes\u00eda<\/em> (Libros de la resistencia, 2020), <em>Todos los amores imposibles<\/em> (Vagamundos, 2022), <em>Los 108 nombres de Dios<\/em> (Ol\u00e9, 2022) i <em>Aqu\u00ed se arregla la sed. Soleares<\/em> (Luces de g\u00e1libo, 2023).<\/p>\n<p>Ha estat guardonat amb el Premi Hiperi\u00f3n de Poes\u00eda (1990), el XXIII Premio de Poes\u00eda Manuel Alc\u00e1ntara (2015) i el\u00a0XXXII Premio de Poes\u00eda Antonio Oliver Belm\u00e1s (2018).<\/div><\/div><\/div><\/div><\/div><\/div>\n\t\t<div class=\"sep-text single centered\">\n\t\t\t\t\t\t\t<span class=\"sep-text-before\"><div class=\"sep-text-line\"><\/div><\/span>\n\t\t\t\t\t\t<div class=\"content\">\n\t\t\t\t<h2 class=\"text-divider-double\">\nEsdeveniments amb l&#8217;autor<\/h2>\t\t\t<\/div>\n\t\t\t<span class=\"sep-text-after\"><div class=\"sep-text-line\"><\/div><\/span>\n\t\t\t\t\t<\/div>\n\t\n<div class=\"row \"><div class=\"wpv-grid grid-1-1  wpv-first-level first extended no-extended-padding\" style=\"padding-top:0px;padding-bottom:0px\" id=\"wpv-column-df93e668cc20af342796a7da851d2ddc\" ><div class=\"extended-column-inner\"><div class=\"row \"><div class=\"wpv-grid grid-1-3  first has-background unextended animation-fade-in animated-active\" style=\"\n\t\t\t\tbackground: url('https:\/\/www.entelequiacultura.com\/wp-content\/uploads\/2025\/02\/IMG_1351.jpg') no-repeat center top;\n\t\t\t\tbackground-size: cover;\n\t\t\t\tbackground-attachment: ;\n\t\t\tbackground-color:#1512f9;padding-top:0px;padding-bottom:20px\" id=\"wpv-column-64f74441267d2ba3283466edabe0bddd\" ><style>#wpv-column-64f74441267d2ba3283466edabe0bddd p,#wpv-column-64f74441267d2ba3283466edabe0bddd em,#wpv-column-64f74441267d2ba3283466edabe0bddd .column-title,#wpv-column-64f74441267d2ba3283466edabe0bddd .sep-text h2.regular-title-wrapper,#wpv-column-64f74441267d2ba3283466edabe0bddd .text-divider-double,#wpv-column-64f74441267d2ba3283466edabe0bddd .sep-text .sep-text-line,#wpv-column-64f74441267d2ba3283466edabe0bddd .sep,#wpv-column-64f74441267d2ba3283466edabe0bddd .sep-2,#wpv-column-64f74441267d2ba3283466edabe0bddd .sep-3{color:#fff;}#wpv-column-64f74441267d2ba3283466edabe0bddd:before{background-color:transparent;}<\/style><div class=\"row \"><div class=\"wpv-grid grid-1-1  first unextended animation-zoom-in animated-active\" style=\"padding-top:0px;padding-bottom:0px\" id=\"wpv-column-6953eb4a6df713c9a72cf9e34dc520de\" ><div class=\"push\" style='height:40px'><\/div>\n<h1 style=\"text-align: center; color: #ffffff;\"><span style=\"color: #ffffff;\">Escriure amb Chantal Maillard<\/span><\/h1>\n<p style=\"text-align: center; color: #ffffff;\"><div class=\"push\" style='height:40px'><\/div>\n<p style=\"text-align: center; color: #ffffff;\"><p class=\"textcenter\"><a href=\"https:\/\/www.entelequiacultura.com\/ca\/esdeveniment\/retir-jesus-aguado-2025\/\" target=\"_self\" style='font-size: 18px;' class=\"button vamtam-button accent8  button-border hover-accent1 \"><span class=\"btext\">VEURE<\/span><\/a><\/p><\/div><\/div>\n<div class=\"row \"><div class=\"wpv-grid grid-1-1  first unextended\" style=\"padding-top:0px;padding-bottom:0px\" id=\"wpv-column-7d35b63a354def2e266eaf315ff898fc\" ><p style=\"text-align: left;\">Retir Literari<br \/>\nHotel La Sala de Cam\u00f3s (Cam\u00f3s, Girona)<br \/>\n27, 28 i 29 juny 2025<\/div><\/div><\/div>\n<div class=\"wpv-grid grid-1-3  has-background unextended animation-fade-in animated-active\" style=\"\n\t\t\t\tbackground: url('https:\/\/www.entelequiacultura.com\/wp-content\/uploads\/2024\/07\/retiro-jesus-aguado-entelequia-cultura.jpg') no-repeat center top;\n\t\t\t\tbackground-size: cover;\n\t\t\t\tbackground-attachment: ;\n\t\t\tbackground-color:#1512f9;padding-top:0px;padding-bottom:20px\" id=\"wpv-column-789b0a42b232675859a0d6c501efd8c7\" ><style>#wpv-column-789b0a42b232675859a0d6c501efd8c7 p,#wpv-column-789b0a42b232675859a0d6c501efd8c7 em,#wpv-column-789b0a42b232675859a0d6c501efd8c7 .column-title,#wpv-column-789b0a42b232675859a0d6c501efd8c7 .sep-text h2.regular-title-wrapper,#wpv-column-789b0a42b232675859a0d6c501efd8c7 .text-divider-double,#wpv-column-789b0a42b232675859a0d6c501efd8c7 .sep-text .sep-text-line,#wpv-column-789b0a42b232675859a0d6c501efd8c7 .sep,#wpv-column-789b0a42b232675859a0d6c501efd8c7 .sep-2,#wpv-column-789b0a42b232675859a0d6c501efd8c7 .sep-3{color:#fff;}#wpv-column-789b0a42b232675859a0d6c501efd8c7:before{background-color:transparent;}<\/style><div class=\"row \"><div class=\"wpv-grid grid-1-1  first unextended animation-zoom-in animated-active\" style=\"padding-top:0px;padding-bottom:0px\" id=\"wpv-column-524ef7b0983a17bacee41ddeb0f3cb50\" ><div class=\"push\" style='height:40px'><\/div>\n<h1 style=\"text-align: center; color: #ffffff;\"><span style=\"color: #ffffff;\">Paisatges de l&#8217;\u00e0nima. Poesia i emocions<\/span><\/h1>\n<p style=\"text-align: center; color: #ffffff;\"><div class=\"push\" style='height:40px'><\/div>\n<p style=\"text-align: center; color: #ffffff;\"><p class=\"textcenter\"><a href=\"https:\/\/www.entelequiacultura.com\/ca\/esdeveniment\/retir-jesus-aguado\/\" target=\"_self\" style='font-size: 18px;' class=\"button vamtam-button accent8  button-border hover-accent1 \"><span class=\"btext\">VEURE<\/span><\/a><\/p><\/div><\/div>\n<div class=\"row \"><div class=\"wpv-grid grid-1-1  first unextended\" style=\"padding-top:0px;padding-bottom:0px\" id=\"wpv-column-8df21356dafab4b1502eea40f0f2a51e\" ><p style=\"text-align: left;\">Retir Literari<br \/>\nHotel La Sala de Cam\u00f3s (Cam\u00f3s, Girona)<br \/>\n15, 16 i 17 novembre 2024<\/div><\/div><\/div>\n<div class=\"wpv-grid grid-1-3  has-background unextended animation-fade-in animated-active\" style=\"\n\t\t\t\tbackground: url('https:\/\/www.entelequiacultura.com\/wp-content\/uploads\/2022\/09\/poesia-erotica-india.jpeg') no-repeat center top;\n\t\t\t\tbackground-size: cover;\n\t\t\t\tbackground-attachment: ;\n\t\t\tbackground-color:#1512f9;padding-top:0px;padding-bottom:20px\" id=\"wpv-column-7d593111b3a6bf748e8484e254b4f889\" ><style>#wpv-column-7d593111b3a6bf748e8484e254b4f889 p,#wpv-column-7d593111b3a6bf748e8484e254b4f889 em,#wpv-column-7d593111b3a6bf748e8484e254b4f889 .column-title,#wpv-column-7d593111b3a6bf748e8484e254b4f889 .sep-text h2.regular-title-wrapper,#wpv-column-7d593111b3a6bf748e8484e254b4f889 .text-divider-double,#wpv-column-7d593111b3a6bf748e8484e254b4f889 .sep-text .sep-text-line,#wpv-column-7d593111b3a6bf748e8484e254b4f889 .sep,#wpv-column-7d593111b3a6bf748e8484e254b4f889 .sep-2,#wpv-column-7d593111b3a6bf748e8484e254b4f889 .sep-3{color:#fff;}#wpv-column-7d593111b3a6bf748e8484e254b4f889:before{background-color:transparent;}<\/style><div class=\"row \"><div class=\"wpv-grid grid-1-1  first unextended animation-zoom-in animated-active\" style=\"padding-top:0px;padding-bottom:0px\" id=\"wpv-column-319f0fae00d14026d4afdb46e6985e42\" ><div class=\"push\" style='height:40px'><\/div>\n<h1 style=\"text-align: center; color: #ffffff;\"><span style=\"color: #ffffff;\">El cos diu (un taller de poesia er\u00f2tica)<\/span><\/h1>\n<p style=\"text-align: center; color: #ffffff;\"><div class=\"push\" style='height:40px'><\/div>\n<p style=\"text-align: center; color: #ffffff;\"><p class=\"textcenter\"><a href=\"https:\/\/www.entelequiacultura.com\/ca\/esdeveniment\/poesiaerotica\/\" target=\"_self\" style='font-size: 18px;' class=\"button vamtam-button accent8  button-border hover-accent1 \"><span class=\"btext\">VEURE<\/span><\/a><\/p><\/div><\/div>\n<div class=\"row \"><div class=\"wpv-grid grid-1-1  first unextended\" style=\"padding-top:0px;padding-bottom:0px\" id=\"wpv-column-f874799c26b324391b33a99ac262158e\" ><p style=\"text-align: left;\">Jornada Liter\u00e0ria<br \/>\n29 octubre 2022<br \/>\nBarcelona<\/div><\/div><\/div><\/div>\n<div class=\"row \"><div class=\"wpv-grid grid-1-3  first has-background unextended animation-fade-in animated-active\" style=\"\n\t\t\t\tbackground: url('https:\/\/www.entelequiacultura.com\/wp-content\/uploads\/2021\/05\/20210508_125053-scaled.jpg') no-repeat center top;\n\t\t\t\tbackground-size: cover;\n\t\t\t\tbackground-attachment: ;\n\t\t\tbackground-color:#1512f9;padding-top:0px;padding-bottom:20px\" id=\"wpv-column-25d4d81453b15af14e2e437c781bc17c\" ><style>#wpv-column-25d4d81453b15af14e2e437c781bc17c p,#wpv-column-25d4d81453b15af14e2e437c781bc17c em,#wpv-column-25d4d81453b15af14e2e437c781bc17c .column-title,#wpv-column-25d4d81453b15af14e2e437c781bc17c .sep-text h2.regular-title-wrapper,#wpv-column-25d4d81453b15af14e2e437c781bc17c .text-divider-double,#wpv-column-25d4d81453b15af14e2e437c781bc17c .sep-text .sep-text-line,#wpv-column-25d4d81453b15af14e2e437c781bc17c .sep,#wpv-column-25d4d81453b15af14e2e437c781bc17c .sep-2,#wpv-column-25d4d81453b15af14e2e437c781bc17c .sep-3{color:#fff;}#wpv-column-25d4d81453b15af14e2e437c781bc17c:before{background-color:transparent;}<\/style><div class=\"row \"><div class=\"wpv-grid grid-1-1  first unextended animation-zoom-in animated-active\" style=\"padding-top:0px;padding-bottom:0px\" id=\"wpv-column-9c55f6e214c66e62b5ccc587438b1f8b\" ><div class=\"push\" style='height:40px'><\/div>\n<h1 style=\"text-align: center; color: #ffffff;\"><span style=\"color: #ffffff;\">El llenguatge secret de la poesia<\/span><\/h1>\n<p style=\"text-align: center; color: #ffffff;\"><div class=\"push\" style='height:40px'><\/div>\n<p style=\"text-align: center; color: #ffffff;\"><p class=\"textcenter\"><a href=\"https:\/\/www.entelequiacultura.com\/ca\/esdeveniment\/retirjesusaguado\/\" target=\"_self\" style='font-size: 18px;' class=\"button vamtam-button accent8  button-border hover-accent1 \"><span class=\"btext\">VEURE<\/span><\/a><\/p><\/div><\/div>\n<div class=\"row \"><div class=\"wpv-grid grid-1-1  first unextended\" style=\"padding-top:0px;padding-bottom:0px\" id=\"wpv-column-26f9ac085bbf6a4034f6a80a66992597\" ><p style=\"text-align: left;\">Retir Literari<br \/>\n27, 28 i 29 de maig 2022<br \/>\nCan Sagnari (Pla de l&#8217;Estany, Girona)<\/div><\/div><\/div><\/div><\/div><\/div><\/div>\n<div class=\"push\" style='height:10px'><\/div>\n","protected":false},"excerpt":{"rendered":"<p>JES\u00daS AGUADO (Madrid, 1961) \u00e9s poeta, traductor i ant\u00f2leg. Ha viscut a Sevilla, M\u00e1laga, Benar\u00e9s (\u00cdndia) i actualment viu a Barcelona. El seus \u00faltims llibres s\u00f3n\u00a0El fugitivo. Poes\u00eda reunida: 1984-2010&#8230;<\/p>\n","protected":false},"author":1,"featured_media":29730,"parent":0,"menu_order":0,"comment_status":"closed","ping_status":"closed","template":"","meta":{"_price":"","_stock":"","_tribe_ticket_header":"","_tribe_default_ticket_provider":"","_tribe_ticket_capacity":"0","_ticket_start_date":"","_ticket_end_date":"","_tribe_ticket_show_description":"","_tribe_ticket_show_not_going":false,"_tribe_ticket_use_global_stock":"","_tribe_ticket_global_stock_level":"","_global_stock_mode":"","_global_stock_cap":"","_tribe_rsvp_for_event":"","_tribe_ticket_going_count":"","_tribe_ticket_not_going_count":"","_tribe_tickets_list":"[]","_tribe_ticket_has_attendee_info_fields":false,"footnotes":"","_tec_slr_enabled":"","_tec_slr_layout":""},"class_list":["post-29766","page","type-page","status-publish","has-post-thumbnail","hentry"],"aioseo_notices":[],"ticketed":false,"_links":{"self":[{"href":"https:\/\/www.entelequiacultura.com\/ca\/wp-json\/wp\/v2\/pages\/29766","targetHints":{"allow":["GET"]}}],"collection":[{"href":"https:\/\/www.entelequiacultura.com\/ca\/wp-json\/wp\/v2\/pages"}],"about":[{"href":"https:\/\/www.entelequiacultura.com\/ca\/wp-json\/wp\/v2\/types\/page"}],"author":[{"embeddable":true,"href":"https:\/\/www.entelequiacultura.com\/ca\/wp-json\/wp\/v2\/users\/1"}],"replies":[{"embeddable":true,"href":"https:\/\/www.entelequiacultura.com\/ca\/wp-json\/wp\/v2\/comments?post=29766"}],"version-history":[{"count":0,"href":"https:\/\/www.entelequiacultura.com\/ca\/wp-json\/wp\/v2\/pages\/29766\/revisions"}],"wp:featuredmedia":[{"embeddable":true,"href":"https:\/\/www.entelequiacultura.com\/ca\/wp-json\/wp\/v2\/media\/29730"}],"wp:attachment":[{"href":"https:\/\/www.entelequiacultura.com\/ca\/wp-json\/wp\/v2\/media?parent=29766"}],"curies":[{"name":"wp","href":"https:\/\/api.w.org\/{rel}","templated":true}]}}