{"id":28340,"date":"2018-05-23T15:30:06","date_gmt":"2018-05-23T14:30:06","guid":{"rendered":"https:\/\/www.entelequiacultura.com\/?page_id=28340"},"modified":"2018-12-11T16:51:42","modified_gmt":"2018-12-11T15:51:42","slug":"politica-de-privacidad","status":"publish","type":"page","link":"https:\/\/www.entelequiacultura.com\/ca\/politica-de-privacidad\/","title":{"rendered":"Pol\u00edtica de privacitat"},"content":{"rendered":"<div class=\"row \"><div class=\"wpv-grid grid-1-1  wpv-first-level first unextended\" style=\"padding-top:0px;padding-bottom:0px\" id=\"wpv-column-ed4b481c5b1674daf818b2973fcc2e6b\" ><p>En compliment del Cap\u00edtol II de la llei 34\/2002, LSSICE, els informem que la present p\u00e0gina web \u00e9s propietat de RITA RODR\u00cdGUEZ L\u00d3PEZ, d&#8217;ara en endavant tamb\u00e9 el prestador, domiciliada al carrer Dante Alighieri, 2, 2\u00ba 2\u00aa Esc. B, 08032 Barcelona, \u200b\u200bamb CIF 33917091A , tel\u00e8fon de contacte: 666001652, i e-mail: hola@entelequiacultura.com.<\/p>\n<p>RITA RODR\u00cdGUEZ L\u00d3PEZ, com a responsable d&#8217;aquest lloc web i en conformitat amb el que disposa la normativa vigent en mat\u00e8ria de protecci\u00f3 de dades personals, el Reglament (UE) 2016\/679 de 27 d&#8217;abril de 2016 (RGPD) relatiu a la protecci\u00f3 de les persones f\u00edsiques pel que fa al tractament de dades personals ia la lliure circulaci\u00f3 d&#8217;aquestes dades, la Llei Org\u00e0nica 15\/1999, de 13 de desembre, de protecci\u00f3 de dades de car\u00e0cter personal (LOPD) i per la Llei 34\/2002, d&#8217;11 de juliol, de Serveis de la Societat de la Informaci\u00f3 i del Comer\u00e7 Electr\u00f2nic (LSSICE), t\u00e9 implementades totes les mesures de seguretat, d&#8217;\u00edndole t\u00e8cnica i organitzatives, establertes al Reial decret 1720\/2007 de 21 de desembre, (que desenvolupa la LOPD) per garantir i protegir la confidencialitat, integritat i disponibilitat de les dades introdu\u00efdes.<\/p>\n<p>A l&#8217;efecte del que preveu la LOPD, RITA RODR\u00cdGUEZ L\u00d3PEZ l&#8217;informa que les dades que volunt\u00e0riament ens est\u00e0 facilitant seran incorporades en els nostres sistemes d&#8217;informaci\u00f3 per tal de realitzar les gestions comercials i administratives necess\u00e0ries amb els usuaris del web. Les operacions previstes per a realitzar els tractaments s\u00f3n els seg\u00fcents:<\/p>\n<p>a) respondre a les consultes i \/ o proporcionar informacions requerides per l&#8217;Usuari<\/p>\n<p>b) realitzar les prestacions de serveis i \/ o productes contractats o subscrits per l&#8217;Usuari<\/p>\n<p>c) remetre el butllet\u00ed de not\u00edcies de la p\u00e0gina web.<\/p>\n<p>El signant garanteix la veracitat de les dades aportades i es compromet a comunicar qualsevol canvi que es produeixi en els mateixos.<\/p>\n<p>El prestador, mitjan\u00e7ant asterisc (*) en les caselles corresponents dels diferents formularis, l&#8217;informa d&#8217;aquesta obligatorietat a l&#8217;Usuari, indicant quines dades s\u00f3n necessaris. Mitjan\u00e7ant la indicaci\u00f3 i introducci\u00f3 de les dades, l&#8217;Usuari atorga el consentiment inequ\u00edvoc a Rita RODR\u00cdGUEZ L\u00d3PEZ perqu\u00e8 procedeixi al tractament de les dades facilitades en pro de les finalitats esmentades. El no facilitar les dades personals sol\u00b7licitades o el no acceptar la present pol\u00edtica de protecci\u00f3 de dades suposa la impossibilitat de subscriure, registrar o rebre informaci\u00f3 dels productes i serveis del prestador.<\/p>\n<p>En conformitat amb el que disposen les normatives vigents en protecci\u00f3 de dades personals, el prestador est\u00e0 complint amb totes les disposicions de les normatives RGPD i LOPD per al tractament de les dades personals de la seva responsabilitat, i manifestament amb els principis descrits a l&#8217;art. 5 de l&#8217;RGPD i l&#8217;art. 4 de la LOPD, pels quals s\u00f3n tractats de manera l\u00edcita, lleial i transparent en relaci\u00f3 amb l&#8217;interessat i adequades, pertinents i limitats al que \u00e9s necessari en relaci\u00f3 amb els fins per als quals s\u00f3n tractats. El RESPONSABLE garanteix que ha implementat pol\u00edtiques t\u00e8cniques i organitzatives apropiades per aplicar les mesures de seguretat que estableixen el RGPD i la LOPD per protegir els drets i llibertats dels Usuaris.<\/p>\n<p>D&#8217;acord amb aquestes normatives, doncs, l&#8217;informem que t\u00e9 dret a sol\u00b7licitar l&#8217;acc\u00e9s, rectificaci\u00f3, portabilitat i supressi\u00f3 de les seves dades i la limitaci\u00f3 i oposici\u00f3 al seu tractament dirigint-se a Hedilla, 81 08031, Barcelona, \u200b\u200benviant un correu electr\u00f2nic a hola @ entelequiacultura.com, indicant com Assumpte: &#8220;LOPD, Drets ARCO&#8221;, i adjuntant fotoc\u00f2pia del seu DNI o qualsevol mitj\u00e0 an\u00e0leg en dret, tal com indica la llei. T\u00e9 dret a retirar el consentiment donat en qualsevol moment. La retirada del consentiment no afectar\u00e0 la licitud del tractament efectuat abans de la retirada del consentiment. Tamb\u00e9 t\u00e9 dret a presentar una reclamaci\u00f3 davant l&#8217;autoritat de control si considera que poden haver-se vist vulnerats els seus drets en relaci\u00f3 a la protecci\u00f3 de les seves dades (agpd.es).<\/p>\n<p>Les dades que ens faciliti es tractaran de forma confidencial. El prestador ha adoptat totes les mesures t\u00e8cniques i organitzatives i tots els nivells de protecci\u00f3 necessaris per a garantir la seguretat en el tractament de les dades i evitar la seva alteraci\u00f3, p\u00e8rdua, robatori, tractament o acc\u00e9s no autoritzat, d&#8217;acord l&#8217;estat de la tecnologia i naturalesa de les dades emmagatzemades. Aix\u00ed mateix, es garanteix tamb\u00e9 que el tractament i registre en fitxers, programes, sistemes o equips, locals i centres compleixen amb els requisits i condicions d&#8217;integritat i seguretat establertes en la normativa vigent. La Rita RODR\u00cdGUEZ L\u00d3PEZ no cedir\u00e0 les dades personals a tercers, excepte per obligaci\u00f3 legal. No obstant aix\u00f2, en el cas de ser cedits a algun tercer es produiria una informaci\u00f3 pr\u00e8via sol\u00b7licitant el consentiment expr\u00e9s per tal cessi\u00f3. L&#8217;entitat responsable de la base de dades, aix\u00ed com els que intervinguin en qualsevol fase del tractament i \/ o les entitats a qui se&#8217;ls hagi comunicat -en tot cas sempre amb la corresponent autoritzaci\u00f3 atorgada per l&#8217;usuari-, estan obligades a observar el secret professional ia l&#8217;adopci\u00f3 dels nivells de protecci\u00f3 i les mesures t\u00e8cniques i organitzatives necess\u00e0ries al seu abast per garantir la seguretat de les dades de car\u00e0cter personal, evitant, en la mesura del possible, accessos no autoritzats, modificacions il\u00b7l\u00edcites, sostraccions i \/ o la p\u00e8rdua de les dades, a fi de procurar el corresponent nivell de seguretat dels fitxers del prestador, segons la naturalesa i sensibilitat de les dades facilitades pels usuaris d&#8217;aquest lloc web.<\/p>\n<p>L&#8217;usuari \u00e9s l&#8217;\u00fanic responsable de la veracitat i correcci\u00f3 de les dades que remeti a RITA RODR\u00cdGUEZ L\u00d3PEZ, exonerant a prestador de qualsevol responsabilitat al respecte. Els usuaris garanteixen i responen, en qualsevol cas, de l&#8217;exactitud, vig\u00e8ncia i autenticitat de les dades personals facilitades, i es comprometen a mantenir-les degudament actualitzades. L&#8217;usuari accepta proporcionar informaci\u00f3 completa i correcta en el formulari de registre o subscripci\u00f3.<\/p>\n<p>RITA RODR\u00cdGUEZ L\u00d3PEZ es reserva el dret a actualitzar, modificar o eliminar la informaci\u00f3 continguda al web, podent, fins i tot, limitar o no permetre l&#8217;acc\u00e9s a la informaci\u00f3.<\/p>\n<p>La Rita RODR\u00cdGUEZ L\u00d3PEZ no assumeix cap tipus de responsabilitat per la informaci\u00f3 continguda en les webs de tercers a les que es pugui accedir pels &#8220;links&#8221; o enlla\u00e7os des de qualsevol p\u00e0gina web propietat del prestador. La pres\u00e8ncia de &#8220;links&#8221; o enlla\u00e7os nom\u00e9s tenen finalitat informativa i en cap cas suposa cap suggeriment, invitaci\u00f3 o reconeixement sobre els mateixos.<\/p>\n<p>En el cas que l&#8217;usuari vulgui publicar la seva opini\u00f3 a la web, l&#8217;informem que les dades aportades seran tractades per atendre els suggeriments proposats, experi\u00e8ncies o opinions respecte dels productes i \/ o serveis per ser publicades a la p\u00e0gina web i aix\u00ed poder ajudar a altres usuaris. Les dades es conservaran mentre hi hagi un inter\u00e8s mutu per mantenir la fi del tractament i quan ja no sigui necessari per a tal fi, es suprimiran amb mesures de seguretat adequades per garantir la seudonimizaci\u00f3n de les dades o destrucci\u00f3 total dels mateixos. Els testimonis es publicaran a la nostra p\u00e0gina web. L&#8217;\u00fanica dada personal que es publicar\u00e0 del testimoni ser\u00e0 el seu nom.<\/p>\n<p>RITA RODR\u00cdGUEZ L\u00d3PEZ es reserva el dret a modificar la present pol\u00edtica per adaptar-la a novetats legislatives o jurisprudencials.<\/p>\n<p>D&#8217;acord amb la LSSICE, RITA RODR\u00cdGUEZ L\u00d3PEZ no realitza pr\u00e0ctiques de SPAM, per tant, no envia correus comercials per e-mail que no hagin estat pr\u00e8viament sol\u00b7licitats o autoritzats per l&#8217;Usuari. En conseq\u00fc\u00e8ncia, a cada un dels formularis de la p\u00e0gina web, l&#8217;Usuari t\u00e9 la possibilitat de donar el seu consentiment per rebre el nostre Butllet\u00ed, amb independ\u00e8ncia de la informaci\u00f3 comercial puntualment sol\u00b7licitada.<\/p>\n<p>Amb car\u00e0cter general les relacions entre RITA RODR\u00cdGUEZ L\u00d3PEZ amb els Usuaris dels seus serveis telem\u00e0tics, presents en aquesta web, estan sotmesos a la legislaci\u00f3 i jurisdicci\u00f3 espanyola a la qual se sotmeten expressament les parts, sent competents per a la resoluci\u00f3 de tots els conflictes derivats o relacionats amb el seu \u00fas els Jutjats i Tribunals de Barcelona.<\/div><\/div>\n","protected":false},"excerpt":{"rendered":"<p>En compliment del Cap\u00edtol II de la llei 34\/2002, LSSICE, els informem que la present p\u00e0gina web \u00e9s propietat de RITA RODR\u00cdGUEZ L\u00d3PEZ, d&#8217;ara en endavant tamb\u00e9 el prestador, domiciliada&#8230;<\/p>\n","protected":false},"author":1,"featured_media":0,"parent":0,"menu_order":0,"comment_status":"closed","ping_status":"closed","template":"","meta":{"_price":"","_stock":"","_tribe_ticket_header":"","_tribe_default_ticket_provider":"","_tribe_ticket_capacity":"0","_ticket_start_date":"","_ticket_end_date":"","_tribe_ticket_show_description":"","_tribe_ticket_show_not_going":false,"_tribe_ticket_use_global_stock":"","_tribe_ticket_global_stock_level":"","_global_stock_mode":"","_global_stock_cap":"","_tribe_rsvp_for_event":"","_tribe_ticket_going_count":"","_tribe_ticket_not_going_count":"","_tribe_tickets_list":"[]","_tribe_ticket_has_attendee_info_fields":false,"footnotes":"","_tec_slr_enabled":"","_tec_slr_layout":""},"class_list":["post-28340","page","type-page","status-publish","hentry"],"aioseo_notices":[],"ticketed":false,"_links":{"self":[{"href":"https:\/\/www.entelequiacultura.com\/ca\/wp-json\/wp\/v2\/pages\/28340","targetHints":{"allow":["GET"]}}],"collection":[{"href":"https:\/\/www.entelequiacultura.com\/ca\/wp-json\/wp\/v2\/pages"}],"about":[{"href":"https:\/\/www.entelequiacultura.com\/ca\/wp-json\/wp\/v2\/types\/page"}],"author":[{"embeddable":true,"href":"https:\/\/www.entelequiacultura.com\/ca\/wp-json\/wp\/v2\/users\/1"}],"replies":[{"embeddable":true,"href":"https:\/\/www.entelequiacultura.com\/ca\/wp-json\/wp\/v2\/comments?post=28340"}],"version-history":[{"count":0,"href":"https:\/\/www.entelequiacultura.com\/ca\/wp-json\/wp\/v2\/pages\/28340\/revisions"}],"wp:attachment":[{"href":"https:\/\/www.entelequiacultura.com\/ca\/wp-json\/wp\/v2\/media?parent=28340"}],"curies":[{"name":"wp","href":"https:\/\/api.w.org\/{rel}","templated":true}]}}