{"id":27127,"date":"2018-01-29T21:11:32","date_gmt":"2018-01-29T20:11:32","guid":{"rendered":"https:\/\/www.entelequiacultura.com\/?page_id=27127"},"modified":"2025-10-24T14:16:00","modified_gmt":"2025-10-24T12:16:00","slug":"termes-i-condicions-generals-de-contractacio","status":"publish","type":"page","link":"https:\/\/www.entelequiacultura.com\/ca\/termes-i-condicions-generals-de-contractacio\/","title":{"rendered":"Termes i condicions generals de contractaci\u00f3"},"content":{"rendered":"<div class=\"row \"><div class=\"wpv-grid grid-1-1  wpv-first-level first unextended\" style=\"padding-top:0px;padding-bottom:0px\" id=\"wpv-column-e70e8b6326c33833c58c32533d1a2a17\" ><\/div><\/div>\n<div class=\"row \"><div class=\"wpv-grid grid-1-1  wpv-first-level first unextended\" style=\"padding-top:0px;padding-bottom:0px\" id=\"wpv-column-9ec8a9d8b611689f3f7932c7b572aef2\" ><p><strong>Inscripcions:<\/strong> Per a inscriure&#8217;t en alguna de les nostres activitats nom\u00e9s has de clicar en el bot\u00f3 \u00abreservar\u00bb, emplenar el formulari i seguir els passos que el sistema indica. Rebr\u00e0s en el teu correu la confirmaci\u00f3 de la reserva despr\u00e9s de finalitzar el proc\u00e9s de compra i pagament.<\/p>\n<p><strong>Preus:<\/strong> Els preus s\u00f3n els indicats en aquesta web en la data en qu\u00e8 es realitza la compra i que tamb\u00e9 apareixer\u00e0 reflectic en la teva inscripci\u00f3. La formaci\u00f3 est\u00e0 exempta d&#8217;IVA segons article 20 Un 10\u00e8 de la Llei 37\/1992 de 28 de desembre de l&#8217;Impost sobre el Valor Afegit. La resta de serveis inclouen l&#8217;IVA sota el r\u00e8gim especial d&#8217;ag\u00e8ncies de viatge.<\/p>\n<p><strong>Pagament:<\/strong> El pagament es pot realitzar amb targeta de cr\u00e8dit o mitjan\u00e7ant transfer\u00e8ncia banc\u00e0ria (rebr\u00e0s el n\u00famero de compte una vegada finalitzat el proc\u00e9s de reserva). Per a altres modalitats de pagament consulta&#8217;ns.<\/p>\n<p><strong>Pagament fraccionat:<\/strong> Algunes activitats es poden pagar en dues quotes. Si optes per la modalitat de pagament fraccionat, cal abonar el dep\u00f2sit, o primera quota, en el moment en qu\u00e8 es fa la reserva. La resta es pot abonar entre els 45 i 30 dies previs a l&#8217;inici de l&#8217;activitat, segons s&#8217;indiqui en cada esdeveniment. Rebr\u00e0s un correu recordatori.<\/p>\n<p><strong>Pol\u00edtica de cancel\u00b7laci\u00f3:<\/strong><\/p>\n<p>Si alguna activitat no es pogu\u00e9s realitzar per motius de for\u00e7a major (falta d&#8217;inscripcions, malaltia dels ponents, etc.), es reintegrar\u00e0 el 100% de l&#8217;import satisfet per la inscripci\u00f3. El reintegrament s&#8217;efectuar\u00e0 pel mateix mitj\u00e0 de pagament triat en el moment de la transacci\u00f3. En cap cas Entel\u00e8quia Cultura es fa responsable de les despeses derivades per serveis que no hagin estat reservats a trav\u00e9s nostre (despla\u00e7aments, allotjament alternatiu, etc.)<\/p>\n<p><strong>Dret a devoluci\u00f3 per cancel\u00b7lacions de les persones inscrites:<\/strong><\/p>\n<ul>\n<li><strong>Seminaris i cursos d&#8217;un dia:<\/strong><\/li>\n<\/ul>\n<p style=\"padding-left: 40px;\">Et reemborsarem el 100% de l&#8217;import abonat per la inscripci\u00f3 si ens avises amb 15 dies d&#8217;antelaci\u00f3 per a poder cobrir la pla\u00e7a.<\/p>\n<ul>\n<li><strong>Retirs culturals:<\/strong><\/li>\n<\/ul>\n<p style=\"padding-left: 40px;\">Et reemborsarem el 100% de l&#8217;import abonat si ens avises amb 45 dies d&#8217;antelaci\u00f3. Si l&#8217;av\u00eds es produeix entre els 45 i 30 dies previs, et reemborsarem l&#8217;import abonat sempre que hi hagi llista d&#8217;espera i es pugui cobrir la pla\u00e7a.<\/p>\n<p style=\"padding-left: 40px;\">Posem a la teva disposici\u00f3 l&#8217;opci\u00f3 de contractar una asseguran\u00e7a de cancel\u00b7laci\u00f3 per causes majors amb l&#8217;empresa Race Seguros les cobertures dels quals s&#8217;han de consultar abans de la seva contractaci\u00f3. El preu de la asseguran\u00e7a no \u00e9s reemborsable.<\/p>\n<ul>\n<li><strong>Targetes regal:<\/strong><\/li>\n<\/ul>\n<p style=\"padding-left: 40px;\">Les targetes regal no s\u00f3n reemborsables, per\u00f2 pots cedir-la-hi a una altra persona amb pr\u00e8via autoritzaci\u00f3 per part nostra.<\/p>\n<p>En tots els casos, per a gestionar el dret a devoluci\u00f3, \u00e9s necessari comunicar-lo per escrit al correu hola@entelequiacultura.com<\/p>\n<p><strong>\u00daltima actualitzaci\u00f3: 1 d&#8217;abril 2025<\/strong><\/p>\n<p><strong>POL\u00cdTICA DE PRIVACITAT<\/strong><\/p>\n<p>En compliment del que disposa la normativa vigent en mat\u00e8ria de protecci\u00f3 de dades personals, el Reglament (UE) 2016\/679 de 27 d&#8217;abril de 2016 (RGPD), la Llei org\u00e0nica 15\/1999 de 13 de desembre (LOPD) i el Reial decret 1720\/2007 de desenvolupament de la LOPD, l&#8217;informem que les dades personals aportades en aquest formulari seran tractats per ENTEL\u00c8QUIA CULTURA. La finalitat del tractament de les dades ser\u00e0 el manteniment, desenvolupament, control i execuci\u00f3 de la relaci\u00f3 contractual que, en el marc de la prestaci\u00f3 dels serveis que s&#8217;identifiquen en la inscripci\u00f3, mantingui amb ENTEL\u00c8QUIA CULTURA.<\/p>\n<p>Aquestes dades es conservaran mentre duri la finalitat per a la qual s&#8217;han obtingut i sempre que no exerceixi cap dret dels quals l&#8217;emparen. No es comunicaran a tercers, excepte si has contractat l&#8217;asseguran\u00e7a de cancel\u00b7laci\u00f3 i en aquest cas es facilitaran a l&#8217;empresa Race Segurs perqu\u00e8 puguin gestionar-lo, o per obligaci\u00f3 legal, ni tampoc es realitzar\u00e0 cap transfer\u00e8ncia internacional de dades sense el seu consentiment previ. Una vegada les seves dades ja no siguin necessaris, se suprimiran amb les mesures de seguretat adequades.<\/p>\n<p>Aix\u00ed mateix, l&#8217;informem que t\u00e9 dret a sol\u00b7licitar l&#8217;acc\u00e9s, rectificaci\u00f3, portabilitat i supressi\u00f3 de les seves dades i la limitaci\u00f3 i oposici\u00f3 al seu tractament dirigint-se a ENTEL\u00c8QUIA CULTURA , amb domicili en carrer Dante Alighieri, 2-4, 2n 2a Esc. B, 08032 Barcelona o enviant un correu electr\u00f2nic a hola@entelequiacultura.com, juntament amb una fotoc\u00f2pia del seu DNI o document an\u00e0leg en dret, indicant el tipus de dret que vol exercir. T\u00e9 igualment dret a retirar el consentiment prestat en qualsevol moment. La retirada del consentiment no afectar\u00e0 la licitud del tractament efectuat abans de la retirada d&#8217;aquest. Tamb\u00e9 t\u00e9 dret a presentar una reclamaci\u00f3, si considera que el tractament de dades personals no s&#8217;ajusta a la normativa vigent, davant l&#8217;Autoritat de control (www.agpd.es).<\/div><\/div>\n","protected":false},"excerpt":{"rendered":"<p>Inscripcions: Per a inscriure&#8217;t en alguna de les nostres activitats nom\u00e9s has de clicar en el bot\u00f3 \u00abreservar\u00bb, emplenar el formulari i seguir els passos que el sistema indica. Rebr\u00e0s&#8230;<\/p>\n","protected":false},"author":1,"featured_media":0,"parent":0,"menu_order":0,"comment_status":"closed","ping_status":"closed","template":"","meta":{"_price":"","_stock":"","_tribe_ticket_header":"","_tribe_default_ticket_provider":"","_tribe_ticket_capacity":"0","_ticket_start_date":"","_ticket_end_date":"","_tribe_ticket_show_description":"","_tribe_ticket_show_not_going":false,"_tribe_ticket_use_global_stock":"","_tribe_ticket_global_stock_level":"","_global_stock_mode":"","_global_stock_cap":"","_tribe_rsvp_for_event":"","_tribe_ticket_going_count":"","_tribe_ticket_not_going_count":"","_tribe_tickets_list":"[]","_tribe_ticket_has_attendee_info_fields":false,"footnotes":"","_tec_slr_enabled":"","_tec_slr_layout":""},"class_list":["post-27127","page","type-page","status-publish","hentry"],"aioseo_notices":[],"ticketed":false,"_links":{"self":[{"href":"https:\/\/www.entelequiacultura.com\/ca\/wp-json\/wp\/v2\/pages\/27127","targetHints":{"allow":["GET"]}}],"collection":[{"href":"https:\/\/www.entelequiacultura.com\/ca\/wp-json\/wp\/v2\/pages"}],"about":[{"href":"https:\/\/www.entelequiacultura.com\/ca\/wp-json\/wp\/v2\/types\/page"}],"author":[{"embeddable":true,"href":"https:\/\/www.entelequiacultura.com\/ca\/wp-json\/wp\/v2\/users\/1"}],"replies":[{"embeddable":true,"href":"https:\/\/www.entelequiacultura.com\/ca\/wp-json\/wp\/v2\/comments?post=27127"}],"version-history":[{"count":8,"href":"https:\/\/www.entelequiacultura.com\/ca\/wp-json\/wp\/v2\/pages\/27127\/revisions"}],"predecessor-version":[{"id":43639,"href":"https:\/\/www.entelequiacultura.com\/ca\/wp-json\/wp\/v2\/pages\/27127\/revisions\/43639"}],"wp:attachment":[{"href":"https:\/\/www.entelequiacultura.com\/ca\/wp-json\/wp\/v2\/media?parent=27127"}],"curies":[{"name":"wp","href":"https:\/\/api.w.org\/{rel}","templated":true}]}}