{"id":27023,"date":"2018-01-29T19:06:44","date_gmt":"2018-01-29T18:06:44","guid":{"rendered":"https:\/\/www.entelequiacultura.com\/?page_id=27023"},"modified":"2025-03-13T11:53:05","modified_gmt":"2025-03-13T10:53:05","slug":"avis-legal","status":"publish","type":"page","link":"https:\/\/www.entelequiacultura.com\/ca\/avis-legal\/","title":{"rendered":"Av\u00eds legal"},"content":{"rendered":"<div class=\"row \"><div class=\"wpv-grid grid-1-1  wpv-first-level first unextended\" style=\"padding-top:0px;padding-bottom:0px\" id=\"wpv-column-8713fe66f1494a0ad34e5f9191b0a3a6\" ><\/div><\/div>\n<div class=\"row \"><div class=\"wpv-grid grid-1-1  wpv-first-level first unextended\" style=\"padding-top:0px;padding-bottom:0px\" id=\"wpv-column-58319266822a886f4a40e3b4f5e78f8d\" ><p><strong>AV\u00cdS LEGAL I CONDICIONS D&#8217;\u00daS DEL PORTAL<\/strong><\/p>\n<p>Per tal de donar compliment a l&#8217;article 10 de la Llei 34\/2002 de Serveis de la Societat de la Informaci\u00f3 i del Comer\u00e7 Electr\u00f2nic, informem als usuaris de les nostres dades:<\/p>\n<p>Denominaci\u00f3 Social: RITA RODR\u00cdGUEZ L\u00d3PEZ<br \/>\nNom Comercial: ENTELEQUIA CULTURA<br \/>\nDomicili Social: C\/ Dante Alighieri, 2, 2\u00ba 2\u00aa ESC. B, 08032 Barcelona<br \/>\nCIF: 33917091A<br \/>\nTel\u00e8fon: 666001652<br \/>\nE-Mail: hola@entelequiacultura.com<br \/>\nLloc Web: www.entelequiacultura.com<br \/>\nActivitats reglades: Formaci\u00f3 i Turisme cultural (agencia de viatges especials)<br \/>\nDeclaraci\u00f3 responsable de garanties inscrita al Registre de Turisme de Catalunya (RTC) amb codi 05VMCWTL7, d&#8217;acord amb els articles 252-10 a 252-12 de la Llei 22\/2010, de 20 de juliol, del Codi de Consum de Catalunya.<\/p>\n<p><strong>1.- OBJECTE<\/strong><\/p>\n<p>RITA RODR\u00cdGUEZ L\u00d3PEZ (des d&#8217;ara tamb\u00e9 el prestador) com responsable del lloc web, posa a disposici\u00f3 dels usuaris el present document, que regula l&#8217;\u00fas del lloc web www.entelequiacultura.com, amb el qual pretenem donar compliment a les obligacions que disposa la Llei 34\/2002, de Serveis de la Societat de la Informaci\u00f3 i del Comer\u00e7 Electr\u00f2nic (LSSICE o LSSI), aix\u00ed com informar a tots els usuaris del lloc web respecte de quines s\u00f3n les condicions d&#8217;\u00fas del lloc web.<\/p>\n<p>A trav\u00e9s del web, RITA RODR\u00cdGUEZ L\u00d3PEZ facilita als usuaris l&#8217;acc\u00e9s i utilitzaci\u00f3 de diferents serveis i continguts posats a disposici\u00f3 a trav\u00e9s del web.<\/p>\n<p>Tota persona que accedeixi a aquest web assumeix el paper d&#8217;usuari (en endavant l&#8217;usuari), i implica l&#8217;acceptaci\u00f3 total i sense reserves de totes i cadascuna de les disposicions incloses en aquest av\u00eds legal, aix\u00ed com a qualssevol altres disposicions legals que fossin d&#8217;aplicaci\u00f3.<\/p>\n<p>Com a usuaris, han de llegir atentament aquest Av\u00eds Legal en qualsevol de les ocasions que entrin al web, ja que aquesta pot patir modificacions ja que el prestador es reserva el dret a modificar qualsevol tipus d&#8217;informaci\u00f3 que pogu\u00e9s apar\u00e8ixer a la web, sense que hi hagi l&#8217;obligaci\u00f3 de pre-avisar o posar en coneixement dels usuaris aquestes obligacions, sent suficients la publicaci\u00f3 al lloc web del prestador.<\/p>\n<p><strong>2.-CONDICIONS D&#8217;ACC\u00c9S I \u00daS DEL WEB<\/strong><\/p>\n<p><strong>2.1. Car\u00e0cter gratu\u00eft de l&#8217;acc\u00e9s i \u00fas del web.<\/strong><\/p>\n<p>La prestaci\u00f3 dels serveis per part de RITA RODR\u00cdGUEZ L\u00d3PEZ t\u00e9 car\u00e0cter gratu\u00eft per a tots els usuaris. No obstant aix\u00f2, alguns dels serveis subministrats pel prestador a trav\u00e9s del web estan subjectes al pagament d&#8217;un preu determinat a les condiciones generals de contractaci\u00f3.<\/p>\n<p><strong>2.2. Registre d&#8217;Usuari.<\/strong><\/p>\n<p>Amb car\u00e0cter general la prestaci\u00f3 dels Serveis no exigeix la pr\u00e8via subscripci\u00f3 o registre dels Usuaris. Aix\u00ed i tot, RITA RODR\u00cdGUEZ L\u00d3PEZ condiciona l&#8217;\u00fas d&#8217;alguns dels serveis a la pr\u00e8via complementaci\u00f3 del corresponent registre d&#8217;Usuari. Aquest registre s&#8217;efectuar\u00e0 en la forma expressament indicada en la pr\u00f2pia secci\u00f3 del servei.<\/p>\n<p><strong>2.3. Veracitat de la informaci\u00f3.<\/strong><\/p>\n<p>Tota la informaci\u00f3 que facilita l&#8217;Usuari ha de ser vera\u00e7. A aquests efectes, l&#8217;Usuari garanteix l&#8217;autenticitat de les dades comunicades a trav\u00e9s dels formularis per a la subscripci\u00f3 dels Serveis. Ser\u00e0 responsabilitat de l&#8217;Usuari mantenir tota la informaci\u00f3 facilitada a RITA RODR\u00cdGUEZ L\u00d3PEZ permanentment actualitzada de manera que respongui, en cada moment, a la seva situaci\u00f3 real. En tot cas, l&#8217;Usuari ser\u00e0 l&#8217;\u00fanic responsable de les manifestacions falses o inexactes que realitzi i dels perjudicis que causi al prestador o a tercers.<\/p>\n<p><strong>2.4. Menors d&#8217;edat.<\/strong><\/p>\n<p>Per a l&#8217;\u00fas dels serveis, els menors d&#8217;edat han d&#8217;obtenir sempre pr\u00e8viament el consentiment dels pares, tutors o representants legals, responsables \u00faltims de tots els actes realitzats pels menors al seu c\u00e0rrec. La responsabilitat en la determinaci\u00f3 de continguts concrets als quals accedeixen els menors correspon a aquells, \u00e9s per aix\u00f2 que si accedeixen a continguts no apropiats per Internet, s&#8217;hauran d&#8217;establir en els seus ordinadors mecanismes, en particular programes inform\u00e0tics, filtres i bloquejos, que permetin limitar els continguts disponibles i, tot i que no siguin infal\u00b7libles, s\u00f3n d&#8217;especial utilitat per controlar i restringir els materials als quals poden accedir els menors.<\/p>\n<p><strong>2.5. Obligaci\u00f3 de fer un \u00fas correcte del Web.<\/strong><\/p>\n<p>L&#8217;Usuari es compromet a utilitzar la web de conformitat a la Llei i al present Av\u00eds Legal, aix\u00ed com a la moral i als bons costums. A aquest efecte, l&#8217;Usuari s&#8217;abstindr\u00e0 d&#8217;utilitzar la p\u00e0gina amb finalitats il\u00b7l\u00edcites o prohibides, lesives de drets i interessos de tercers, o que de qualsevol forma puguin danyar, inutilitzar, sobrecarregar, deteriorar o impedir la normal utilitzaci\u00f3 d&#8217;equips inform\u00e0tics o documents, arxius i tota classe de continguts emmagatzemats en qualsevol equip inform\u00e0tic del prestador.<\/p>\n<p>En particular, ia t\u00edtol indicatiu per\u00f2 no exhaustiu, l&#8217;Usuari es compromet a no transmetre, difondre o posar a disposici\u00f3 de tercers informacions, dades, continguts, missatges, gr\u00e0fics, dibuixos, arxius de so o imatge, fotografies, enregistraments, programari i, en general, qualsevol classe de material que:<\/p>\n<p>(A) sigui contr\u00e0ria, menyspre\u00ef o atempti contra els drets fonamentals i les llibertats p\u00fabliques reconegudes constitucionalment, en tractats internacionals i altres normes vigents;<\/p>\n<p>(B) indueixi, inciti o promogui actuacions delictives, denigrants, difamat\u00f2ries, violentes o, en general, contr\u00e0ries a la llei, a la moral i l&#8217;ordre p\u00fablic;<\/p>\n<p>(C) indueixi, inciti o promogui actuacions, actituds o pensaments discriminatoris per ra\u00f3 de sexe, ra\u00e7a, religi\u00f3, creences, edat o condici\u00f3;<\/p>\n<p>(D) sigui contrari al dret a l&#8217;honor, a la intimitat personal o familiar oa la pr\u00f2pia imatge de les persones;<\/p>\n<p>(E) de qualsevol manera perjudiqui la credibilitat del prestador o de tercers; i<\/p>\n<p>(F) constitueixi publicitat il\u00b7l\u00edcita, enganyosa o deslleial.<\/p>\n<p><strong>3.- EXCLUSI\u00d3 DE GARANTIES I RESPONSABILITAT<\/strong><\/p>\n<p>El prestador s&#8217;eximeix de qualsevol tipus de responsabilitat derivada de la informaci\u00f3 publicada al nostre lloc web, sempre que aquesta informaci\u00f3 hagi estat manipulada o introdu\u00efda per un tercer ali\u00e8.<\/p>\n<p>Aquest web ha estat revisada i provada perqu\u00e8 funcioni correctament. En principi, es pot garantir el correcte funcionament els 365 dies de l&#8217;any, 24 hores al dia. No obstant aix\u00f2, el prestador no descarta la possibilitat que existeixin determinats errors de programaci\u00f3, o que succeeixin causes de for\u00e7a major, cat\u00e0strofes naturals, vagues, o circumst\u00e0ncies semblants que facin impossible l&#8217;acc\u00e9s a la p\u00e0gina web.<\/p>\n<p>RITA RODR\u00cdGUEZ L\u00d3PEZ no atorga cap garantia ni es fa responsable, en cap cas, dels danys i perjudicis de qualsevol naturalesa que puguin sortir a col\u00b7laci\u00f3 de la manca de disponibilitat, manteniment i efectiu funcionament del web o dels seus serveis i continguts; de l&#8217;exist\u00e8ncia de virus, programes maliciosos o lesius en els continguts; de l&#8217;\u00fas il\u00b7l\u00edcit, negligent, fraudulent o contrari a aquest Av\u00eds Legal i condicions d&#8217;\u00fas; o de la falta de licitud, qualitat, fiabilitat, utilitat i disponibilitat dels serveis prestats per tercers i posats a disposici\u00f3 dels usuaris al lloc web.<\/p>\n<p>El prestador no es fa responsable en cap concepte dels danys que puguin dimanar de l&#8217;\u00fas il\u00b7legal o indegut de la present p\u00e0gina web.<\/p>\n<p><strong>4.- POL\u00cdTICA DE COOKIES<\/strong><\/p>\n<p>Qu\u00e8 s\u00f3n les cookies ?<\/p>\n<p>Una cookie \u00e9s un fitxer que es descarrega al seu ordinador en accedir a determinades p\u00e0gines web. Les cookies permeten a una p\u00e0gina web, entre altres coses, emmagatzemar i recuperar informaci\u00f3 sobre els h\u00e0bits de navegaci\u00f3 d&#8217;un usuari o del seu equip i, depenent de la informaci\u00f3 que continguin i de la forma en qu\u00e8 utilitzi el seu equip, es poden utilitzar per recon\u00e8ixer a l&#8217;usuari.<\/p>\n<p>Quins tipus de cookies utilitza aquesta p\u00e0gina web?<\/p>\n<p>Aquesta p\u00e0gina web no utilitza cookies pr\u00f2pies.<\/p>\n<p>Cookies de tercers:<\/p>\n<p>Aquesta web utilitza, en concret, els serveis de:<\/p>\n<p>Google Analytics<br \/>\nWordpress<\/p>\n<p>Desactivar les cookies<\/p>\n<p>Vost\u00e8 pot permetre, bloquejar o eliminar les cookies instal\u00b7lades en el seu equip mitjan\u00e7ant la configuraci\u00f3 de les opcions del navegador en el vostre ordinador.<\/p>\n<p>A continuaci\u00f3 pot accedir a la configuraci\u00f3 dels navegadors webs m\u00e9s freq\u00fcents per acceptar, instal\u00b7lar o desactivar les cookies:<\/p>\n<p><a href=\"https:\/\/support.google.com\/chrome\/answer\/95647?hl=es\" target=\"_blank\" rel=\"noopener noreferrer\">Configurar cookies en Google Chrome<\/a><br \/>\n<a href=\"https:\/\/support.microsoft.com\/es-es\/products\/windows?os=windows-10\" target=\"_blank\" rel=\"noopener noreferrer\">Configurar cookies en Microsoft Internet Explorer<\/a><br \/>\n<a href=\"https:\/\/support.mozilla.org\/es\/kb\/habilitar-y-deshabilitar-cookies-sitios-web-rastrear-preferencias?redirectlocale=es&amp;redirectslug=habilitar-y-deshabilitar-cookies-que-los-sitios-we\" target=\"_blank\" rel=\"noopener noreferrer\">Configurar cookies en Mozilla Firefox<\/a><br \/>\n<a href=\"https:\/\/support.apple.com\/es-es\/HT201265\" target=\"_blank\" rel=\"noopener noreferrer\">Configurar cookies en Safari (Apple)<\/a><\/p>\n<p>Notes sobre eliminar cookies.<\/p>\n<p>Vost\u00e8 pot eliminar i bloquejar totes les galetes d&#8217;aquest lloc, per\u00f2 part del lloc no funcionar\u00e0 o la qualitat de la p\u00e0gina web es pot veure afectada.<\/p>\n<p>Si t\u00e9 qualsevol dubte sobre la nostra pol\u00edtica de cookies, pot contactar amb aquesta p\u00e0gina web a trav\u00e9s dels nostres canals de Contacte.<\/p>\n<p><strong>5.- ENLA\u00c7OS (LINKS)<\/strong><\/p>\n<p>Des del lloc web \u00e9s possible que es redirigeixi a continguts de terceres webs. At\u00e8s que des del web no podem controlar sempre els continguts introdu\u00efts pels tercers, RITA RODR\u00cdGUEZ L\u00d3PEZ no assumeix cap tipus de responsabilitat respecte a aquests continguts. En tot cas, el prestador manifesta que procedir\u00e0 a la retirada immediata de qualsevol contingut que pogu\u00e9s contravenir la legislaci\u00f3 nacional o internacional, la moral o l&#8217;ordre p\u00fablic, procedint a la retirada immediata de la re-direcci\u00f3 a aquestes webs, posant en coneixement de les autoritats competents el contingut en q\u00fcesti\u00f3.<\/p>\n<p>El prestador no es responsabilitza de la informaci\u00f3 i continguts emmagatzemats, a t\u00edtol enunciatiu per\u00f2 no limitant, en f\u00f2rums, xats, generadors de blogs, comentaris, xarxes socials o qualsevol altre mitj\u00e0 que permeti a tercers publicar continguts de forma independent a la p\u00e0gina web del prestador. No obstant aix\u00f2 i en compliment del que disposa l&#8217;art. 11 i 16 de la LSSICE, el prestador es posa a disposici\u00f3 de tots els usuaris, autoritats i forces de seguretat, i col\u00b7laborant de forma activa en la retirada o, quan sigui necessari, el bloqueig de tots aquells continguts que puguin afectar o contravenir la legislaci\u00f3 nacional, o internacional, drets de tercers o la moral i l&#8217;ordre p\u00fablic. En cas que l&#8217;usuari consideri que pot existir algun contingut que pogu\u00e9s ser susceptible d&#8217;aquesta classificaci\u00f3, es prega ho faci saber de forma immediata a l&#8217;administrador del lloc web.<\/p>\n<p><strong>6.- PROTECCI\u00d3 DE DADES PERSONALS<\/strong><\/p>\n<p>El prestador est\u00e0 profundament comprom\u00e8s amb el compliment de la normativa de protecci\u00f3 de dades personals i garanteix el compliment \u00edntegre de les obligacions disposades, aix\u00ed com la implementaci\u00f3 de les mesures de seguretat disposades al Reglament Europeu de Protecci\u00f3 de dades i la normativa espanyola de protecci\u00f3 de dades. Per a m\u00e9s informaci\u00f3, veure la nostra <a href=\"https:\/\/www.entelequiacultura.com\/ca\/politica-de-privacidad\/\">Pol\u00edtica de Privacitat<\/a>.<\/p>\n<p><strong>7.- XARXES SOCIALS<\/strong><\/p>\n<p>L&#8217;informem que RITA RODR\u00cdGUEZ L\u00d3PEZ pot estar present en xarxes socials. El tractament de les dades que els usuaris incloguin en les mateixes [fent seguidors del prestador a les xarxes socials (i \/ o realitzant qualsevol vincle o acci\u00f3 de connexi\u00f3 a trav\u00e9s d&#8217;aquestes)] es regir\u00e0 per aquest apartat, aix\u00ed com per les condicions de \u00fas, pol\u00edtiques de privacitat i normatives d&#8217;acc\u00e9s i \u00fas de les xarxes socials en q\u00fcesti\u00f3 i acceptades pr\u00e8viament per l&#8217;usuari. La Rita RODR\u00cdGUEZ L\u00d3PEZ tractar\u00e0 les seves dades per tal d&#8217;informar-les activitats, productes o serveis del prestador a trav\u00e9s d&#8217;aquestes xarxes socials, aix\u00ed com per a qualsevol altra finalitat que les normatives de les Xarxes Socials permetin, per\u00f2 no es far\u00e0 responsable de les seves pol\u00edtiques de privacitat.<\/p>\n<p>Queda prohibida la publicaci\u00f3 de continguts:<\/p>\n<ul>\n<li>Que siguin presumptament il\u00b7l\u00edcits per la normativa nacional, comunit\u00e0ria o internacional o que realitzin activitats presumptament il\u00b7l\u00edcites o contravinguin els principis de la bona fe.<\/li>\n<li>Que atemptin contra els drets fonamentals de les persones, faltin a la cortesia a la xarxa, molestin o puguin generar opinions negatives en els nostres usuaris o tercers i en general qualssevol siguin els continguts que RITA RODR\u00cdGUEZ L\u00d3PEZ consideri no apropiats.<\/li>\n<li>I en general que contravinguin els principis de legalitat, honradesa, responsabilitat, protecci\u00f3 de la dignitat humana, protecci\u00f3 de menors, protecci\u00f3 de l&#8217;ordre p\u00fablic, la protecci\u00f3 de la vida privada, la protecci\u00f3 del consumidor i els drets de propietat intel\u00b7lectual i industrial.<\/li>\n<\/ul>\n<p>Aix\u00ed mateix, RITA RODR\u00cdGUEZ L\u00d3PEZ es reserva la potestat de retirar, sense previ av\u00eds del lloc web o de la xarxa social corporativa aquells continguts que es considerin no apropiats.<\/p>\n<p><strong>8.- PROPIETAT INTEL\u00b7LECTUAL E INDUSTRIAL<\/strong><\/p>\n<p>El lloc web, incloent a t\u00edtol enunciatiu per\u00f2 no limitatiu la programaci\u00f3, edici\u00f3, compilaci\u00f3 i altres elements necessaris per al seu funcionament, els dissenys, logotips, textos, fotografies i \/ o gr\u00e0fics s\u00f3n propietat del prestador o, en cas que fos necessari, disposa de la llic\u00e8ncia o autoritzaci\u00f3 expressa per part dels autors. Tots els continguts del lloc web es troben degudament protegits per la normativa de propietat intel\u00b7lectual i industrial.<\/p>\n<p>Independentment de la finalitat per la qual fossin destinats, la reproducci\u00f3 total o parcial, \u00fas, distribuci\u00f3 i comunicaci\u00f3 p\u00fablica requereixen de l&#8217;autoritzaci\u00f3 escrita pr\u00e8via per part del prestador. Qualsevol \u00fas no autoritzat pr\u00e8viament per part del prestador ser\u00e0 considerat un incompliment greu dels drets de propietat intel\u00b7lectual o industrial de l&#8217;autor.<\/p>\n<p>Els dissenys, logotips, textos i \/ o gr\u00e0fics aliens al prestador i que puguin apar\u00e8ixer en el lloc web, pertanyen als seus respectius propietaris, sent ells mateixos responsables de qualsevol possible controv\u00e8rsia que pogu\u00e9s esdevenir respecte als mateixos. En tot cas, el prestador compta amb l&#8217;autoritzaci\u00f3 expressa i pr\u00e8via per part dels mateixos.<\/p>\n<p>El prestador reconeix a favor dels seus titulars els corresponents drets de propietat industrial i intel\u00b7lectual, no implicant la menci\u00f3 o aparici\u00f3 en el lloc web, de l&#8217;exist\u00e8ncia de drets o cap responsabilitat del prestador sobre els mateixos, com tampoc respatller, patrocini o recomanaci\u00f3 per part del mateix.<\/p>\n<p>Per realitzar qualsevol tipus d&#8217;observaci\u00f3 respecte a possibles incompliments dels drets de propietat intel\u00b7lectual o industrial, aix\u00ed com sobre qualsevol dels continguts del lloc web, pot fer-ho a trav\u00e9s del correu electr\u00f2nic dalt ressenyat.<\/p>\n<p><strong>9.- LLEI APLICABLE I JURISDICCI\u00d3<\/strong><\/p>\n<p>Per a la resoluci\u00f3 de les controv\u00e8rsies o q\u00fcestions relacionades amb la present p\u00e0gina web o de les activitats en aquesta desenvolupades, ser\u00e0 d&#8217;aplicaci\u00f3 la legislaci\u00f3 espanyola, a la qual se sotmeten expressament les parts, sent competents per a la resoluci\u00f3 de tots els conflictes derivats o relacionats amb el seu \u00fas els Jutjats i Tribunals de Barcelona.<\/div><\/div>\n","protected":false},"excerpt":{"rendered":"<p>AV\u00cdS LEGAL I CONDICIONS D&#8217;\u00daS DEL PORTAL Per tal de donar compliment a l&#8217;article 10 de la Llei 34\/2002 de Serveis de la Societat de la Informaci\u00f3 i del Comer\u00e7&#8230;<\/p>\n","protected":false},"author":1,"featured_media":0,"parent":0,"menu_order":0,"comment_status":"closed","ping_status":"closed","template":"","meta":{"_price":"","_stock":"","_tribe_ticket_header":"","_tribe_default_ticket_provider":"","_tribe_ticket_capacity":"0","_ticket_start_date":"","_ticket_end_date":"","_tribe_ticket_show_description":"","_tribe_ticket_show_not_going":false,"_tribe_ticket_use_global_stock":"","_tribe_ticket_global_stock_level":"","_global_stock_mode":"","_global_stock_cap":"","_tribe_rsvp_for_event":"","_tribe_ticket_going_count":"","_tribe_ticket_not_going_count":"","_tribe_tickets_list":"[]","_tribe_ticket_has_attendee_info_fields":false,"footnotes":"","_tec_slr_enabled":"","_tec_slr_layout":""},"class_list":["post-27023","page","type-page","status-publish","hentry"],"aioseo_notices":[],"ticketed":false,"_links":{"self":[{"href":"https:\/\/www.entelequiacultura.com\/ca\/wp-json\/wp\/v2\/pages\/27023","targetHints":{"allow":["GET"]}}],"collection":[{"href":"https:\/\/www.entelequiacultura.com\/ca\/wp-json\/wp\/v2\/pages"}],"about":[{"href":"https:\/\/www.entelequiacultura.com\/ca\/wp-json\/wp\/v2\/types\/page"}],"author":[{"embeddable":true,"href":"https:\/\/www.entelequiacultura.com\/ca\/wp-json\/wp\/v2\/users\/1"}],"replies":[{"embeddable":true,"href":"https:\/\/www.entelequiacultura.com\/ca\/wp-json\/wp\/v2\/comments?post=27023"}],"version-history":[{"count":0,"href":"https:\/\/www.entelequiacultura.com\/ca\/wp-json\/wp\/v2\/pages\/27023\/revisions"}],"wp:attachment":[{"href":"https:\/\/www.entelequiacultura.com\/ca\/wp-json\/wp\/v2\/media?parent=27023"}],"curies":[{"name":"wp","href":"https:\/\/api.w.org\/{rel}","templated":true}]}}